{"id":18326,"date":"2018-10-17T10:40:01","date_gmt":"2018-10-17T10:40:01","guid":{"rendered":"https:\/\/www.power2max.com\/product\/medidor-de-potencia-ngeco-carretera-rotor-aldhu\/"},"modified":"2025-10-30T13:27:20","modified_gmt":"2025-10-30T13:27:20","slug":"medidor-de-potencia-ngeco-carretera-rotor-aldhu","status":"publish","type":"product","link":"https:\/\/www.power2max.com\/es\/producto\/medidor-de-potencia-ngeco-carretera-rotor-aldhu\/","title":{"rendered":"Medidor de potencia NGeco Carretera Rotor ALDHU"},"content":{"rendered":"<p>La ara\u00f1a con medidor de potencia NGeco Carretera Rotor ALDHU es el medidor de potencia para todos los usuarios que ya tienen un juego de bielas Rotor ALDHU24, ALDHU30, ALDHU carbon o VEGAST. <strong>El medidor de potencia es compatible tanto para ejes de 30 y 24mm de di\u00e1metro.<\/strong> Con las versiones 110 4-S y 110 4-SL del Powermeter, tambi\u00e9n existe la opci\u00f3n de seguir utilizando los platos de carretera Shimano existentes para mantener la comodidad del cambio. La versi\u00f3n 110 4-SL tambi\u00e9n ahorra 30g en comparaci\u00f3n con la versi\u00f3n normal 110 4-S.<\/p>\n<p><strong>Las funciones Equilibrio y Suavidad del pedal ya est\u00e1n activadas.<\/strong><\/p>\n","protected":false},"excerpt":{"rendered":"<p>La ara\u00f1a con medidor de potencia NGeco Carretera Rotor ALDHU es el medidor de potencia para todos los usuarios que [&hellip;]<\/p>\n","protected":false},"featured_media":0,"comment_status":"open","ping_status":"closed","template":"","meta":[],"product_brand":[],"product_cat":[465,485],"product_tag":[],"model":[161],"class_list":{"0":"post-18326","1":"product","2":"type-product","3":"status-publish","5":"product_cat-12-es","6":"product_cat-power-meter-es","7":"model-rotor","9":"first","10":"instock","11":"taxable","12":"shipping-taxable","13":"purchasable","14":"product-type-simple"},"acf":[],"_links":{"self":[{"href":"https:\/\/www.power2max.com\/es\/wp-json\/wp\/v2\/product\/18326","targetHints":{"allow":["GET"]}}],"collection":[{"href":"https:\/\/www.power2max.com\/es\/wp-json\/wp\/v2\/product"}],"about":[{"href":"https:\/\/www.power2max.com\/es\/wp-json\/wp\/v2\/types\/product"}],"replies":[{"embeddable":true,"href":"https:\/\/www.power2max.com\/es\/wp-json\/wp\/v2\/comments?post=18326"}],"wp:attachment":[{"href":"https:\/\/www.power2max.com\/es\/wp-json\/wp\/v2\/media?parent=18326"}],"wp:term":[{"taxonomy":"product_brand","embeddable":true,"href":"https:\/\/www.power2max.com\/es\/wp-json\/wp\/v2\/product_brand?post=18326"},{"taxonomy":"product_cat","embeddable":true,"href":"https:\/\/www.power2max.com\/es\/wp-json\/wp\/v2\/product_cat?post=18326"},{"taxonomy":"product_tag","embeddable":true,"href":"https:\/\/www.power2max.com\/es\/wp-json\/wp\/v2\/product_tag?post=18326"},{"taxonomy":"model","embeddable":true,"href":"https:\/\/www.power2max.com\/es\/wp-json\/wp\/v2\/model?post=18326"}],"curies":[{"name":"wp","href":"https:\/\/api.w.org\/{rel}","templated":true}]}}