{"id":18324,"date":"2018-10-17T10:40:17","date_gmt":"2018-10-17T10:40:17","guid":{"rendered":"https:\/\/www.power2max.com\/product\/ng-carretera-rotor-aldhu-con-bielas\/"},"modified":"2025-10-24T23:30:38","modified_gmt":"2025-10-24T23:30:38","slug":"ng-carretera-rotor-aldhu-con-bielas","status":"publish","type":"product","link":"https:\/\/www.power2max.com\/es\/producto\/ng-carretera-rotor-aldhu-con-bielas\/","title":{"rendered":"NG Carretera Rotor ALDHU 30 con bielas"},"content":{"rendered":"<p>El set de medidor de potencia NG Carretera Rotor ALDHU 30 consiste en la ara\u00f1a con medidor de potencia NG y el juego de bielas de aluminio Rotor ALDHU con eje de aluminio de 30mm. Con el 110 4-S y la versi\u00f3n 110 4-SL del medidor de potencia tambi\u00e9n existe la posibilidad de seguir utilizando los platos de carretera Shimano de 11 y 12 velocidades, manteniendo as\u00ed el rendimiento del cambio. El 110 4-SL ahorra 30g en comparaci\u00f3n con la versi\u00f3n normal 110 4-S por un coste adicional de 100\u20ac (IVA incluido).<\/p>\n<p><b>ev\u00edo contiene:<\/b>  Medidor de potencia con tapa de silicona, Gu\u00eda de inicio r\u00e1pido, Cable para recargar, Adhesivo de color NG\/NGeco 2D, Juego de bielas<\/p>\n","protected":false},"excerpt":{"rendered":"<p>El set de medidor de potencia NG Carretera Rotor ALDHU 30 consiste en la ara\u00f1a con medidor de potencia NG [&hellip;]<\/p>\n","protected":false},"featured_media":0,"comment_status":"open","ping_status":"closed","template":"","meta":[],"product_brand":[],"product_cat":[464,485],"product_tag":[],"model":[],"class_list":{"0":"post-18324","1":"product","2":"type-product","3":"status-publish","5":"product_cat-11-es","6":"product_cat-power-meter-es","8":"first","9":"instock","10":"taxable","11":"shipping-taxable","12":"purchasable","13":"product-type-simple"},"acf":[],"_links":{"self":[{"href":"https:\/\/www.power2max.com\/es\/wp-json\/wp\/v2\/product\/18324","targetHints":{"allow":["GET"]}}],"collection":[{"href":"https:\/\/www.power2max.com\/es\/wp-json\/wp\/v2\/product"}],"about":[{"href":"https:\/\/www.power2max.com\/es\/wp-json\/wp\/v2\/types\/product"}],"replies":[{"embeddable":true,"href":"https:\/\/www.power2max.com\/es\/wp-json\/wp\/v2\/comments?post=18324"}],"wp:attachment":[{"href":"https:\/\/www.power2max.com\/es\/wp-json\/wp\/v2\/media?parent=18324"}],"wp:term":[{"taxonomy":"product_brand","embeddable":true,"href":"https:\/\/www.power2max.com\/es\/wp-json\/wp\/v2\/product_brand?post=18324"},{"taxonomy":"product_cat","embeddable":true,"href":"https:\/\/www.power2max.com\/es\/wp-json\/wp\/v2\/product_cat?post=18324"},{"taxonomy":"product_tag","embeddable":true,"href":"https:\/\/www.power2max.com\/es\/wp-json\/wp\/v2\/product_tag?post=18324"},{"taxonomy":"model","embeddable":true,"href":"https:\/\/www.power2max.com\/es\/wp-json\/wp\/v2\/model?post=18324"}],"curies":[{"name":"wp","href":"https:\/\/api.w.org\/{rel}","templated":true}]}}