{"id":18314,"date":"2018-10-17T10:41:24","date_gmt":"2018-10-17T13:25:57","guid":{"rendered":"https:\/\/www.power2max.com\/product\/juego-de-bielas-rotor-aldhu\/"},"modified":"2026-05-01T14:24:53","modified_gmt":"2026-05-01T14:24:53","slug":"juego-de-bielas-rotor-aldhu","status":"publish","type":"product","link":"https:\/\/www.power2max.com\/es\/producto\/juego-de-bielas-rotor-aldhu\/","title":{"rendered":"Juego de bielas Rotor ALDHU"},"content":{"rendered":"<p>El dise\u00f1o modular de las bielas Rotor ALDHU las hace perfectas para su uso en combinaci\u00f3n con un medidor de potencia situado en la ara\u00f1a de las bielas. Estas ligeras y r\u00edgidas bielas de aluminio son la referencia de Rotor y estan disponibles en longitudes de 165, 170, 172.5 y 175mm.<\/p>\n","protected":false},"excerpt":{"rendered":"<p>El dise\u00f1o modular de las bielas Rotor ALDHU las hace perfectas para su uso en combinaci\u00f3n con un medidor de [&hellip;]<\/p>\n","protected":false},"featured_media":0,"comment_status":"open","ping_status":"closed","template":"","meta":[],"product_brand":[],"product_cat":[463],"product_tag":[],"model":[],"class_list":{"0":"post-18314","1":"product","2":"type-product","3":"status-publish","5":"product_cat-10-es","7":"first","8":"instock","9":"taxable","10":"shipping-taxable","11":"purchasable","12":"product-type-variable"},"acf":[],"_links":{"self":[{"href":"https:\/\/www.power2max.com\/es\/wp-json\/wp\/v2\/product\/18314","targetHints":{"allow":["GET"]}}],"collection":[{"href":"https:\/\/www.power2max.com\/es\/wp-json\/wp\/v2\/product"}],"about":[{"href":"https:\/\/www.power2max.com\/es\/wp-json\/wp\/v2\/types\/product"}],"replies":[{"embeddable":true,"href":"https:\/\/www.power2max.com\/es\/wp-json\/wp\/v2\/comments?post=18314"}],"wp:attachment":[{"href":"https:\/\/www.power2max.com\/es\/wp-json\/wp\/v2\/media?parent=18314"}],"wp:term":[{"taxonomy":"product_brand","embeddable":true,"href":"https:\/\/www.power2max.com\/es\/wp-json\/wp\/v2\/product_brand?post=18314"},{"taxonomy":"product_cat","embeddable":true,"href":"https:\/\/www.power2max.com\/es\/wp-json\/wp\/v2\/product_cat?post=18314"},{"taxonomy":"product_tag","embeddable":true,"href":"https:\/\/www.power2max.com\/es\/wp-json\/wp\/v2\/product_tag?post=18314"},{"taxonomy":"model","embeddable":true,"href":"https:\/\/www.power2max.com\/es\/wp-json\/wp\/v2\/model?post=18314"}],"curies":[{"name":"wp","href":"https:\/\/api.w.org\/{rel}","templated":true}]}}