{"id":15509,"date":"2018-07-20T14:20:02","date_gmt":"2018-07-20T14:20:02","guid":{"rendered":"https:\/\/www.power2max.com\/product\/medidor-de-potencia-ng-carretera-easton\/"},"modified":"2026-01-06T14:40:07","modified_gmt":"2026-01-06T14:40:07","slug":"medidor-de-potencia-ng-carretera-easton","status":"publish","type":"product","link":"https:\/\/www.power2max.com\/es\/producto\/medidor-de-potencia-ng-carretera-easton\/","title":{"rendered":"Medidor de potencia NG Carretera Easton"},"content":{"rendered":"<p>El medidor de potencia NG Road Easton Spider es el medidor de potencia ideal para todos aquellos que ya poseen una biela <strong>Easton<\/strong> EC90 o EA90. O que utilizan un juego de bielas <strong>ELILEE<\/strong> XXE o <strong>Cyprei.<\/strong> El p2m NG tambi\u00e9n es compatible con estos modelos.<\/p>\n<p>El medidor de potencia est\u00e1 disponible en los c\u00edrculos de agujeros (BCD) 110 y 130 para platos de 5 agujeros y en el c\u00edrculo de agujeros BCD110 4-SL para platos Shimano de 4 brazos (105, Ultegra y Dura Ace). Las versiones 4-SL son compatibles tanto con transmisiones de 11 velocidades como de 12 velocidades. Con la variante 110 4-SL ahorras otros 30 gramos.<\/p>\n","protected":false},"excerpt":{"rendered":"<p>El medidor de potencia NG Road Easton Spider es el medidor de potencia ideal para todos aquellos que ya poseen [&hellip;]<\/p>\n","protected":false},"featured_media":0,"comment_status":"open","ping_status":"closed","template":"","meta":[],"product_brand":[],"product_cat":[464,485],"product_tag":[],"model":[539],"class_list":{"0":"post-15509","1":"product","2":"type-product","3":"status-publish","5":"product_cat-11-es","6":"product_cat-power-meter-es","7":"model-easton","9":"first","10":"instock","11":"taxable","12":"shipping-taxable","13":"purchasable","14":"product-type-simple"},"acf":[],"_links":{"self":[{"href":"https:\/\/www.power2max.com\/es\/wp-json\/wp\/v2\/product\/15509","targetHints":{"allow":["GET"]}}],"collection":[{"href":"https:\/\/www.power2max.com\/es\/wp-json\/wp\/v2\/product"}],"about":[{"href":"https:\/\/www.power2max.com\/es\/wp-json\/wp\/v2\/types\/product"}],"replies":[{"embeddable":true,"href":"https:\/\/www.power2max.com\/es\/wp-json\/wp\/v2\/comments?post=15509"}],"wp:attachment":[{"href":"https:\/\/www.power2max.com\/es\/wp-json\/wp\/v2\/media?parent=15509"}],"wp:term":[{"taxonomy":"product_brand","embeddable":true,"href":"https:\/\/www.power2max.com\/es\/wp-json\/wp\/v2\/product_brand?post=15509"},{"taxonomy":"product_cat","embeddable":true,"href":"https:\/\/www.power2max.com\/es\/wp-json\/wp\/v2\/product_cat?post=15509"},{"taxonomy":"product_tag","embeddable":true,"href":"https:\/\/www.power2max.com\/es\/wp-json\/wp\/v2\/product_tag?post=15509"},{"taxonomy":"model","embeddable":true,"href":"https:\/\/www.power2max.com\/es\/wp-json\/wp\/v2\/model?post=15509"}],"curies":[{"name":"wp","href":"https:\/\/api.w.org\/{rel}","templated":true}]}}