{"id":14431,"date":"2018-06-19T10:20:02","date_gmt":"2018-06-19T10:20:02","guid":{"rendered":"https:\/\/www.power2max.com\/product\/envio-de-devolucion\/"},"modified":"2025-10-24T23:22:17","modified_gmt":"2025-10-24T23:22:17","slug":"envio-de-devolucion","status":"publish","type":"product","link":"https:\/\/www.power2max.com\/es\/producto\/envio-de-devolucion\/","title":{"rendered":"Env\u00edo de devoluci\u00f3n"},"content":{"rendered":"<p>Pon este art\u00edculo en tu carrito de la compra, confirma tu pedido y elige \u00abTransferencia bancaria\u00bb como m\u00e9todo de pago. Nuestro equipo de Soporte T\u00e9cnico se encargar\u00e1 del env\u00edo de devoluci\u00f3n. Si tienes cualquier otra pregunta, por favor contacta con support@power2max.de<\/p>\n","protected":false},"excerpt":{"rendered":"<p>Pon este art\u00edculo en tu carrito de la compra, confirma tu pedido y elige \u00abTransferencia bancaria\u00bb como m\u00e9todo de pago. [&hellip;]<\/p>\n","protected":false},"featured_media":0,"comment_status":"open","ping_status":"closed","template":"","meta":[],"product_brand":[],"product_cat":[762],"product_tag":[],"model":[],"class_list":{"0":"post-14431","1":"product","2":"type-product","3":"status-publish","5":"product_cat-sin-categorizar","7":"first","8":"instock","9":"taxable","10":"shipping-taxable","11":"purchasable","12":"product-type-simple"},"acf":[],"_links":{"self":[{"href":"https:\/\/www.power2max.com\/es\/wp-json\/wp\/v2\/product\/14431","targetHints":{"allow":["GET"]}}],"collection":[{"href":"https:\/\/www.power2max.com\/es\/wp-json\/wp\/v2\/product"}],"about":[{"href":"https:\/\/www.power2max.com\/es\/wp-json\/wp\/v2\/types\/product"}],"replies":[{"embeddable":true,"href":"https:\/\/www.power2max.com\/es\/wp-json\/wp\/v2\/comments?post=14431"}],"wp:attachment":[{"href":"https:\/\/www.power2max.com\/es\/wp-json\/wp\/v2\/media?parent=14431"}],"wp:term":[{"taxonomy":"product_brand","embeddable":true,"href":"https:\/\/www.power2max.com\/es\/wp-json\/wp\/v2\/product_brand?post=14431"},{"taxonomy":"product_cat","embeddable":true,"href":"https:\/\/www.power2max.com\/es\/wp-json\/wp\/v2\/product_cat?post=14431"},{"taxonomy":"product_tag","embeddable":true,"href":"https:\/\/www.power2max.com\/es\/wp-json\/wp\/v2\/product_tag?post=14431"},{"taxonomy":"model","embeddable":true,"href":"https:\/\/www.power2max.com\/es\/wp-json\/wp\/v2\/model?post=14431"}],"curies":[{"name":"wp","href":"https:\/\/api.w.org\/{rel}","templated":true}]}}