{"id":12913,"date":"2018-05-02T11:20:04","date_gmt":"2018-05-02T11:20:04","guid":{"rendered":"https:\/\/www.power2max.com\/product\/medidor-de-potencia-ngeco-carretera-easton\/"},"modified":"2025-10-30T14:08:54","modified_gmt":"2025-10-30T14:08:54","slug":"medidor-de-potencia-ngeco-carretera-easton","status":"publish","type":"product","link":"https:\/\/www.power2max.com\/es\/producto\/medidor-de-potencia-ngeco-carretera-easton\/","title":{"rendered":"Medidor de potencia NGeco Carretera Easton"},"content":{"rendered":"<p>El medidor de potencia NGeco Road Easton es el medidor de potencia ideal para todos los ciclistas que ya utilizan un juego de bielas <strong>Easton EC90 o EA90, <\/strong>o que montan una<strong> biela ELILEE XXE y <\/strong>las nuevas bielas <strong>Cybrei.<\/strong><br \/>\nEl medidor de potencia se puede montar f\u00e1cilmente en tu biela Easton compatible existente. Todo lo que necesitas son los tornillos y platos adecuados.<\/p>\n<p><strong>Con un peso aproximado de 125 g para el medidor de potencia, la versi\u00f3n 110 4-SL en combinaci\u00f3n con una biela Easton EC90, Elilee o Cyprei es actualmente nuestra combinaci\u00f3n de bielas<\/strong> con medidor de potencia m\u00e1s ligera y aproximadamente 30 g m\u00e1s ligera que la versi\u00f3n \u00abcl\u00e1sica\u00bb 110 4-S.<\/p>\n<p><strong>Las funciones Balance y Pedal Smoothness ya est\u00e1n activadas.<\/strong><\/p>\n","protected":false},"excerpt":{"rendered":"<p>El medidor de potencia NGeco Road Easton es el medidor de potencia ideal para todos los ciclistas que ya utilizan [&hellip;]<\/p>\n","protected":false},"featured_media":0,"comment_status":"open","ping_status":"closed","template":"","meta":[],"product_brand":[],"product_cat":[465,485],"product_tag":[],"model":[539],"class_list":{"0":"post-12913","1":"product","2":"type-product","3":"status-publish","5":"product_cat-12-es","6":"product_cat-power-meter-es","7":"model-easton","9":"first","10":"instock","11":"taxable","12":"shipping-taxable","13":"purchasable","14":"product-type-simple"},"acf":[],"_links":{"self":[{"href":"https:\/\/www.power2max.com\/es\/wp-json\/wp\/v2\/product\/12913","targetHints":{"allow":["GET"]}}],"collection":[{"href":"https:\/\/www.power2max.com\/es\/wp-json\/wp\/v2\/product"}],"about":[{"href":"https:\/\/www.power2max.com\/es\/wp-json\/wp\/v2\/types\/product"}],"replies":[{"embeddable":true,"href":"https:\/\/www.power2max.com\/es\/wp-json\/wp\/v2\/comments?post=12913"}],"wp:attachment":[{"href":"https:\/\/www.power2max.com\/es\/wp-json\/wp\/v2\/media?parent=12913"}],"wp:term":[{"taxonomy":"product_brand","embeddable":true,"href":"https:\/\/www.power2max.com\/es\/wp-json\/wp\/v2\/product_brand?post=12913"},{"taxonomy":"product_cat","embeddable":true,"href":"https:\/\/www.power2max.com\/es\/wp-json\/wp\/v2\/product_cat?post=12913"},{"taxonomy":"product_tag","embeddable":true,"href":"https:\/\/www.power2max.com\/es\/wp-json\/wp\/v2\/product_tag?post=12913"},{"taxonomy":"model","embeddable":true,"href":"https:\/\/www.power2max.com\/es\/wp-json\/wp\/v2\/model?post=12913"}],"curies":[{"name":"wp","href":"https:\/\/api.w.org\/{rel}","templated":true}]}}