{"id":12087,"date":"2018-04-06T09:20:10","date_gmt":"2018-04-06T09:20:10","guid":{"rendered":"https:\/\/www.power2max.com\/product\/medidor-de-potencia-ng-mtb-praxis-mono-plato-standard\/"},"modified":"2025-10-24T23:30:13","modified_gmt":"2025-10-24T23:30:13","slug":"medidor-de-potencia-ng-mtb-praxis-mono-plato-standard","status":"publish","type":"product","link":"https:\/\/www.power2max.com\/es\/producto\/medidor-de-potencia-ng-mtb-praxis-mono-plato-standard\/","title":{"rendered":"Medidor de potencia NG MTB Praxis mono-plato (standard)"},"content":{"rendered":"<p>La ara\u00f1a con medidor de potencia NG MTB para bielas Praxis en versi\u00f3n monoplato (standard) es el medidor de potencia para todos los ciclistas de monta\u00f1a que ya tienen unas bielas Praxis con montaje Direct Mount de 3 tornillos. La ara\u00f1a con medidor de potencia NG MTB para bielas Praxis (standard) es el medidor de potencia correcto para l\u00ednea de cadena 49mm (Standard).<\/p>\n<p><b>ev\u00edo contiene:<\/b>  Medidor de potencia con tapa de silicona, Gu\u00eda de inicio r\u00e1pido, Cable para recargar, Adhesivo de color NG\/NGeco 2D, Adaptador de l\u00ednea de cadena<\/p>\n<p>Nota: Este Powermeter sustituye al plato Direct Mount. Para poder utilizar el Powermeter, se necesita un plato nuevo con un c\u00edrculo de 104 mm y los tornillos de plato correspondientes.<\/p>\n","protected":false},"excerpt":{"rendered":"<p>La ara\u00f1a con medidor de potencia NG MTB para bielas Praxis en versi\u00f3n monoplato (standard) es el medidor de potencia [&hellip;]<\/p>\n","protected":false},"featured_media":0,"comment_status":"open","ping_status":"closed","template":"","meta":[],"product_brand":[],"product_cat":[468,485],"product_tag":[],"model":[],"class_list":{"0":"post-12087","1":"product","2":"type-product","3":"status-publish","5":"product_cat-21-es","6":"product_cat-power-meter-es","8":"first","9":"instock","10":"taxable","11":"shipping-taxable","12":"purchasable","13":"product-type-simple"},"acf":[],"_links":{"self":[{"href":"https:\/\/www.power2max.com\/es\/wp-json\/wp\/v2\/product\/12087","targetHints":{"allow":["GET"]}}],"collection":[{"href":"https:\/\/www.power2max.com\/es\/wp-json\/wp\/v2\/product"}],"about":[{"href":"https:\/\/www.power2max.com\/es\/wp-json\/wp\/v2\/types\/product"}],"replies":[{"embeddable":true,"href":"https:\/\/www.power2max.com\/es\/wp-json\/wp\/v2\/comments?post=12087"}],"wp:attachment":[{"href":"https:\/\/www.power2max.com\/es\/wp-json\/wp\/v2\/media?parent=12087"}],"wp:term":[{"taxonomy":"product_brand","embeddable":true,"href":"https:\/\/www.power2max.com\/es\/wp-json\/wp\/v2\/product_brand?post=12087"},{"taxonomy":"product_cat","embeddable":true,"href":"https:\/\/www.power2max.com\/es\/wp-json\/wp\/v2\/product_cat?post=12087"},{"taxonomy":"product_tag","embeddable":true,"href":"https:\/\/www.power2max.com\/es\/wp-json\/wp\/v2\/product_tag?post=12087"},{"taxonomy":"model","embeddable":true,"href":"https:\/\/www.power2max.com\/es\/wp-json\/wp\/v2\/model?post=12087"}],"curies":[{"name":"wp","href":"https:\/\/api.w.org\/{rel}","templated":true}]}}