{"id":12077,"date":"2018-04-06T09:20:07","date_gmt":"2018-04-06T09:20:07","guid":{"rendered":"https:\/\/www.power2max.com\/product\/medidor-de-potencia-ngeco-mtb-praxis-mono-plato-standard\/"},"modified":"2025-11-03T16:42:04","modified_gmt":"2025-11-03T16:42:04","slug":"medidor-de-potencia-ngeco-mtb-praxis-mono-plato-standard","status":"publish","type":"product","link":"https:\/\/www.power2max.com\/es\/producto\/medidor-de-potencia-ngeco-mtb-praxis-mono-plato-standard\/","title":{"rendered":"Medidor de potencia NGeco MTB Praxis mono-plato (standard)"},"content":{"rendered":"<p>La ara\u00f1a con medidor de potencia NGeco MTB para bielas Praxis en versi\u00f3n monoplato (standard) es el medidor de potencia para todos los ciclistas de monta\u00f1a que ya tienen unas bielas Praxis con montaje Direct Mount de 3 tornillos. La ara\u00f1a con medidor de potencia NGeco MTB para bielas Praxis (standard) es el medidor de potencia correcto para l\u00ednea de cadena 49mm (Standard).\u00a0Nota: Este Powermeter sustituye al plato Direct Mount. Para poder utilizar el Powermeter, se necesita un plato nuevo con un c\u00edrculo de 104 mm y los tornillos de plato correspondientes.<\/p>\n<p><strong>Las funciones Equilibrio y Suavidad del pedal ya est\u00e1n activadas.<\/strong><\/p>\n","protected":false},"excerpt":{"rendered":"<p>La ara\u00f1a con medidor de potencia NGeco MTB para bielas Praxis en versi\u00f3n monoplato (standard) es el medidor de potencia [&hellip;]<\/p>\n","protected":false},"featured_media":0,"comment_status":"open","ping_status":"closed","template":"","meta":[],"product_brand":[],"product_cat":[469,485],"product_tag":[],"model":[537],"class_list":{"0":"post-12077","1":"product","2":"type-product","3":"status-publish","5":"product_cat-22-es","6":"product_cat-power-meter-es","7":"model-praxisworks","9":"first","10":"instock","11":"taxable","12":"shipping-taxable","13":"purchasable","14":"product-type-simple"},"acf":[],"_links":{"self":[{"href":"https:\/\/www.power2max.com\/es\/wp-json\/wp\/v2\/product\/12077","targetHints":{"allow":["GET"]}}],"collection":[{"href":"https:\/\/www.power2max.com\/es\/wp-json\/wp\/v2\/product"}],"about":[{"href":"https:\/\/www.power2max.com\/es\/wp-json\/wp\/v2\/types\/product"}],"replies":[{"embeddable":true,"href":"https:\/\/www.power2max.com\/es\/wp-json\/wp\/v2\/comments?post=12077"}],"wp:attachment":[{"href":"https:\/\/www.power2max.com\/es\/wp-json\/wp\/v2\/media?parent=12077"}],"wp:term":[{"taxonomy":"product_brand","embeddable":true,"href":"https:\/\/www.power2max.com\/es\/wp-json\/wp\/v2\/product_brand?post=12077"},{"taxonomy":"product_cat","embeddable":true,"href":"https:\/\/www.power2max.com\/es\/wp-json\/wp\/v2\/product_cat?post=12077"},{"taxonomy":"product_tag","embeddable":true,"href":"https:\/\/www.power2max.com\/es\/wp-json\/wp\/v2\/product_tag?post=12077"},{"taxonomy":"model","embeddable":true,"href":"https:\/\/www.power2max.com\/es\/wp-json\/wp\/v2\/model?post=12077"}],"curies":[{"name":"wp","href":"https:\/\/api.w.org\/{rel}","templated":true}]}}