{"id":11533,"date":"2018-03-19T16:25:39","date_gmt":"2018-03-19T16:25:39","guid":{"rendered":"https:\/\/www.power2max.com\/?post_type=product&#038;p=11533"},"modified":"2025-11-14T09:54:02","modified_gmt":"2025-11-14T09:54:02","slug":"p2m-revision-para-los-medidores-de-potencia","status":"publish","type":"product","link":"https:\/\/www.power2max.com\/es\/producto\/p2m-revision-para-los-medidores-de-potencia\/","title":{"rendered":"p2m Revisi\u00f3n para los medidores de potencia"},"content":{"rendered":"<p>Nuestra revisi\u00f3n para los medidores de potencia Type S, NG y NGeco (Evaluaci\u00f3n inicial) A continuaci\u00f3n, se decide qu\u00e9 reparaciones son posibles o si se ofrece un servicio de sustituci\u00f3n por aver\u00eda.<\/p>\n","protected":false},"excerpt":{"rendered":"<p>Nuestra revisi\u00f3n para los medidores de potencia Type S, NG y NGeco (Evaluaci\u00f3n inicial) A continuaci\u00f3n, se decide qu\u00e9 reparaciones [&hellip;]<\/p>\n","protected":false},"featured_media":0,"comment_status":"closed","ping_status":"closed","template":"","meta":[],"product_cat":[458],"product_tag":[],"model":[],"acf":[],"_links":{"self":[{"href":"https:\/\/www.power2max.com\/es\/wp-json\/wp\/v2\/product\/11533"}],"collection":[{"href":"https:\/\/www.power2max.com\/es\/wp-json\/wp\/v2\/product"}],"about":[{"href":"https:\/\/www.power2max.com\/es\/wp-json\/wp\/v2\/types\/product"}],"replies":[{"embeddable":true,"href":"https:\/\/www.power2max.com\/es\/wp-json\/wp\/v2\/comments?post=11533"}],"wp:attachment":[{"href":"https:\/\/www.power2max.com\/es\/wp-json\/wp\/v2\/media?parent=11533"}],"wp:term":[{"taxonomy":"product_cat","embeddable":true,"href":"https:\/\/www.power2max.com\/es\/wp-json\/wp\/v2\/product_cat?post=11533"},{"taxonomy":"product_tag","embeddable":true,"href":"https:\/\/www.power2max.com\/es\/wp-json\/wp\/v2\/product_tag?post=11533"},{"taxonomy":"model","embeddable":true,"href":"https:\/\/www.power2max.com\/es\/wp-json\/wp\/v2\/model?post=11533"}],"curies":[{"name":"wp","href":"https:\/\/api.w.org\/{rel}","templated":true}]}}