{"id":9785,"date":"2018-02-21T11:26:16","date_gmt":"2018-02-21T11:26:16","guid":{"rendered":"https:\/\/www.power2max.com\/exclusion-premature-termination-right-revocation\/"},"modified":"2018-03-01T16:36:10","modified_gmt":"2018-03-01T16:36:10","slug":"exclusion-premature-termination-right-revocation","status":"publish","type":"page","link":"https:\/\/www.power2max.com\/es\/exclusion-premature-termination-right-revocation\/","title":{"rendered":"Derecho de revocaci\u00f3n por la compra de software"},"content":{"rendered":"<p><strong>Exclusi\u00f3n o terminaci\u00f3n prematura del derecho de revocaci\u00f3n<\/strong><\/p>\n<p>Acepto que mi derecho de revocaci\u00f3n de 14 d\u00edas no se aplica a los contratos para el suministro de contenido digital, que no es proporcionado en volumen f\u00edsico. Adem\u00e1s, soy consciente de que el derecho de revocaci\u00f3n expira prematuramente si power2max \/ Saxonar ha comenzado con la ejecuci\u00f3n del contrato despu\u00e9s de haber aceptado perder mi derecho de revocaci\u00f3n comprando contenido digital en www.power2max.com.<\/p>\n<p>&nbsp;<\/p>\n","protected":false},"excerpt":{"rendered":"<p>Exclusi\u00f3n o terminaci\u00f3n prematura del derecho de revocaci\u00f3n Acepto que mi derecho de revocaci\u00f3n de 14 d\u00edas no se aplica [&hellip;]<\/p>\n","protected":false},"author":6,"featured_media":0,"parent":0,"menu_order":0,"comment_status":"closed","ping_status":"closed","template":"","meta":{"footnotes":""},"product_cat":[],"class_list":["post-9785","page","type-page","status-publish","hentry"],"acf":[],"_links":{"self":[{"href":"https:\/\/www.power2max.com\/es\/wp-json\/wp\/v2\/pages\/9785","targetHints":{"allow":["GET"]}}],"collection":[{"href":"https:\/\/www.power2max.com\/es\/wp-json\/wp\/v2\/pages"}],"about":[{"href":"https:\/\/www.power2max.com\/es\/wp-json\/wp\/v2\/types\/page"}],"author":[{"embeddable":true,"href":"https:\/\/www.power2max.com\/es\/wp-json\/wp\/v2\/users\/6"}],"replies":[{"embeddable":true,"href":"https:\/\/www.power2max.com\/es\/wp-json\/wp\/v2\/comments?post=9785"}],"version-history":[{"count":3,"href":"https:\/\/www.power2max.com\/es\/wp-json\/wp\/v2\/pages\/9785\/revisions"}],"predecessor-version":[{"id":10432,"href":"https:\/\/www.power2max.com\/es\/wp-json\/wp\/v2\/pages\/9785\/revisions\/10432"}],"wp:attachment":[{"href":"https:\/\/www.power2max.com\/es\/wp-json\/wp\/v2\/media?parent=9785"}],"wp:term":[{"taxonomy":"product_cat","embeddable":true,"href":"https:\/\/www.power2max.com\/es\/wp-json\/wp\/v2\/product_cat?post=9785"}],"curies":[{"name":"wp","href":"https:\/\/api.w.org\/{rel}","templated":true}]}}