{"id":7395,"date":"2017-07-19T13:59:17","date_gmt":"2017-07-19T13:59:17","guid":{"rendered":"https:\/\/www.power2max.com\/terms-and-conditions\/"},"modified":"2021-07-08T09:21:41","modified_gmt":"2021-07-08T09:21:41","slug":"terminos-y-condiciones","status":"publish","type":"page","link":"https:\/\/www.power2max.com\/es\/terminos-y-condiciones\/","title":{"rendered":"T\u00e9rminos y Condiciones"},"content":{"rendered":"<p><strong>1. General<\/strong><\/p>\n<p>1.\u00a0\u00a0\u00a0\u00a0\u00a0 Los siguientes t\u00e9rminos y condiciones generales de entrega y negocios se aplican a todas las ofertas, contratos de compra, entregas y servicios que resulten de pedidos realizados en la tienda online de power2max a trav\u00e9s de www.power2max.com.<\/p>\n<p>2.\u00a0\u00a0\u00a0\u00a0\u00a0 La gama de productos disponible en www.power2max.com est\u00e1 dirigida a los consumidores y clientes comerciales de Saxonar GmbH, en lo sucesivo tambi\u00e9n \u00abnuestros clientes\u00bb o \u00ablos clientes\u00bb o \u00abclientes\u00bb.<\/p>\n<p>Nuestro cliente reconoce estos t\u00e9rminos y condiciones de entrega y negocio y acepta su aplicabilidad exclusiva para la transacci\u00f3n celebrada con nosotros, Saxonar GmbH, en lo sucesivo tambi\u00e9n denominada \u00abSaxonar\u00bb o \u00abnosotros\u00bb o \u00abnosotros\u00bb. En cada caso, la versi\u00f3n aplicable en el momento de la celebraci\u00f3n del contrato es decisiva.<\/p>\n<p>Los diferentes t\u00e9rminos y condiciones se consideran inv\u00e1lidos, incluso si no los objetamos expresamente. Las divergencias solo se aplican en la medida en que hayan sido expl\u00edcitamente acordadas. Nos reservamos el derecho de modificar nuestros t\u00e9rminos y condiciones de entrega y negocios en cualquier momento.<\/p>\n<p>Ofrecemos la traducci\u00f3n de nuestra presencia en Internet en ingl\u00e9s, espa\u00f1ol, franc\u00e9s e italiano para la comodidad de nuestros clientes.<\/p>\n<p>&nbsp;<\/p>\n<p><strong>2 Conclusi\u00f3n del contrato<\/strong><\/p>\n<p>1.\u00a0\u00a0\u00a0\u00a0\u00a0 Los productos que se muestran en nuestra tienda en l\u00ednea a trav\u00e9s de www.power2max.com no constituyen una oferta. En cambio, simplemente constituyen una invitaci\u00f3n para que el cliente nos haga una oferta de compra mediante un pedido.<\/p>\n<p>2.\u00a0\u00a0\u00a0\u00a0\u00a0 Al hacer un pedido en la tienda en l\u00ednea power2max y dar el consentimiento necesario a estos T\u00e9rminos y Condiciones Generales de Negocio y las pautas de protecci\u00f3n de datos asociadas con la colocaci\u00f3n de tal pedido, el cliente hace de Saxonar una oferta vinculante para la compra de el (los) producto (s) elegido (s).<\/p>\n<p>3.\u00a0\u00a0\u00a0\u00a0\u00a0 El recibo de la oferta se confirmar\u00e1 al cliente sin demora indebida por correo electr\u00f3nico (confirmaci\u00f3n del pedido) despu\u00e9s de que se reciba la oferta por correo electr\u00f3nico. La confirmaci\u00f3n del pedido no constituye la aceptaci\u00f3n de la oferta.<\/p>\n<p>4.\u00a0\u00a0\u00a0\u00a0\u00a0 El cliente ser\u00e1 notificado de nuestra aceptaci\u00f3n de la oferta por correo electr\u00f3nico mediante el env\u00edo de la confirmaci\u00f3n de la comisi\u00f3n. Podemos declarar la aceptaci\u00f3n de una oferta por confirmaci\u00f3n de la comisi\u00f3n dentro de las dos semanas posteriores a la recepci\u00f3n del pedido.<\/p>\n<p>5.\u00a0\u00a0\u00a0\u00a0\u00a0 Si el consumidor tiene su lugar de residencia y direcci\u00f3n registrada en la Uni\u00f3n Europea, tiene derecho a revocar el contrato y devolver los bienes que ya han sido entregados. Informamos al cliente sobre sus derechos y obligaciones en la Informaci\u00f3n sobre la revocaci\u00f3n. El derecho de revocaci\u00f3n no se aplica a los consumidores que no pertenecen a un Estado miembro de la Uni\u00f3n Europea en el momento de la celebraci\u00f3n del contrato y cuyo \u00fanico lugar de residencia y direcci\u00f3n de entrega se encuentran fuera de la Uni\u00f3n Europea en el momento de la celebraci\u00f3n del contrato. conclusi\u00f3n del contrato.<\/p>\n<p>&nbsp;<\/p>\n<p><strong>3 Textos contractuales \/ Datos del cliente<\/strong><\/p>\n<p>El texto del contrato se almacenar\u00e1 en forma digital. El cliente puede ver nuestros T\u00e9rminos y Condiciones Generales de Entrega y Negocios en cualquier momento en la p\u00e1gina web de nuestra tienda online.<\/p>\n<p>&nbsp;<\/p>\n<p><strong>4 precios y m\u00e9todos de pago<\/strong><\/p>\n<p>1.\u00a0\u00a0\u00a0\u00a0\u00a0 Nuestras ofertas no son vinculantes y sin compromiso. Nos reservamos expresamente el derecho de hacer cambios a los art\u00edculos, realizar ajustes de precios en el curso de alteraciones del mercado y realizar mejoras t\u00e9cnicas.<\/p>\n<p>2.\u00a0\u00a0\u00a0\u00a0\u00a0 Los precios en www.power2max.com incluyen el impuesto legal al valor agregado para compras dentro de la Uni\u00f3n Europea. Estos precios no incluyen embalaje y franqueo. Se muestran por separado para cada orden.<\/p>\n<p>3.\u00a0\u00a0\u00a0\u00a0\u00a0 Los precios en pa\u00edses que no pertenecen a la Uni\u00f3n Europea no incluyen el impuesto legal al valor agregado. El comprador debe pagar las tasas bancarias, derechos de aduana y grav\u00e1menes similares que surgen en relaci\u00f3n con las entregas a pa\u00edses no pertenecientes a la UE. En el caso de entregas de bienes que superen los 1.000 EUR en valor, se deber\u00e1 abonar un derecho de aduana de 30 EUR para la exportaci\u00f3n desde Alemania. Se\u00f1alamos expresamente que en el caso de entregas a pa\u00edses no pertenecientes a la UE, se pueden cobrar m\u00e1s aranceles aduaneros y derechos de importaci\u00f3n en el pa\u00eds de destino. Estos costos deben ser asumidos por el cliente \/ destinatario. Saxonar GmbH no tiene influencia sobre las tarifas que puedan surgir.<\/p>\n<p>4.\u00a0\u00a0\u00a0\u00a0\u00a0 El precio que se muestra en nuestra lista de precios y \/ o en nuestra confirmaci\u00f3n de la comisi\u00f3n en el momento de la conclusi\u00f3n de la transacci\u00f3n es decisivo para la transacci\u00f3n concluida.<\/p>\n<p>5.\u00a0\u00a0\u00a0\u00a0\u00a0 A menos que se acuerde expresamente lo contrario, el cliente paga por los productos mediante el pago por adelantado mediante transferencia bancaria u otro m\u00e9todo de pago disponible en nuestro procedimiento de pedido. Los productos solo se enviar\u00e1n despu\u00e9s de que el pago haya sido acreditado en nuestra cuenta bancaria. Si el pago no se acredita en nuestra cuenta bancaria dentro de los 10 d\u00edas, el cliente recibir\u00e1 una solicitud de pago por correo electr\u00f3nico. La falta de pago no es equivalente a la cancelaci\u00f3n. El manejo de los pagos se realiza a trav\u00e9s del proveedor de servicios Heidelpay.<\/p>\n<p>&nbsp;<\/p>\n<p><strong>5 Embalaje y franqueo \/ entrega, seguro y aprobaci\u00f3n de riesgos<\/strong><\/p>\n<p>1.\u00a0\u00a0\u00a0\u00a0\u00a0 Si no se indica una fecha de env\u00edo, los bienes ser\u00e1n enviados dentro de los 21 d\u00edas. El l\u00edmite de tiempo decisivo para la determinaci\u00f3n de la fecha de env\u00edo comienza a correr el d\u00eda en que Saxonar recibe el pago total del precio de compra (incluidos el impuesto al valor agregado y los costos de embalaje y franqueo). Cualquier gasto bancario incurrido debe ser asumido por el cliente en su totalidad.<\/p>\n<p>2.\u00a0\u00a0\u00a0\u00a0\u00a0 Los productos se entregan para su entrega a clientes, distribuidores o socios de distribuci\u00f3n. El tiempo de producci\u00f3n \/ entrega se realiza de acuerdo con el acuerdo de distribuci\u00f3n concluido.<\/p>\n<p>3.\u00a0\u00a0\u00a0\u00a0\u00a0 En caso de que los bienes solicitados no se puedan entregar o no se puedan entregar a tiempo, estos hechos y circunstancias se notificar\u00e1n al cliente sin demora. En este caso, Saxonar llegar\u00e1 a un acuerdo individual con el cliente con respecto a la fecha de entrega.<\/p>\n<p>4.\u00a0\u00a0\u00a0\u00a0\u00a0 Si Saxonar no puede cumplir con una fecha de entrega, el cliente tiene derecho a establecer una extensi\u00f3n razonable de la fecha l\u00edmite, que no puede ser inferior a cinco d\u00edas.<\/p>\n<p>5.\u00a0\u00a0\u00a0\u00a0\u00a0 Saxonar tiene derecho a realizar entregas parciales de pedidos si los productos solicitados tambi\u00e9n pueden utilizarse individualmente. Saxonar asume los costos adicionales de embalaje y franqueo que surgen a trav\u00e9s de la entrega parcial en relaci\u00f3n con los consumidores.<\/p>\n<p>6.\u00a0\u00a0\u00a0\u00a0\u00a0 En caso de ocurrencia de fuerza mayor y de circunstancias de las cuales no somos responsables, lo que hace que el cumplimiento de la orden en el tiempo sea imposible para nosotros, tenemos derecho a retirarnos de la comisi\u00f3n con exclusi\u00f3n de los reclamos de compensaci\u00f3n por parte del cliente o posponer la fecha de vencimiento para la entrega de los bienes m\u00e1s all\u00e1 de la duraci\u00f3n del presente obst\u00e1culo.<\/p>\n<p>7.\u00a0\u00a0\u00a0\u00a0\u00a0 los contadores de salida power2max y las piezas accesorias, como las bielas, se entregan en un estado no adecuado. Para utilizar los productos, el cliente debe fijarlos a su bicicleta con la ayuda de la informaci\u00f3n suministrada y disponible en www.power2max.com.<\/p>\n<p>8.\u00a0\u00a0\u00a0\u00a0\u00a0 Saxonar decide sobre el tipo apropiado de embalaje y franqueo y selecciona la empresa de transporte en la medida en que no se haya llegado expresamente a un acuerdo diferente con el cliente. Si el cliente es un consumidor, asumimos el riesgo de embalaje y franqueo en cualquier caso, independientemente del tipo de embalaje y franqueo. Si el cliente es un emprendedor, todos los riesgos y peligros del embalaje y el franqueo pasan al cliente tan pronto como los hayamos entregado al socio log\u00edstico encargado.<\/p>\n<p>9.\u00a0\u00a0\u00a0\u00a0\u00a0 Saxonar es responsable del correcto traspaso de los bienes a la empresa de transporte a su debido tiempo, pero no de los retrasos en la entrega que han sido causados ??por la empresa de transporte. Por esta raz\u00f3n, el tiempo de entrega indicado en www.power2max.com no es vinculante.<\/p>\n<p>10.\u00a0\u00a0 Los costos de embalaje y franqueo incluyen un seguro de transporte para el env\u00edo de pedidos por parte del consumidor y corre a cargo del consumidor. Los costos relevantes para el embalaje y el franqueo se muestran al cliente durante el proceso de pedido en la tienda en l\u00ednea y tambi\u00e9n se pueden ver aqu\u00ed.<\/p>\n<p>11.\u00a0\u00a0 En caso de revocaci\u00f3n, el cliente debe asumir los costos de devoluci\u00f3n de los bienes.<\/p>\n<p>&nbsp;<\/p>\n<p><strong>6 Reserva de t\u00edtulo y derechos de seguridad<\/strong><\/p>\n<p>1.\u00a0\u00a0\u00a0\u00a0\u00a0 Conservamos la propiedad de todos los bienes entregados hasta que se cumplan todos nuestros reclamos. Esto tambi\u00e9n incluye reclamos que existen sujetos a condiciones y reclamaciones que surgen en el futuro.<\/p>\n<p>2.\u00a0\u00a0\u00a0\u00a0\u00a0 Si el valor de la retenci\u00f3n excede en un 20% los reclamos que se deben proteger de la relaci\u00f3n comercial actual, tenemos la obligaci\u00f3n de liberar los bienes retenidos a petici\u00f3n del cliente.<\/p>\n<p>&nbsp;<\/p>\n<p><strong>7 Garant\u00eda, garant\u00eda y derecho de devoluci\u00f3n<\/strong><\/p>\n<p>1.\u00a0\u00a0\u00a0\u00a0\u00a0 El per\u00edodo de garant\u00eda legal es de 2 a\u00f1os si el cliente es un consumidor.<\/p>\n<p>2.\u00a0\u00a0\u00a0\u00a0\u00a0 Adem\u00e1s de la garant\u00eda legal, otorgamos una garant\u00eda extendida de un total de 5 a\u00f1os para el producto power2max NG. Sin restringir la garant\u00eda legal, se aplican las siguientes condiciones adicionales para la garant\u00eda que proporcionamos de forma voluntaria:<\/p>\n<p>La garant\u00eda extendida no se aplica a los da\u00f1os resultantes de un uso incorrecto, instalaci\u00f3n defectuosa o de cambios realizados en el producto, por ca\u00eddas o sobrecarga del producto.<\/p>\n<p>Saxonar se reserva el derecho de reparar productos defectuosos o reemplazarlos por productos sucesores.<\/p>\n<p>3.\u00a0\u00a0\u00a0\u00a0\u00a0 Solo nuestros clientes directos (primeros compradores) tienen derecho a hacer valer los reclamos de garant\u00eda.<\/p>\n<p>4.\u00a0\u00a0\u00a0\u00a0\u00a0 Las capacidades t\u00e9cnicas actuales reconocidas significan que no es posible desarrollar y operar programas inform\u00e1ticos (software) e instalaciones de procesamiento de datos (hardware) que est\u00e9n completamente libres de errores, y excluir todas las eventualidades relacionadas con el medio de Internet. No aceptamos responsabilidad alguna, independientemente de la culpa, por los da\u00f1os sufridos por los usuarios o terceros como tales a trav\u00e9s del uso de nuestra plataforma de Internet.<\/p>\n<p>&nbsp;<\/p>\n<p><strong>8 Responsabilidad<\/strong><\/p>\n<p>1.\u00a0\u00a0\u00a0\u00a0\u00a0 Somos responsables sin limitaci\u00f3n por intenci\u00f3n deliberada y negligencia grave. Adem\u00e1s de los casos de lesiones a la vida, el cuerpo o la salud, solo somos responsables por negligencia simple si se infringen obligaciones contractuales importantes (deberes cardinales).<\/p>\n<p>2.\u00a0\u00a0\u00a0\u00a0\u00a0 La responsabilidad se limita al da\u00f1o previsible que es t\u00edpico para este tipo de contrato. En caso de negligencia simple, se excluye la responsabilidad por da\u00f1os indirectos e imprevisibles, p\u00e9rdida de producci\u00f3n y uso, p\u00e9rdida de beneficios, p\u00e9rdida de ahorros y p\u00e9rdida pecuniaria debido a reclamaciones de terceros, aparte de en el caso de da\u00f1os a la vida, el cuerpo o la salud .<\/p>\n<p>3.\u00a0\u00a0\u00a0\u00a0\u00a0 Se excluye la responsabilidad que va m\u00e1s all\u00e1 de lo acordado en este contrato, independientemente de la naturaleza legal del reclamo afirmado. Las restricciones y \/ o exclusiones de responsabilidad establecidas anteriormente no se aplican a la responsabilidad obligatoria independientemente de la culpa prescrita por el estatuto (por ejemplo, de conformidad con la Ley de Responsabilidad del Producto) o la responsabilidad derivada de una garant\u00eda independientemente de la culpa. En la medida en que la responsabilidad se excluya o limite de conformidad con las figs. 2 y 3, esto tambi\u00e9n se aplica a la responsabilidad personal de nuestros empleados, fuerza de trabajo, representantes, \u00f3rganos y personas encargadas por nosotros para el cumplimiento de nuestras obligaciones.<\/p>\n<p>&nbsp;<\/p>\n<p><strong>9 Protecci\u00f3n de datos<\/strong><\/p>\n<p>1.\u00a0\u00a0\u00a0\u00a0\u00a0 Almacenamos y procesamos los datos de los clientes de conformidad con las disposiciones pertinentes de la Ley Federal de Protecci\u00f3n de Datos (Bundesdatenschutzgesetz, BDSG) y la Ley de Protecci\u00f3n de Datos de Teleservices (Teledienstdatenschutzgesetz, TDDSG). Los datos personales se guardan en relaci\u00f3n con las personas solo para fines fijos, claros y legales, y no se conservan por m\u00e1s tiempo de lo necesario.<\/p>\n<p>2.\u00a0\u00a0\u00a0\u00a0\u00a0 El cliente tiene derecho a informaci\u00f3n sobre, correcci\u00f3n, bloqueo y eliminaci\u00f3n de sus datos almacenados a menos que los datos relevantes sean a\u00fan necesarios para el cumplimiento de las obligaciones de la relaci\u00f3n contractual celebrada, o en caso de que existan normas legales contra supresi\u00f3n.<\/p>\n<p>3.\u00a0\u00a0\u00a0\u00a0\u00a0 No pasamos datos personales, incluida la direcci\u00f3n residencial y la direcci\u00f3n de correo electr\u00f3nico del cliente, a terceros sin el consentimiento expreso y expreso del cliente. Esto no se aplica a nuestros socios de servicio, que requieren la transmisi\u00f3n de dichos datos para el manejo del pedido. Sin embargo, en tales casos, la extensi\u00f3n de los datos transmitidos se limita al m\u00ednimo necesario. Encontrar\u00e1 informaci\u00f3n m\u00e1s detallada sobre protecci\u00f3n de datos en nuestra Declaraci\u00f3n de protecci\u00f3n de datos.<\/p>\n<p>&nbsp;<\/p>\n<p><strong>10 derechos de autor<\/strong><\/p>\n<p>1.\u00a0\u00a0\u00a0\u00a0\u00a0 Nos reservamos todos los derechos relacionados con nuestra presencia en Internet. Textos, im\u00e1genes, sonido, gr\u00e1ficos, animaciones y videos y su inclusi\u00f3n en nuestras p\u00e1ginas de Internet est\u00e1n protegidos por derechos de autor y otros estatutos de protecci\u00f3n.<\/p>\n<p>2.\u00a0\u00a0\u00a0\u00a0\u00a0 El contenido de nuestras p\u00e1ginas de Internet no puede ser copiado o diseminado con fines comerciales, alterado o puesto a disposici\u00f3n de terceros.<\/p>\n<p>3.\u00a0\u00a0\u00a0\u00a0\u00a0 Nuestras p\u00e1ginas de Internet contienen gr\u00e1ficos y textos que est\u00e1n sujetos a los derechos de autor de terceros. A menos que se indique lo contrario, todas las marcas comerciales y nombres de productos que figuran en nuestras p\u00e1ginas de Internet est\u00e1n protegidos por la ley de marcas comerciales. Nuestras p\u00e1ginas de Internet no confieren ninguna licencia por nosotros o por terceros para el uso de la propiedad intelectual.<\/p>\n<p>&nbsp;<\/p>\n<p><strong>11 Informaci\u00f3n sobre la participaci\u00f3n en el sistema de devoluciones de Landbell AG<\/strong><\/p>\n<p>En relaci\u00f3n con los paquetes de venta que llenamos con productos por primera vez y destinados a clientes finales privados, nuestra empresa se ha unido al sistema de devoluciones de Landbell AG, Mainz (n\u00famero de cliente 4145584), que opera en toda la Rep\u00fablica Federal, con el fin para asegurar el cumplimiento de nuestras obligaciones legales de conformidad con la Secci\u00f3n 6 Ordenanza de Empaque. M\u00e1s informaci\u00f3n est\u00e1 disponible en el sitio web de Landbell AG.<\/p>\n<p>&nbsp;<\/p>\n<p><strong>12 Lugar de cumplimiento, ley aplicable y lugar de jurisdicci\u00f3n<\/strong><\/p>\n<p>1.\u00a0\u00a0\u00a0\u00a0\u00a0 Se aplica la ley alemana, sujeto a la exclusi\u00f3n de la ley de venta de las Naciones Unidas, en el caso de los consumidores y otras personas con su lugar principal de negocios habitual o residencia en un estado miembro de la Uni\u00f3n Europea (UE) o del \u00c1rea Econ\u00f3mica Europea(EEA) en el momento de la celebraci\u00f3n del Contrato.<\/p>\n<p>2.\u00a0\u00a0\u00a0\u00a0\u00a0 Independientemente de esta elecci\u00f3n de la ley, los consumidores est\u00e1n siempre protegidos por la ley de protecci\u00f3n al consumidor obligatoria del pa\u00eds en el que tienen su lugar habitual de residencia en el momento de la celebraci\u00f3n del contrato.<\/p>\n<p>3.\u00a0\u00a0\u00a0\u00a0\u00a0 Los consumidores con su lugar habitual de residencia en un pa\u00eds que no pertenece ni a la UE ni al EEA en el momento de la celebraci\u00f3n del contrato est\u00e1n sujetos a la legislaci\u00f3n del pa\u00eds en el que el consumidor ten\u00eda su lugar habitual de residencia. en el momento de la conclusi\u00f3n del contrato.<\/p>\n<p>4.\u00a0\u00a0\u00a0\u00a0\u00a0 Si el cliente es un empresario, una persona jur\u00eddica de derecho p\u00fablico o un fondo especial de derecho p\u00fablico, el lugar exclusivo de jurisdicci\u00f3n para todas las disputas de este contrato es la sede registrada de la empresa Saxonar GmbH. Lo mismo se aplica si el cliente no tiene un lugar de jurisdicci\u00f3n general en Alemania, o su lugar de residencia o domicilio habitual se desconoce en el momento en que se presenta la acci\u00f3n.<\/p>\n<p>&nbsp;<\/p>\n<p><strong>13 Deberes de la informaci\u00f3n<\/strong><\/p>\n<p>1.\u00a0\u00a0\u00a0\u00a0\u00a0 Tras el registro \/ declaraci\u00f3n de los datos del cliente con www.power2max.de, el cliente tiene la obligaci\u00f3n de hacer declaraciones verdaderas. Si los datos del cliente cambian, en particular con respecto al nombre, direcci\u00f3n, direcci\u00f3n de correo electr\u00f3nico y n\u00famero de tel\u00e9fono, el cliente est\u00e1 obligado a notificar a Saxonar de estos cambios por correo electr\u00f3nico a support@power2max.de.<\/p>\n<p>2.\u00a0\u00a0\u00a0\u00a0\u00a0 En caso de datos falsos o incorrectos, incluida la direcci\u00f3n de correo electr\u00f3nico, podemos rescindir el contrato si se ha celebrado un contrato. La retirada ser\u00e1 declarada por escrito. La forma escrita se cumple si se transmite un correo electr\u00f3nico.<\/p>\n<p>3.\u00a0\u00a0\u00a0\u00a0\u00a0 Tras la aceptaci\u00f3n de la oferta, Saxonar env\u00eda al cliente un correo electr\u00f3nico con los datos de la comisi\u00f3n (confirmaci\u00f3n de la comisi\u00f3n) a la direcci\u00f3n de correo electr\u00f3nico indicada en el pedido del cliente en la tienda en l\u00ednea.<\/p>\n<p>4.\u00a0\u00a0\u00a0\u00a0\u00a0 El cliente debe asegurarse de que la direcci\u00f3n de correo electr\u00f3nico indicada por \u00e9l est\u00e9 lista para su recepci\u00f3n desde el momento en que se realiza el pedido, y que la recepci\u00f3n de nuevos mensajes de correo electr\u00f3nico no se previene mediante reenv\u00edo, cierre o desbordamiento. de la cuenta de correo electr\u00f3nico.<\/p>\n<p>&nbsp;<\/p>\n<p><strong>14 Cl\u00e1usula de salvaguardia<\/strong><\/p>\n<p>Si las partes individuales de estos T\u00e9rminos y condiciones de negocios no son v\u00e1lidas, se considerar\u00e1n reemplazadas por lo que es legalmente permisible y se acerca lo m\u00e1s posible a la intenci\u00f3n econ\u00f3mica original. En caso de que las regulaciones individuales no sean v\u00e1lidas, esto no afecta la validez continua de las cl\u00e1usulas restantes.<\/p>\n","protected":false},"excerpt":{"rendered":"<p>1. General 1.\u00a0\u00a0\u00a0\u00a0\u00a0 Los siguientes t\u00e9rminos y condiciones generales de entrega y negocios se aplican a todas las ofertas, contratos [&hellip;]<\/p>\n","protected":false},"author":1,"featured_media":4359,"parent":0,"menu_order":0,"comment_status":"closed","ping_status":"closed","template":"","meta":{"footnotes":""},"product_cat":[],"class_list":["post-7395","page","type-page","status-publish","has-post-thumbnail","hentry"],"acf":[],"_links":{"self":[{"href":"https:\/\/www.power2max.com\/es\/wp-json\/wp\/v2\/pages\/7395","targetHints":{"allow":["GET"]}}],"collection":[{"href":"https:\/\/www.power2max.com\/es\/wp-json\/wp\/v2\/pages"}],"about":[{"href":"https:\/\/www.power2max.com\/es\/wp-json\/wp\/v2\/types\/page"}],"author":[{"embeddable":true,"href":"https:\/\/www.power2max.com\/es\/wp-json\/wp\/v2\/users\/1"}],"replies":[{"embeddable":true,"href":"https:\/\/www.power2max.com\/es\/wp-json\/wp\/v2\/comments?post=7395"}],"version-history":[{"count":7,"href":"https:\/\/www.power2max.com\/es\/wp-json\/wp\/v2\/pages\/7395\/revisions"}],"predecessor-version":[{"id":46697,"href":"https:\/\/www.power2max.com\/es\/wp-json\/wp\/v2\/pages\/7395\/revisions\/46697"}],"wp:featuredmedia":[{"embeddable":true,"href":"https:\/\/www.power2max.com\/es\/wp-json\/wp\/v2\/media\/4359"}],"wp:attachment":[{"href":"https:\/\/www.power2max.com\/es\/wp-json\/wp\/v2\/media?parent=7395"}],"wp:term":[{"taxonomy":"product_cat","embeddable":true,"href":"https:\/\/www.power2max.com\/es\/wp-json\/wp\/v2\/product_cat?post=7395"}],"curies":[{"name":"wp","href":"https:\/\/api.w.org\/{rel}","templated":true}]}}