{"id":7383,"date":"2017-08-03T15:51:36","date_gmt":"2017-08-03T15:51:36","guid":{"rendered":"https:\/\/www.power2max.com\/shipping-costs\/"},"modified":"2022-09-20T04:46:02","modified_gmt":"2022-09-20T04:46:02","slug":"coste-de-envio","status":"publish","type":"page","link":"https:\/\/www.power2max.com\/es\/coste-de-envio\/","title":{"rendered":"Coste de env\u00edo"},"content":{"rendered":"<h3>Costes de env\u00edo<\/h3>\n<table class=\"tableizer-table\">\n<thead>\n<tr class=\"tableizer-firstrow\">\n<th>Pais<\/th>\n<th>a 15,00 \u20ac<\/th>\n<th>UPS Standard de 15,01 \u20ac<\/th>\n<\/tr>\n<\/thead>\n<tbody>\n<tr>\n<td>Alemania<\/td>\n<td>4,90 \u20ac<\/td>\n<td>9,90 \u20ac<\/td>\n<\/tr>\n<tr>\n<td>Argentina<\/td>\n<td>14,90 \u20ac<\/td>\n<td>75,00 \u20ac<\/td>\n<\/tr>\n<tr>\n<td>Australia<\/td>\n<td>14,90 \u20ac<\/td>\n<td>95,00 \u20ac<\/td>\n<\/tr>\n<tr>\n<td>Austria<\/td>\n<td>9,90 \u20ac<\/td>\n<td>19,90 \u20ac<\/td>\n<\/tr>\n<tr>\n<td>B\u00e9lgica<\/td>\n<td>9,90 \u20ac<\/td>\n<td>19,90 \u20ac<\/td>\n<\/tr>\n<tr>\n<td>Brasil<\/td>\n<td>14,90 \u20ac<\/td>\n<td>75,00 \u20ac<\/td>\n<\/tr>\n<tr>\n<td>Bulgaria<\/td>\n<td>9,90 \u20ac<\/td>\n<td>19,90 \u20ac<\/td>\n<\/tr>\n<tr>\n<td>Chile<\/td>\n<td>14,90 \u20ac<\/td>\n<td>75,00 \u20ac<\/td>\n<\/tr>\n<tr>\n<td>Chipre<\/td>\n<td>9,90 \u20ac<\/td>\n<td>49,90 \u20ac<\/td>\n<\/tr>\n<tr>\n<td>Colombia<\/td>\n<td>14,90 \u20ac<\/td>\n<td>89,00 \u20ac<\/td>\n<\/tr>\n<tr>\n<td>Costa Rica<\/td>\n<td>14,90 \u20ac<\/td>\n<td>75,00 \u20ac<\/td>\n<\/tr>\n<tr>\n<td>Croacia<\/td>\n<td>9,90 \u20ac<\/td>\n<td>19,90 \u20ac<\/td>\n<\/tr>\n<tr>\n<td>Dinamarca<\/td>\n<td>9,90 \u20ac<\/td>\n<td>19,90 \u20ac<\/td>\n<\/tr>\n<tr>\n<td>Emiratos Arabes Unidos<\/td>\n<td>14,90 \u20ac<\/td>\n<td>89,00 \u20ac<\/td>\n<\/tr>\n<tr>\n<td>Eslovaquia<\/td>\n<td>9,90 \u20ac<\/td>\n<td>19,90 \u20ac<\/td>\n<\/tr>\n<tr>\n<td>Eslovina<\/td>\n<td>9,90 \u20ac<\/td>\n<td>19,90 \u20ac<\/td>\n<\/tr>\n<tr>\n<td>Espa\u00f1a (continental)<\/td>\n<td>9,90 \u20ac<\/td>\n<td>24,90 \u20ac<\/td>\n<\/tr>\n<tr>\n<td>Espa\u00f1a (Islas Baleares)<\/td>\n<td>14,90 \u20ac<\/td>\n<td>29,90 \u20ac<\/td>\n<\/tr>\n<tr>\n<td>Espa\u00f1a (Islas Canarias)<\/td>\n<td>14,90 \u20ac<\/td>\n<td>89,00 \u20ac<\/td>\n<\/tr>\n<tr>\n<td>Estonia<\/td>\n<td>9,90 \u20ac<\/td>\n<td>19,90 \u20ac<\/td>\n<\/tr>\n<tr>\n<td>Finlandia<\/td>\n<td>9,90 \u20ac<\/td>\n<td>19,90 \u20ac<\/td>\n<\/tr>\n<tr>\n<td>Francia<\/td>\n<td>9,90 \u20ac<\/td>\n<td>19,90 \u20ac<\/td>\n<\/tr>\n<tr>\n<td>Gibraltar<\/td>\n<td>19,90 \u20ac<\/td>\n<td>75,00 \u20ac<\/td>\n<\/tr>\n<tr>\n<td>Grecia<\/td>\n<td>9,90 \u20ac<\/td>\n<td>19,90 \u20ac<\/td>\n<\/tr>\n<tr>\n<td>Groenlandia<\/td>\n<td>14,90 \u20ac<\/td>\n<td>54,90 \u20ac<\/td>\n<\/tr>\n<tr>\n<td>Guadeloupe<\/td>\n<td>14,90 \u20ac<\/td>\n<td>129,00 \u20ac<\/td>\n<\/tr>\n<tr>\n<td>Guatemala<\/td>\n<td>14,90 \u20ac<\/td>\n<td>89,00 \u20ac<\/td>\n<\/tr>\n<tr>\n<td>Holanda<\/td>\n<td>9,90 \u20ac<\/td>\n<td>19,90 \u20ac<\/td>\n<\/tr>\n<tr>\n<td>Hungr\u00eda<\/td>\n<td>9,90 \u20ac<\/td>\n<td>19,90 \u20ac<\/td>\n<\/tr>\n<tr>\n<td>Irlanda<\/td>\n<td>9,90 \u20ac<\/td>\n<td>24,90 \u20ac<\/td>\n<\/tr>\n<tr>\n<td>Islandia<\/td>\n<td>9,90 \u20ac<\/td>\n<td>54,90 \u20ac<\/td>\n<\/tr>\n<tr>\n<td>Italia<\/td>\n<td>9,90 \u20ac<\/td>\n<td>24,90 \u20ac<\/td>\n<\/tr>\n<tr>\n<td>Letonia<\/td>\n<td>9,90 \u20ac<\/td>\n<td>19,90 \u20ac<\/td>\n<\/tr>\n<tr>\n<td>Liechtenstein<\/td>\n<td>9,90 \u20ac<\/td>\n<td>19,90 \u20ac<\/td>\n<\/tr>\n<tr>\n<td>Lituania<\/td>\n<td>9,90 \u20ac<\/td>\n<td>19,90 \u20ac<\/td>\n<\/tr>\n<tr>\n<td>Luxemburgo<\/td>\n<td>9,90 \u20ac<\/td>\n<td>19,90 \u20ac<\/td>\n<\/tr>\n<tr>\n<td>Malta<\/td>\n<td>9,90 \u20ac<\/td>\n<td>49,90 \u20ac<\/td>\n<\/tr>\n<tr>\n<td>Melilla<\/td>\n<td>14,90 \u20ac<\/td>\n<td>129,00 \u20ac<\/td>\n<\/tr>\n<tr>\n<td>M\u00e9xico<\/td>\n<td>14,90 \u20ac<\/td>\n<td>129,00 \u20ac<\/td>\n<\/tr>\n<tr>\n<td>Noruega<\/td>\n<td>14,90 \u20ac<\/td>\n<td>29,00 \u20ac<\/td>\n<\/tr>\n<tr>\n<td>Nueva Zelanda<\/td>\n<td>14,90 \u20ac<\/td>\n<td>95,00 \u20ac<\/td>\n<\/tr>\n<tr>\n<td>Polonia<\/td>\n<td>9,90 \u20ac<\/td>\n<td>19,90 \u20ac<\/td>\n<\/tr>\n<tr>\n<td>Portugal<\/td>\n<td>9,90 \u20ac<\/td>\n<td>19,90 \u20ac<\/td>\n<\/tr>\n<tr>\n<td>Reino Unido<\/td>\n<td>9,90 \u20ac<\/td>\n<td>19,90 \u20ac<\/td>\n<\/tr>\n<tr>\n<td>Reino Unido (Islas Anglonormandas)<\/td>\n<td>14,90 \u20ac<\/td>\n<td>44,90 \u20ac<\/td>\n<\/tr>\n<tr>\n<td>Rep\u00fablica Checa<\/td>\n<td>9,90 \u20ac<\/td>\n<td>19,90 \u20ac<\/td>\n<\/tr>\n<tr>\n<td>Ruman\u00eda<\/td>\n<td>9,90 \u20ac<\/td>\n<td>19,90 \u20ac<\/td>\n<\/tr>\n<tr>\n<td>Rusia<\/td>\n<td>14,90 \u20ac<\/td>\n<td>75,00 \u20ac<\/td>\n<\/tr>\n<tr>\n<td>Singapore<\/td>\n<td>14,90 \u20ac<\/td>\n<td>75,00 \u20ac<\/td>\n<\/tr>\n<tr>\n<td>Suecia<\/td>\n<td>9,90 \u20ac<\/td>\n<td>19,90 \u20ac<\/td>\n<\/tr>\n<tr>\n<td>Suiza<\/td>\n<td>14,90 \u20ac<\/td>\n<td>29,00 \u20ac<\/td>\n<\/tr>\n<tr>\n<td>Tailandia<\/td>\n<td>14,90 \u20ac<\/td>\n<td>75,00 \u20ac<\/td>\n<\/tr>\n<tr>\n<td>Taiw\u00e1n<\/td>\n<td>14,90 \u20ac<\/td>\n<td>75,00 \u20ac<\/td>\n<\/tr>\n<tr>\n<td>Turqu\u00eda<\/td>\n<td>14,90 \u20ac<\/td>\n<td>75,00 \u20ac<\/td>\n<\/tr>\n<\/tbody>\n<\/table>\n<p>Los gastos de env\u00edo para pa\u00edses dentro de la UE incluyen los impuestos del pa\u00eds elegido.<br \/>\nOtros paises preiva petici\u00f3n.<\/p>\n","protected":false},"excerpt":{"rendered":"<p>Costes de env\u00edo Pais a 15,00 \u20ac UPS Standard de 15,01 \u20ac Alemania 4,90 \u20ac 9,90 \u20ac Argentina 14,90 \u20ac [&hellip;]<\/p>\n","protected":false},"author":1,"featured_media":0,"parent":0,"menu_order":0,"comment_status":"closed","ping_status":"closed","template":"","meta":{"footnotes":""},"product_cat":[],"class_list":["post-7383","page","type-page","status-publish","hentry"],"acf":[],"_links":{"self":[{"href":"https:\/\/www.power2max.com\/es\/wp-json\/wp\/v2\/pages\/7383","targetHints":{"allow":["GET"]}}],"collection":[{"href":"https:\/\/www.power2max.com\/es\/wp-json\/wp\/v2\/pages"}],"about":[{"href":"https:\/\/www.power2max.com\/es\/wp-json\/wp\/v2\/types\/page"}],"author":[{"embeddable":true,"href":"https:\/\/www.power2max.com\/es\/wp-json\/wp\/v2\/users\/1"}],"replies":[{"embeddable":true,"href":"https:\/\/www.power2max.com\/es\/wp-json\/wp\/v2\/comments?post=7383"}],"version-history":[{"count":14,"href":"https:\/\/www.power2max.com\/es\/wp-json\/wp\/v2\/pages\/7383\/revisions"}],"predecessor-version":[{"id":55740,"href":"https:\/\/www.power2max.com\/es\/wp-json\/wp\/v2\/pages\/7383\/revisions\/55740"}],"wp:attachment":[{"href":"https:\/\/www.power2max.com\/es\/wp-json\/wp\/v2\/media?parent=7383"}],"wp:term":[{"taxonomy":"product_cat","embeddable":true,"href":"https:\/\/www.power2max.com\/es\/wp-json\/wp\/v2\/product_cat?post=7383"}],"curies":[{"name":"wp","href":"https:\/\/api.w.org\/{rel}","templated":true}]}}