{"id":5553,"date":"2017-11-06T15:00:07","date_gmt":"2017-11-06T15:00:07","guid":{"rendered":"https:\/\/www.power2max.com\/returns\/"},"modified":"2018-03-01T07:47:50","modified_gmt":"2018-03-01T07:47:50","slug":"devoluciones","status":"publish","type":"page","link":"https:\/\/www.power2max.com\/es\/devoluciones\/","title":{"rendered":"Devoluci\u00f3nes"},"content":{"rendered":"<p><strong>Devoluciones de productos est\u00e1ndar para clientes de la UE<\/strong><\/p>\n<p>Si cambia de opini\u00f3n sobre la compra de su medidor de potencia o cualquier otro art\u00edculo no personalizado, le ofrecemos devolver su compra.<\/p>\n<p>A continuaci\u00f3n, explicamos la pol\u00edtica y las pautas de devoluci\u00f3n de power2max. \u00a1Por favor lea cuidadosamente!<\/p>\n<p>Para devolvernos un producto, aseg\u00farese \/ tenga en cuenta:<\/p>\n<ul>\n<li>Nos contacta dentro de los 14 d\u00edas a partir de la recepci\u00f3n de su pedido, anunciando la devoluci\u00f3n.\u00a0\u00a0<a href=\"\/es\/right-of-revocation\/\">(Verifique su derecho de revocaci\u00f3n aqu\u00ed.)<\/a><\/li>\n<li>Su pedido ser\u00e1 devuelto dentro de los 30 d\u00edas a partir del d\u00eda en que nos haya informado sobre la devoluci\u00f3n.<\/li>\n<li>Los art\u00edculos comprados no se han usado y se encuentran en perfectas condiciones, as\u00ed como su emboltorio.<\/li>\n<li>El reembolso total del art\u00edculo devuelto solo se puede realizar si la devoluci\u00f3n est\u00e1 en perfectas condiciones para que podamos volver a venderlo.<\/li>\n<li>Usted es responsable de devolver el art\u00edculo. Aseg\u00farese de tomar las medidas adecuadas para garantizar la seguridad de los contenidos durante el transporte. No estamos obligados a reembolsar o cambiar sus art\u00edculos devueltos si no se tomaron medidas razonables para un transporte seguro.<\/li>\n<li>Los art\u00edculos deben devolverse con todas las etiquetas relevantes, marcas y material de acompa\u00f1amiento espec\u00edfico para el art\u00edculo, as\u00ed como art\u00edculos gratuitos.<\/li>\n<li>Los art\u00edculos deben estar en su estado original y ser\u00e1n inspeccionados una vez que los hayamos recibido.<\/li>\n<\/ul>\n<p>Env\u00ede su devoluci\u00f3n a la siguiente direcci\u00f3n<\/p>\n<p><strong>power2max Customer Service<br \/>\nSaxonar GmbH<\/strong><br \/>\n<strong>Hauptstra\u00dfe 54<\/strong><br \/>\n<strong>02906 Waldhufen<\/strong><br \/>\n<strong>Germany<\/strong><\/p>\n<p><strong>Aseg\u00farese de etiquetar su paquete en el exterior con RETURN + su n\u00famero de pedido de 9 d\u00edgitos, por ejemplo: RETURN p2m123456!<\/strong><\/p>\n<p><strong>Reembolso<\/strong><\/p>\n<p>Despu\u00e9s de que su devoluci\u00f3n haya sido revisada y clasificada para estar en perfectas condiciones, su reembolso se har\u00e1 a su forma de pago original, es decir, tarjeta, cuenta de PayPal, etc. (Tenga en cuenta que esto puede demorar hasta 5 d\u00edas dependiendo de su banco).<\/p>\n<p><strong>Cancelaci\u00f3n de pedidos antes de la recepci\u00f3n de los productos<\/strong><\/p>\n<p>Si cambia de opini\u00f3n y desea cancelar su pedido antes de la recepci\u00f3n de los productos, es posible que se cancele si su orden a\u00fan no se ha enviado. Para cancelar su pedido, necesitamos su confirmaci\u00f3n por escrito de la cancelaci\u00f3n. <a href=\"\/es\/contacto\/\">Utilice el formulario de contacto para enviar su cancelaci\u00f3n por escrito.<\/a><\/p>\n<p>&nbsp;<\/p>\n<p><strong>Devoluciones internacionales \/ fuera de la UE<\/strong><\/p>\n<p>Todos los clientes internacionales son responsables de los costos de devolver los art\u00edculos. Tenga en cuenta que el derecho de revocaci\u00f3n muere no se aplica a los residentes de fuera de la UE. Si desea devolver su pedido, <a href=\"\/es\/contacto\">\u00a1aseg\u00farese de ponerse en contacto con el servicio de atenci\u00f3n al cliente de p2m primero!<\/a><\/p>\n<p>Por favor marque su paquete de devoluci\u00f3n como una \u00abDEVOLUCI\u00d3N AL REMITENTE ORIGINAL&#8217;. Esto asegurar\u00e1 que no haya aranceles aduaneros a pagar. Los env\u00edos no debidamente marcados le ser\u00e1n devueltos para ser reenviados correctamente.<\/p>\n","protected":false},"excerpt":{"rendered":"<p>Devoluciones de productos est\u00e1ndar para clientes de la UE Si cambia de opini\u00f3n sobre la compra de su medidor de [&hellip;]<\/p>\n","protected":false},"author":1,"featured_media":4469,"parent":0,"menu_order":0,"comment_status":"closed","ping_status":"closed","template":"","meta":{"footnotes":""},"product_cat":[],"class_list":["post-5553","page","type-page","status-publish","has-post-thumbnail","hentry"],"acf":[],"_links":{"self":[{"href":"https:\/\/www.power2max.com\/es\/wp-json\/wp\/v2\/pages\/5553","targetHints":{"allow":["GET"]}}],"collection":[{"href":"https:\/\/www.power2max.com\/es\/wp-json\/wp\/v2\/pages"}],"about":[{"href":"https:\/\/www.power2max.com\/es\/wp-json\/wp\/v2\/types\/page"}],"author":[{"embeddable":true,"href":"https:\/\/www.power2max.com\/es\/wp-json\/wp\/v2\/users\/1"}],"replies":[{"embeddable":true,"href":"https:\/\/www.power2max.com\/es\/wp-json\/wp\/v2\/comments?post=5553"}],"version-history":[{"count":4,"href":"https:\/\/www.power2max.com\/es\/wp-json\/wp\/v2\/pages\/5553\/revisions"}],"predecessor-version":[{"id":10402,"href":"https:\/\/www.power2max.com\/es\/wp-json\/wp\/v2\/pages\/5553\/revisions\/10402"}],"wp:featuredmedia":[{"embeddable":true,"href":"https:\/\/www.power2max.com\/es\/wp-json\/wp\/v2\/media\/4469"}],"wp:attachment":[{"href":"https:\/\/www.power2max.com\/es\/wp-json\/wp\/v2\/media?parent=5553"}],"wp:term":[{"taxonomy":"product_cat","embeddable":true,"href":"https:\/\/www.power2max.com\/es\/wp-json\/wp\/v2\/product_cat?post=5553"}],"curies":[{"name":"wp","href":"https:\/\/api.w.org\/{rel}","templated":true}]}}