{"id":5268,"date":"2017-07-19T14:15:57","date_gmt":"2017-07-19T14:15:57","guid":{"rendered":"https:\/\/www.power2max.com\/about-power2max\/"},"modified":"2018-02-21T11:10:39","modified_gmt":"2018-02-21T11:10:39","slug":"somos-power2max","status":"publish","type":"page","link":"https:\/\/www.power2max.com\/es\/somos-power2max\/","title":{"rendered":"Somos power2max"},"content":{"rendered":"<p style=\"text-align: left;\">Nuestra historia comienza en 2006, cuando surgi\u00f3 la idea de desarrollar un medidor de potencia. En aquel momento los fundadores de p2m trabajaban en la industria del autom\u00f3vil, desarrollando y fabricando productos wireless para los mejores fabricantes. Como buenos ciclistas con pasi\u00f3n por la tecnolog\u00eda, Marco y Andreas estaban muy interesados en el entrenamiento por potencia pero no encontraban el producto correcto para ellos. Los medidores de potencia disponibles en aquella \u00e9poca o bien eran muy caros o no cumpl\u00edan sus pretensiones t\u00e9cnicas en cuesti\u00f3n de precisi\u00f3n y fiabilidad.<\/p>\n<p style=\"text-align: left;\">El objetivo era claro: Desarrollar un medidor de potencia fiable, f\u00e1cil de usar, preciso y a un precio justo!<\/p>\n","protected":false},"excerpt":{"rendered":"<p>Nuestra historia comienza en 2006, cuando surgi\u00f3 la idea de desarrollar un medidor de potencia. En aquel momento los fundadores [&hellip;]<\/p>\n","protected":false},"author":1,"featured_media":4921,"parent":0,"menu_order":0,"comment_status":"closed","ping_status":"closed","template":"page-templates\/page-about.php","meta":{"footnotes":""},"product_cat":[],"class_list":["post-5268","page","type-page","status-publish","has-post-thumbnail","hentry"],"acf":[],"_links":{"self":[{"href":"https:\/\/www.power2max.com\/es\/wp-json\/wp\/v2\/pages\/5268","targetHints":{"allow":["GET"]}}],"collection":[{"href":"https:\/\/www.power2max.com\/es\/wp-json\/wp\/v2\/pages"}],"about":[{"href":"https:\/\/www.power2max.com\/es\/wp-json\/wp\/v2\/types\/page"}],"author":[{"embeddable":true,"href":"https:\/\/www.power2max.com\/es\/wp-json\/wp\/v2\/users\/1"}],"replies":[{"embeddable":true,"href":"https:\/\/www.power2max.com\/es\/wp-json\/wp\/v2\/comments?post=5268"}],"version-history":[{"count":8,"href":"https:\/\/www.power2max.com\/es\/wp-json\/wp\/v2\/pages\/5268\/revisions"}],"predecessor-version":[{"id":9777,"href":"https:\/\/www.power2max.com\/es\/wp-json\/wp\/v2\/pages\/5268\/revisions\/9777"}],"wp:featuredmedia":[{"embeddable":true,"href":"https:\/\/www.power2max.com\/es\/wp-json\/wp\/v2\/media\/4921"}],"wp:attachment":[{"href":"https:\/\/www.power2max.com\/es\/wp-json\/wp\/v2\/media?parent=5268"}],"wp:term":[{"taxonomy":"product_cat","embeddable":true,"href":"https:\/\/www.power2max.com\/es\/wp-json\/wp\/v2\/product_cat?post=5268"}],"curies":[{"name":"wp","href":"https:\/\/api.w.org\/{rel}","templated":true}]}}