{"id":5264,"date":"2017-11-06T14:58:53","date_gmt":"2017-11-06T14:58:53","guid":{"rendered":"https:\/\/www.power2max.com\/right-of-revocation\/"},"modified":"2018-09-10T13:47:47","modified_gmt":"2018-09-10T13:47:47","slug":"right-of-revocation","status":"publish","type":"page","link":"https:\/\/www.power2max.com\/es\/right-of-revocation\/","title":{"rendered":"Derecho de Revocaci\u00f3n"},"content":{"rendered":"<p><strong>Instrucciones sobre el derecho de revocaci\u00f3n de los consumidores<\/strong><\/p>\n<p><strong>Derecho de revocaci\u00f3n<\/strong><\/p>\n<p>Usted tiene el derecho de revocar este contrato dentro de los catorce d\u00edas sin indicar los motivos. El plazo para la revocaci\u00f3n es de catorce d\u00edas a partir de la fecha en que usted o un tercero designado por usted, que no sea el transportista, tom\u00f3 posesi\u00f3n de los bienes.<\/p>\n<p>Para ejercer su derecho de revocaci\u00f3n, debe informarnos (Saxonar GmbH, Hauptstra\u00dfe 54, 02906 Waldhufen OT Nieder Seifersdorf, Alemania, Tel\u00e9fono: + 49 3 58 27 \u2013 84 99 1190, E-Mail: support [at] power2max.de) por medio de una declaraci\u00f3n clara (por ejemplo, mediante una carta enviada por correo postal o un correo electr\u00f3nico) sobre su decisi\u00f3n de revocar este contrato. Puede usar el formulario de revocaci\u00f3n de muestra para este prop\u00f3sito, pero esto no es obligatorio.<\/p>\n<p>Para cumplir con el l\u00edmite de tiempo para la revocaci\u00f3n, es suficiente que env\u00ede la notificaci\u00f3n sobre el ejercicio del derecho de revocaci\u00f3n antes de la expiraci\u00f3n del plazo para la revocaci\u00f3n.<\/p>\n<p><strong>Consecuencias de la revocaci\u00f3n<\/strong><\/p>\n<p>Si revoca el contrato, debemos reembolsarle todos los pagos que hayamos recibido de usted, incluidos los costos de env\u00edo (con la excepci\u00f3n de los costos adicionales derivados de haber elegido un tipo diferente de entrega de nuestra entrega est\u00e1ndar de bajo costo), sin demoras indebidas y, a m\u00e1s tardar, dentro de los catorce d\u00edas a partir de la fecha en que recibimos la notificaci\u00f3n de su revocaci\u00f3n de este contrato. Para este reembolso, utilizamos los mismos medios de pago que emple\u00f3 en la transacci\u00f3n original, a menos que se haya acordado expresamente algo diferente con usted; nunca le cobraremos ninguna tarifa en relaci\u00f3n con este reembolso.<\/p>\n<p>Podemos rechazar el reembolso hasta que hayamos recibido los productos devueltos o hasta que nos haya demostrado que ha devuelto los bienes, dependiendo de que\u00a0 manera es mas r\u00e1pido.<\/p>\n<p>Debe devolvernos o devolver los productos sin demora indebida y, en cualquier caso, a m\u00e1s tardar dentro de los catorce d\u00edas a partir de la fecha en que nos informa sobre la revocaci\u00f3n de este contrato. El l\u00edmite de tiempo se cumple si env\u00eda la mercanc\u00eda antes del vencimiento del plazo de catorce d\u00edas. Usted asume los costos directos de devolver los productos.<\/p>\n<p>Solo debe reembolsar cualquier p\u00e9rdida de valor de los bienes si esta p\u00e9rdida de valor es atribuible al tratamiento de los bienes que no es necesario para el examen de la condici\u00f3n, las caracter\u00edsticas y el m\u00e9todo de funcionamiento de los bienes.<\/p>\n<p>&nbsp;<\/p>\n<hr \/>\n<p><strong>Exclusi\u00f3n o vencimiento anticipado del derecho de revocaci\u00f3n<\/strong><\/p>\n<p>El derecho de revocaci\u00f3n no existe en caso de contratos<\/p>\n<p>para la entrega de productos que no son prefabricados y para cuya fabricaci\u00f3n es necesaria una elecci\u00f3n o especificaci\u00f3n individual por parte del cliente, o que est\u00e1n claramente adaptados a los requisitos personales del consumidor;<br \/>\nEl derecho de revocaci\u00f3n vence temprano en caso de contratos<\/p>\n<p>para la entrega de bienes si estos se mezclan inextricablemente con otros bienes despu\u00e9s de la entrega, debido a su condici\u00f3n;<br \/>\npara la entrega de grabaciones de sonido o video o software de computadora en envases sellados si el sello se ha eliminado despu\u00e9s de la entrega.<\/p>\n<hr \/>\n<p><strong>Ejemplo de Formulario de revocaci\u00f3n<\/strong><\/p>\n<p>(Si desea revocar el contrato, complete este formulario y env\u00edelo nuevamente).<\/p>\n<p>&nbsp;<\/p>\n<ul>\n<li>Para Saxonar GmbH, Hauptstra\u00dfe 54, 02906 Waldhufen OT Nieder Seifersdorf, Alemania<\/li>\n<li>Tel\u00e9fono: +49 35827-849889, Correo electr\u00f3nico: support [at] power2max.de<\/li>\n<li>Yo \/ Nosotros (*) revoco el contrato celebrado por m\u00ed \/ nosotros (*) para la compra de los siguientes productos (*) \/ la prestaci\u00f3n de los siguientes servicios (*)<\/li>\n<li>Pedido el (*) \/ recibido el (*)<\/li>\n<li>Nombre del consumidor (s)<\/li>\n<li>Direcci\u00f3n del consumidor (s)<\/li>\n<li>Firma del consumidor (s) (solo en caso de notificaci\u00f3n en papel)<\/li>\n<li>Fecha<br \/>\n__________<\/li>\n<\/ul>\n<p>(*) Eliminar seg\u00fan corresponda.<\/p>\n","protected":false},"excerpt":{"rendered":"<p>Instrucciones sobre el derecho de revocaci\u00f3n de los consumidores Derecho de revocaci\u00f3n Usted tiene el derecho de revocar este contrato [&hellip;]<\/p>\n","protected":false},"author":1,"featured_media":4911,"parent":0,"menu_order":0,"comment_status":"closed","ping_status":"closed","template":"","meta":{"footnotes":""},"product_cat":[],"class_list":["post-5264","page","type-page","status-publish","has-post-thumbnail","hentry"],"acf":[],"_links":{"self":[{"href":"https:\/\/www.power2max.com\/es\/wp-json\/wp\/v2\/pages\/5264","targetHints":{"allow":["GET"]}}],"collection":[{"href":"https:\/\/www.power2max.com\/es\/wp-json\/wp\/v2\/pages"}],"about":[{"href":"https:\/\/www.power2max.com\/es\/wp-json\/wp\/v2\/types\/page"}],"author":[{"embeddable":true,"href":"https:\/\/www.power2max.com\/es\/wp-json\/wp\/v2\/users\/1"}],"replies":[{"embeddable":true,"href":"https:\/\/www.power2max.com\/es\/wp-json\/wp\/v2\/comments?post=5264"}],"version-history":[{"count":4,"href":"https:\/\/www.power2max.com\/es\/wp-json\/wp\/v2\/pages\/5264\/revisions"}],"predecessor-version":[{"id":17219,"href":"https:\/\/www.power2max.com\/es\/wp-json\/wp\/v2\/pages\/5264\/revisions\/17219"}],"wp:featuredmedia":[{"embeddable":true,"href":"https:\/\/www.power2max.com\/es\/wp-json\/wp\/v2\/media\/4911"}],"wp:attachment":[{"href":"https:\/\/www.power2max.com\/es\/wp-json\/wp\/v2\/media?parent=5264"}],"wp:term":[{"taxonomy":"product_cat","embeddable":true,"href":"https:\/\/www.power2max.com\/es\/wp-json\/wp\/v2\/product_cat?post=5264"}],"curies":[{"name":"wp","href":"https:\/\/api.w.org\/{rel}","templated":true}]}}