{"id":5250,"date":"2017-08-03T15:56:17","date_gmt":"2017-08-03T15:56:17","guid":{"rendered":"https:\/\/www.power2max.com\/imprint\/"},"modified":"2018-09-10T13:32:12","modified_gmt":"2018-09-10T13:32:12","slug":"pie-de-imprenta","status":"publish","type":"page","link":"https:\/\/www.power2max.com\/es\/pie-de-imprenta\/","title":{"rendered":"Pie de imprenta"},"content":{"rendered":"<p>Saxonar GmbH<br \/>\nHauptstra\u00dfe 54<br \/>\n02906 Waldhufen OT Nieder Seifersdorf<br \/>\nGermany<\/p>\n<p>Tel\u00e9fono: + 49 3 58 27 \u2013 84 99 1190<\/p>\n<p>E-Mail:\u00a0support[at]power2max.de<br \/>\nWeb:\u00a0www.power2max.com<\/p>\n<p>Director: Dipl.-Ing. (FH) Andreas G\u00f6rnitz<br \/>\nRegistro Comercial: Register Court Dresden<br \/>\nN\u00famero de registro: HRB 26716<br \/>\nVAT-ID: DE260186022<\/p>\n<p>&nbsp;<\/p>\n<p>&nbsp;<\/p>\n<hr \/>\n<p><strong>Exclusi\u00f3n de responsabilidad<\/strong><\/p>\n<p><strong>1. Contenido de la oferta online<\/strong><\/p>\n<p>El autor no garantiza que la informaci\u00f3n proporcionada sea actualizada, correcta, completa o de una calidad particular. Las reclamaciones de responsabilidad contra el autor relacionadas con da\u00f1os de naturaleza material o ideal que surgen del uso o la falta de uso de la informaci\u00f3n proporcionada y \/ o mediante el uso de informaci\u00f3n defectuosa e incompleta est\u00e1n excluidas en principio, a menos que pueda demostrarse que el autor tuvo la culpa debido a intencionalidad o negligencia grave.<\/p>\n<p>Todas las ofertas son sin compromiso y sin compromiso. El autor se reserva expresamente el derecho de alterar, complementar o cancelar partes de la p\u00e1gina o toda la oferta sin previo aviso por separado, o dejar de publicar en su totalidad o en parte.<\/p>\n<p><strong>2.\u00a0Resoluci\u00f3n de conflictos online<\/strong><br \/>\nLa Comisi\u00f3n Europea ha creado una plataforma para la resoluci\u00f3n de disputas de manera extrajudicial. Esto permite al consumidor resolver los conflictos relacionados con compras realizadas en comercios online sin la necesidad de un proceso judicial. Este proceso resolutivo est\u00e1 disponible externamente aqu\u00ed:\u00a0<a href=\"https:\/\/ec.europa.eu\/consumers\/odr\/main\/?event=main.home2.show\">https:\/\/ec.europa.eu\/consumers\/odr\/main\/?event=main.home2.show<\/a>.<\/p>\n<p><strong>2. Referencias y enlaces<\/strong><\/p>\n<p>En caso de referencias directas o indirectas a otros sitios web (\u00abhiperv\u00ednculos\u00bb) fuera de la esfera de influencia del autor, una obligaci\u00f3n de responsabilidad solo se presentar\u00eda en caso de que el autor tuviera conocimiento de los contenidos y ser\u00eda t\u00e9cnicamente posible y razonable para \u00e9l evitar el uso en el caso de contenido ilegal. El autor declara expresamente que en el momento de la configuraci\u00f3n del enlace, no se pod\u00edan distinguir contenidos ilegales en las p\u00e1ginas a vincular. El autor no tiene influencia alguna sobre el dise\u00f1o actual y futuro, el contenido o la autor\u00eda de las p\u00e1ginas enlazadas \/ conectadas. Por este motivo, se distancia expresamente de todos los contenidos de todas las p\u00e1ginas enlazadas \/ conectadas.<\/p>\n<p>Esto se aplica a todos los enlaces y referencias establecidos en la propia oferta de Internet y para las entradas de terceros en libros de visitas, foros de discusi\u00f3n, listas de enlaces, listas de correo y en todas las dem\u00e1s formas de bancos de datos que permiten el acceso de escritura externa a su contenido. El proveedor de la p\u00e1gina a la que se hace referencia es exclusivamente responsable de contenido ilegal, defectuoso o incompleto y en particular por da\u00f1os que surjan del uso o no uso de dicha informaci\u00f3n ofrecida, no de la persona que simplemente se refiere a la publicaci\u00f3n respectiva a trav\u00e9s de enlaces.<\/p>\n<p>&nbsp;<\/p>\n<p><strong>3. Derecho de autor y etiquetado<\/strong><\/p>\n<p>En todas las publicaciones, el autor se esfuerza por respetar los derechos de autor de las im\u00e1genes, gr\u00e1ficos, documentos de sonido, secuencias de video y textos utilizados, para usar sus propias im\u00e1genes, gr\u00e1ficos, documentos de sonido, secuencias de video y textos o para utilizar im\u00e1genes, gr\u00e1ficos y documentos de sonido. , secuencias de video y textos sin licencia. Todas las marcas comerciales y marcas especificadas dentro de la oferta de Internet y posiblemente protegidas por terceros est\u00e1n sujetas sin restricciones a las disposiciones de la respectiva ley de etiquetado aplicable y a los derechos de posesi\u00f3n del propietario registrado respectivo. La mera denominaci\u00f3n en s\u00ed misma no lleva a la conclusi\u00f3n de que las marcas registradas no est\u00e1n protegidas por los derechos de terceros. El derecho de autor de los art\u00edculos publicados creados por el autor sigue siendo exclusivo del autor de las p\u00e1ginas. No se permite la duplicaci\u00f3n o el uso de dichos gr\u00e1ficos, documentos de sonido, secuencias de video y textos en otras publicaciones electr\u00f3nicas o impresas sin el consentimiento expreso del autor.<\/p>\n<p>&nbsp;<\/p>\n<p><strong>4. Protecci\u00f3n de datos<\/strong><\/p>\n<p>Si la oferta de Internet presenta la oportunidad de ingresar datos personales o comerciales (direcciones de correo electr\u00f3nico, nombres, direcciones), el usuario revela estos datos de manera voluntaria. El uso y (posible) pago de todos los servicios ofrecidos es, en la medida de lo t\u00e9cnicamente posible y razonable, tambi\u00e9n permitido incluso sin la provisi\u00f3n de dichos datos o con la provisi\u00f3n de datos an\u00f3nimos o seud\u00f3nimos. Se permite el uso por parte de terceros de los datos de contacto publicados en la impresi\u00f3n o informaci\u00f3n similar, como direcciones postales, n\u00fameros de tel\u00e9fono y fax, as\u00ed como direcciones de correo electr\u00f3nico para enviar informaci\u00f3n no solicitada expresamente. El derecho est\u00e1 expresamente reservado para emprender acciones legales contra los remitentes de los llamados correos electr\u00f3nicos no deseados en caso de incumplimiento de esta prohibici\u00f3n. Este sitio web utiliza Google Analytics, un servicio de an\u00e1lisis web de Google Inc. (\u00abGoogle\u00bb). Google Analytics utiliza las llamadas \u00abcookies\u00bb, archivos de texto que se almacenan en su computadora y que permiten un an\u00e1lisis de su uso del sitio web. La informaci\u00f3n generada por la cookie sobre su uso de este sitio web (incluida su direcci\u00f3n IP) se transmite a un servidor de Google en EE. UU. Y se almacena all\u00ed. Google utilizar\u00e1 esta informaci\u00f3n para evaluar su uso del sitio web, recopilar informes sobre las actividades del sitio web para los operadores del sitio web y realizar servicios adicionales relacionados con el sitio web y el uso de Internet. Google tambi\u00e9n puede transmitir esta informaci\u00f3n a terceros si est\u00e1 prescrita por ley o en la medida en que terceros procesen estos datos siguiendo las instrucciones de Google. Google bajo ninguna circunstancia conectar\u00e1 su direcci\u00f3n IP con otros datos almacenados por Google. Puede evitar la instalaci\u00f3n de las cookies a trav\u00e9s de una configuraci\u00f3n correspondiente a su software de navegador; sin embargo, le indicamos que en este caso es posible que no pueda usar todas las funciones de este sitio web en toda su extensi\u00f3n. Al utilizar este sitio web, declara su consentimiento para el procesamiento de los datos recopilados sobre usted por Google de la manera descrita anteriormente y para los fines especificados anteriormente.<\/p>\n<p>&nbsp;<\/p>\n<p><strong>5. Validez legal de esta exclusi\u00f3n de responsabilidad<\/strong><\/p>\n<p>Esta exclusi\u00f3n de responsabilidad se debe considerar como parte de la oferta de Internet desde la cual se hace referencia a esta p\u00e1gina. Si las partes o la redacci\u00f3n individual de este texto no son conformes, ya no se ajustan o no se ajustan completamente a la situaci\u00f3n legal actual aplicable, las partes restantes de este documento no se ver\u00e1n afectadas en lo que respecta al contenido y la validez.<\/p>\n","protected":false},"excerpt":{"rendered":"<p>Saxonar GmbH Hauptstra\u00dfe 54 02906 Waldhufen OT Nieder Seifersdorf Germany Tel\u00e9fono: + 49 3 58 27 \u2013 84 99 1190 [&hellip;]<\/p>\n","protected":false},"author":1,"featured_media":4469,"parent":0,"menu_order":0,"comment_status":"closed","ping_status":"closed","template":"","meta":{"footnotes":""},"product_cat":[],"acf":[],"_links":{"self":[{"href":"https:\/\/www.power2max.com\/es\/wp-json\/wp\/v2\/pages\/5250"}],"collection":[{"href":"https:\/\/www.power2max.com\/es\/wp-json\/wp\/v2\/pages"}],"about":[{"href":"https:\/\/www.power2max.com\/es\/wp-json\/wp\/v2\/types\/page"}],"author":[{"embeddable":true,"href":"https:\/\/www.power2max.com\/es\/wp-json\/wp\/v2\/users\/1"}],"replies":[{"embeddable":true,"href":"https:\/\/www.power2max.com\/es\/wp-json\/wp\/v2\/comments?post=5250"}],"version-history":[{"count":7,"href":"https:\/\/www.power2max.com\/es\/wp-json\/wp\/v2\/pages\/5250\/revisions"}],"predecessor-version":[{"id":17212,"href":"https:\/\/www.power2max.com\/es\/wp-json\/wp\/v2\/pages\/5250\/revisions\/17212"}],"wp:featuredmedia":[{"embeddable":true,"href":"https:\/\/www.power2max.com\/es\/wp-json\/wp\/v2\/media\/4469"}],"wp:attachment":[{"href":"https:\/\/www.power2max.com\/es\/wp-json\/wp\/v2\/media?parent=5250"}],"wp:term":[{"taxonomy":"product_cat","embeddable":true,"href":"https:\/\/www.power2max.com\/es\/wp-json\/wp\/v2\/product_cat?post=5250"}],"curies":[{"name":"wp","href":"https:\/\/api.w.org\/{rel}","templated":true}]}}