{"id":5222,"date":"2017-07-19T16:22:18","date_gmt":"2017-07-19T16:22:18","guid":{"rendered":"https:\/\/www.power2max.com\/contact\/"},"modified":"2018-01-29T11:16:42","modified_gmt":"2018-01-29T11:16:42","slug":"contacto","status":"publish","type":"page","link":"https:\/\/www.power2max.com\/es\/contacto\/","title":{"rendered":"Contacto"},"content":{"rendered":"<h3>Contacta con nosotros<\/h3>\n<p>Si tienes cualquier pregunta sobre nuestros productos, soporte t\u00e9cnico o compatibilidad, por favor ponte en contacto con nosotros. Solo tienes que enviarnos un mensaje a trav\u00e9s del formulario de abajo y recibir\u00e1s una respuesta en menos de 72 horas. Si tienes una pregunta sobre tu pedido no te olvides de indicar tu n\u00famero de pedido.<\/p>\n","protected":false},"excerpt":{"rendered":"<p>Contacta con nosotros Si tienes cualquier pregunta sobre nuestros productos, soporte t\u00e9cnico o compatibilidad, por favor ponte en contacto con [&hellip;]<\/p>\n","protected":false},"author":1,"featured_media":4758,"parent":0,"menu_order":0,"comment_status":"closed","ping_status":"closed","template":"page-templates\/page-contact.php","meta":{"footnotes":""},"product_cat":[],"class_list":["post-5222","page","type-page","status-publish","has-post-thumbnail","hentry"],"acf":[],"_links":{"self":[{"href":"https:\/\/www.power2max.com\/es\/wp-json\/wp\/v2\/pages\/5222","targetHints":{"allow":["GET"]}}],"collection":[{"href":"https:\/\/www.power2max.com\/es\/wp-json\/wp\/v2\/pages"}],"about":[{"href":"https:\/\/www.power2max.com\/es\/wp-json\/wp\/v2\/types\/page"}],"author":[{"embeddable":true,"href":"https:\/\/www.power2max.com\/es\/wp-json\/wp\/v2\/users\/1"}],"replies":[{"embeddable":true,"href":"https:\/\/www.power2max.com\/es\/wp-json\/wp\/v2\/comments?post=5222"}],"version-history":[{"count":4,"href":"https:\/\/www.power2max.com\/es\/wp-json\/wp\/v2\/pages\/5222\/revisions"}],"predecessor-version":[{"id":7702,"href":"https:\/\/www.power2max.com\/es\/wp-json\/wp\/v2\/pages\/5222\/revisions\/7702"}],"wp:featuredmedia":[{"embeddable":true,"href":"https:\/\/www.power2max.com\/es\/wp-json\/wp\/v2\/media\/4758"}],"wp:attachment":[{"href":"https:\/\/www.power2max.com\/es\/wp-json\/wp\/v2\/media?parent=5222"}],"wp:term":[{"taxonomy":"product_cat","embeddable":true,"href":"https:\/\/www.power2max.com\/es\/wp-json\/wp\/v2\/product_cat?post=5222"}],"curies":[{"name":"wp","href":"https:\/\/api.w.org\/{rel}","templated":true}]}}