{"id":9887,"date":"2018-02-21T13:43:39","date_gmt":"2018-02-22T12:26:57","guid":{"rendered":"https:\/\/www.power2max.com\/product\/rotor-innenlager-bb1-fur-bsa\/"},"modified":"2025-12-17T11:15:32","modified_gmt":"2025-12-17T11:15:32","slug":"rotor-innenlager-bb1-fuer-bsa","status":"publish","type":"product","link":"https:\/\/www.power2max.com\/de\/produkt\/rotor-innenlager-bb1-fuer-bsa\/","title":{"rendered":"Rotor Innenlager BB1 f\u00fcr BSA road"},"content":{"rendered":"<p>Lagerkit passend f\u00fcr Rotor 3D und FSA Gossamer.<br \/>\nPassend f\u00fcr Rahmen mit BSA Gewinde<br \/>\nStrassen und MTB Version verf\u00fcgbar.<\/p>\n","protected":false},"excerpt":{"rendered":"<p>Lagerkit passend f\u00fcr Rotor 3D und FSA Gossamer. Passend f\u00fcr Rahmen mit BSA Gewinde Strassen und MTB Version verf\u00fcgbar.<\/p>\n","protected":false},"featured_media":0,"comment_status":"open","ping_status":"closed","template":"","meta":[],"product_brand":[],"product_cat":[382,361],"product_tag":[],"model":[],"class_list":{"0":"post-9887","1":"product","2":"type-product","3":"status-publish","5":"product_cat-44-de","6":"product_cat-4-de","8":"first","9":"onbackorder","10":"taxable","11":"shipping-taxable","12":"purchasable","13":"product-type-variable"},"acf":[],"_links":{"self":[{"href":"https:\/\/www.power2max.com\/de\/wp-json\/wp\/v2\/product\/9887","targetHints":{"allow":["GET"]}}],"collection":[{"href":"https:\/\/www.power2max.com\/de\/wp-json\/wp\/v2\/product"}],"about":[{"href":"https:\/\/www.power2max.com\/de\/wp-json\/wp\/v2\/types\/product"}],"replies":[{"embeddable":true,"href":"https:\/\/www.power2max.com\/de\/wp-json\/wp\/v2\/comments?post=9887"}],"wp:attachment":[{"href":"https:\/\/www.power2max.com\/de\/wp-json\/wp\/v2\/media?parent=9887"}],"wp:term":[{"taxonomy":"product_brand","embeddable":true,"href":"https:\/\/www.power2max.com\/de\/wp-json\/wp\/v2\/product_brand?post=9887"},{"taxonomy":"product_cat","embeddable":true,"href":"https:\/\/www.power2max.com\/de\/wp-json\/wp\/v2\/product_cat?post=9887"},{"taxonomy":"product_tag","embeddable":true,"href":"https:\/\/www.power2max.com\/de\/wp-json\/wp\/v2\/product_tag?post=9887"},{"taxonomy":"model","embeddable":true,"href":"https:\/\/www.power2max.com\/de\/wp-json\/wp\/v2\/model?post=9887"}],"curies":[{"name":"wp","href":"https:\/\/api.w.org\/{rel}","templated":true}]}}