{"id":7940,"date":"2018-01-29T12:47:48","date_gmt":"2018-01-29T12:48:51","guid":{"rendered":"https:\/\/www.power2max.com\/product\/fsa-mtb-innenlager-fur-bb92\/"},"modified":"2025-11-28T21:24:09","modified_gmt":"2025-11-28T21:24:09","slug":"fsa-mtb-innenlager-fur-bb92","status":"publish","type":"product","link":"https:\/\/www.power2max.com\/de\/produkt\/fsa-mtb-innenlager-fur-bb92\/","title":{"rendered":"FSA MTB Innenlager f\u00fcr BB92"},"content":{"rendered":"<p>Lagerkit passend f\u00fcr FSA Afterburner und SL-K f\u00fcr die Montage in Rahmen mit Pressfit BB92 und Pressfit BB89.5.<\/p>\n","protected":false},"excerpt":{"rendered":"<p>Lagerkit passend f\u00fcr FSA Afterburner und SL-K f\u00fcr die Montage in Rahmen mit Pressfit BB92 und Pressfit BB89.5.<\/p>\n","protected":false},"featured_media":0,"comment_status":"open","ping_status":"closed","template":"","meta":[],"product_brand":[],"product_cat":[382,361],"product_tag":[],"model":[],"class_list":{"0":"post-7940","1":"product","2":"type-product","3":"status-publish","5":"product_cat-44-de","6":"product_cat-4-de","8":"first","9":"instock","10":"taxable","11":"shipping-taxable","12":"purchasable","13":"product-type-variable"},"acf":[],"_links":{"self":[{"href":"https:\/\/www.power2max.com\/de\/wp-json\/wp\/v2\/product\/7940","targetHints":{"allow":["GET"]}}],"collection":[{"href":"https:\/\/www.power2max.com\/de\/wp-json\/wp\/v2\/product"}],"about":[{"href":"https:\/\/www.power2max.com\/de\/wp-json\/wp\/v2\/types\/product"}],"replies":[{"embeddable":true,"href":"https:\/\/www.power2max.com\/de\/wp-json\/wp\/v2\/comments?post=7940"}],"wp:attachment":[{"href":"https:\/\/www.power2max.com\/de\/wp-json\/wp\/v2\/media?parent=7940"}],"wp:term":[{"taxonomy":"product_brand","embeddable":true,"href":"https:\/\/www.power2max.com\/de\/wp-json\/wp\/v2\/product_brand?post=7940"},{"taxonomy":"product_cat","embeddable":true,"href":"https:\/\/www.power2max.com\/de\/wp-json\/wp\/v2\/product_cat?post=7940"},{"taxonomy":"product_tag","embeddable":true,"href":"https:\/\/www.power2max.com\/de\/wp-json\/wp\/v2\/product_tag?post=7940"},{"taxonomy":"model","embeddable":true,"href":"https:\/\/www.power2max.com\/de\/wp-json\/wp\/v2\/model?post=7940"}],"curies":[{"name":"wp","href":"https:\/\/api.w.org\/{rel}","templated":true}]}}