{"id":7939,"date":"2018-01-29T12:47:48","date_gmt":"2018-01-29T12:48:51","guid":{"rendered":"https:\/\/www.power2max.com\/product\/fsa-mtb-innenlager-fur-bsa-68-73mm\/"},"modified":"2025-11-28T21:24:09","modified_gmt":"2025-11-28T21:24:09","slug":"fsa-mtb-innenlager-fur-bsa-68-73mm","status":"publish","type":"product","link":"https:\/\/www.power2max.com\/de\/produkt\/fsa-mtb-innenlager-fur-bsa-68-73mm\/","title":{"rendered":"FSA MTB Innenlager f\u00fcr BSA 68\/73mm"},"content":{"rendered":"<p>Lagerkit passend f\u00fcr FSA Afterburner und SL-K f\u00fcr die Montage in Rahmen mit BSA Lagergeh\u00e4use (68 und 78 mm).<\/p>\n","protected":false},"excerpt":{"rendered":"<p>Lagerkit passend f\u00fcr FSA Afterburner und SL-K f\u00fcr die Montage in Rahmen mit BSA Lagergeh\u00e4use (68 und 78 mm).<\/p>\n","protected":false},"featured_media":0,"comment_status":"open","ping_status":"closed","template":"","meta":[],"product_brand":[],"product_cat":[382,361],"product_tag":[],"model":[],"class_list":{"0":"post-7939","1":"product","2":"type-product","3":"status-publish","5":"product_cat-44-de","6":"product_cat-4-de","8":"first","9":"outofstock","10":"taxable","11":"shipping-taxable","12":"product-type-variable"},"acf":[],"_links":{"self":[{"href":"https:\/\/www.power2max.com\/de\/wp-json\/wp\/v2\/product\/7939","targetHints":{"allow":["GET"]}}],"collection":[{"href":"https:\/\/www.power2max.com\/de\/wp-json\/wp\/v2\/product"}],"about":[{"href":"https:\/\/www.power2max.com\/de\/wp-json\/wp\/v2\/types\/product"}],"replies":[{"embeddable":true,"href":"https:\/\/www.power2max.com\/de\/wp-json\/wp\/v2\/comments?post=7939"}],"wp:attachment":[{"href":"https:\/\/www.power2max.com\/de\/wp-json\/wp\/v2\/media?parent=7939"}],"wp:term":[{"taxonomy":"product_brand","embeddable":true,"href":"https:\/\/www.power2max.com\/de\/wp-json\/wp\/v2\/product_brand?post=7939"},{"taxonomy":"product_cat","embeddable":true,"href":"https:\/\/www.power2max.com\/de\/wp-json\/wp\/v2\/product_cat?post=7939"},{"taxonomy":"product_tag","embeddable":true,"href":"https:\/\/www.power2max.com\/de\/wp-json\/wp\/v2\/product_tag?post=7939"},{"taxonomy":"model","embeddable":true,"href":"https:\/\/www.power2max.com\/de\/wp-json\/wp\/v2\/model?post=7939"}],"curies":[{"name":"wp","href":"https:\/\/api.w.org\/{rel}","templated":true}]}}