{"id":68334,"date":"2025-05-19T14:41:22","date_gmt":"2025-05-19T14:41:22","guid":{"rendered":"https:\/\/www.power2max.com\/product\/ngeco-track-power2max-gran-fondo-power-meter-set-with-granfondo-crankset\/"},"modified":"2026-04-23T11:24:50","modified_gmt":"2026-04-23T11:24:50","slug":"ngeco-track-power2max-gran-fondo-power-meter-set-with-granfondo-crankset","status":"publish","type":"product","link":"https:\/\/www.power2max.com\/de\/produkt\/ngeco-track-power2max-gran-fondo-power-meter-set-with-granfondo-crankset\/","title":{"rendered":"NGeco Track power2max Gran Fondo Powermeter-Set mit GranFondo Kurbelsatz"},"content":{"rendered":"<p>Wir haben einen neuen TRACK p2m entwickelt, dieser ist mit unserer sehr beliebten GranFondo Kurbel kompatibel. Die Kettenline betr\u00e4gt ca. 42mm und wird \u00fcber den p2m angepasst. Der Lochkreis betr\u00e4gt BCD144mm<\/p>\n","protected":false},"excerpt":{"rendered":"<p>Wir haben einen neuen TRACK p2m entwickelt, dieser ist mit unserer sehr beliebten GranFondo Kurbel kompatibel. Die Kettenline betr\u00e4gt ca. [&hellip;]<\/p>\n","protected":false},"featured_media":0,"comment_status":"open","ping_status":"closed","template":"","meta":[],"product_brand":[],"product_cat":[377,389],"product_tag":[],"model":[],"class_list":{"0":"post-68334","1":"product","2":"type-product","3":"status-publish","5":"product_cat-32-de","6":"product_cat-power-meter-de","8":"first","9":"instock","10":"taxable","11":"shipping-taxable","12":"purchasable","13":"product-type-simple"},"acf":[],"_links":{"self":[{"href":"https:\/\/www.power2max.com\/de\/wp-json\/wp\/v2\/product\/68334","targetHints":{"allow":["GET"]}}],"collection":[{"href":"https:\/\/www.power2max.com\/de\/wp-json\/wp\/v2\/product"}],"about":[{"href":"https:\/\/www.power2max.com\/de\/wp-json\/wp\/v2\/types\/product"}],"replies":[{"embeddable":true,"href":"https:\/\/www.power2max.com\/de\/wp-json\/wp\/v2\/comments?post=68334"}],"wp:attachment":[{"href":"https:\/\/www.power2max.com\/de\/wp-json\/wp\/v2\/media?parent=68334"}],"wp:term":[{"taxonomy":"product_brand","embeddable":true,"href":"https:\/\/www.power2max.com\/de\/wp-json\/wp\/v2\/product_brand?post=68334"},{"taxonomy":"product_cat","embeddable":true,"href":"https:\/\/www.power2max.com\/de\/wp-json\/wp\/v2\/product_cat?post=68334"},{"taxonomy":"product_tag","embeddable":true,"href":"https:\/\/www.power2max.com\/de\/wp-json\/wp\/v2\/product_tag?post=68334"},{"taxonomy":"model","embeddable":true,"href":"https:\/\/www.power2max.com\/de\/wp-json\/wp\/v2\/model?post=68334"}],"curies":[{"name":"wp","href":"https:\/\/api.w.org\/{rel}","templated":true}]}}