{"id":6462,"date":"2017-12-13T15:23:28","date_gmt":"2017-12-13T15:27:00","guid":{"rendered":"https:\/\/www.power2max.com\/product\/ng-usb-abdeckung\/"},"modified":"2026-04-14T22:39:42","modified_gmt":"2026-04-14T22:39:42","slug":"ng-usb-abdeckung","status":"publish","type":"product","link":"https:\/\/www.power2max.com\/de\/produkt\/ng-usb-abdeckung\/","title":{"rendered":"NG USB Abdeckung"},"content":{"rendered":"<p>Mit der NG USB-Abdeckung k\u00f6nnen Sie nachtr\u00e4glich das Design Ihres power2max NG Leistungsmessers anpassen.<\/p>\n<p><b><span style=\"color: #ff0000\">Diese Abdeckung ist nur f\u00fcr NG Powermeter bis zur Seriennummer 089194 nutzbar.<\/span><\/b><\/p>\n","protected":false},"excerpt":{"rendered":"<p>Mit der NG USB-Abdeckung k\u00f6nnen Sie nachtr\u00e4glich das Design Ihres power2max NG Leistungsmessers anpassen. Diese Abdeckung ist nur f\u00fcr NG [&hellip;]<\/p>\n","protected":false},"featured_media":0,"comment_status":"open","ping_status":"closed","template":"","meta":[],"product_brand":[],"product_cat":[544,361,601],"product_tag":[],"model":[],"class_list":{"0":"post-6462","1":"product","2":"type-product","3":"status-publish","5":"product_cat-angebote","6":"product_cat-4-de","7":"product_cat-47-de","9":"first","10":"instock","11":"sale","12":"taxable","13":"shipping-taxable","14":"purchasable","15":"product-type-variable"},"acf":[],"_links":{"self":[{"href":"https:\/\/www.power2max.com\/de\/wp-json\/wp\/v2\/product\/6462","targetHints":{"allow":["GET"]}}],"collection":[{"href":"https:\/\/www.power2max.com\/de\/wp-json\/wp\/v2\/product"}],"about":[{"href":"https:\/\/www.power2max.com\/de\/wp-json\/wp\/v2\/types\/product"}],"replies":[{"embeddable":true,"href":"https:\/\/www.power2max.com\/de\/wp-json\/wp\/v2\/comments?post=6462"}],"wp:attachment":[{"href":"https:\/\/www.power2max.com\/de\/wp-json\/wp\/v2\/media?parent=6462"}],"wp:term":[{"taxonomy":"product_brand","embeddable":true,"href":"https:\/\/www.power2max.com\/de\/wp-json\/wp\/v2\/product_brand?post=6462"},{"taxonomy":"product_cat","embeddable":true,"href":"https:\/\/www.power2max.com\/de\/wp-json\/wp\/v2\/product_cat?post=6462"},{"taxonomy":"product_tag","embeddable":true,"href":"https:\/\/www.power2max.com\/de\/wp-json\/wp\/v2\/product_tag?post=6462"},{"taxonomy":"model","embeddable":true,"href":"https:\/\/www.power2max.com\/de\/wp-json\/wp\/v2\/model?post=6462"}],"curies":[{"name":"wp","href":"https:\/\/api.w.org\/{rel}","templated":true}]}}