{"id":6444,"date":"2017-12-13T15:23:27","date_gmt":"2017-12-13T15:26:55","guid":{"rendered":"https:\/\/www.power2max.com\/product\/fsa-k-force-light-bb386evo-kurbelsatz\/"},"modified":"2026-04-23T11:29:28","modified_gmt":"2026-04-23T11:29:28","slug":"fsa-k-force-light-bb386evo-kurbelsatz","status":"publish","type":"product","link":"https:\/\/www.power2max.com\/de\/produkt\/fsa-k-force-light-bb386evo-kurbelsatz\/","title":{"rendered":"FSA K-Force Light BB386EVO Kurbelsatz"},"content":{"rendered":"<p>Der FSA K-Force Light Kurbelsatz \u00fcberzeugt zum einen durch sein geringes Gewicht und zum anderen durch seine Steifigkeit. Die speziell f\u00fcr Leistungsmesser entwickelte Carbonkurbel ist in den L\u00e4ngen 165, 170, 172,5, 175 und 180cm erh\u00e4ltlich.<\/p>\n","protected":false},"excerpt":{"rendered":"<p>Der FSA K-Force Light Kurbelsatz \u00fcberzeugt zum einen durch sein geringes Gewicht und zum anderen durch seine Steifigkeit. Die speziell [&hellip;]<\/p>\n","protected":false},"featured_media":0,"comment_status":"open","ping_status":"closed","template":"","meta":[],"product_brand":[],"product_cat":[367],"product_tag":[],"model":[],"class_list":{"0":"post-6444","1":"product","2":"type-product","3":"status-publish","5":"product_cat-10-de","7":"first","8":"instock","9":"taxable","10":"shipping-taxable","11":"purchasable","12":"product-type-variable"},"acf":[],"_links":{"self":[{"href":"https:\/\/www.power2max.com\/de\/wp-json\/wp\/v2\/product\/6444","targetHints":{"allow":["GET"]}}],"collection":[{"href":"https:\/\/www.power2max.com\/de\/wp-json\/wp\/v2\/product"}],"about":[{"href":"https:\/\/www.power2max.com\/de\/wp-json\/wp\/v2\/types\/product"}],"replies":[{"embeddable":true,"href":"https:\/\/www.power2max.com\/de\/wp-json\/wp\/v2\/comments?post=6444"}],"wp:attachment":[{"href":"https:\/\/www.power2max.com\/de\/wp-json\/wp\/v2\/media?parent=6444"}],"wp:term":[{"taxonomy":"product_brand","embeddable":true,"href":"https:\/\/www.power2max.com\/de\/wp-json\/wp\/v2\/product_brand?post=6444"},{"taxonomy":"product_cat","embeddable":true,"href":"https:\/\/www.power2max.com\/de\/wp-json\/wp\/v2\/product_cat?post=6444"},{"taxonomy":"product_tag","embeddable":true,"href":"https:\/\/www.power2max.com\/de\/wp-json\/wp\/v2\/product_tag?post=6444"},{"taxonomy":"model","embeddable":true,"href":"https:\/\/www.power2max.com\/de\/wp-json\/wp\/v2\/model?post=6444"}],"curies":[{"name":"wp","href":"https:\/\/api.w.org\/{rel}","templated":true}]}}