{"id":6439,"date":"2017-12-13T15:23:27","date_gmt":"2017-12-13T15:26:54","guid":{"rendered":"https:\/\/www.power2max.com\/product\/powermeter-spider-ng\/"},"modified":"2025-10-24T23:28:20","modified_gmt":"2025-10-24T23:28:20","slug":"powermeter-spider-ng-sram","status":"publish","type":"product","link":"https:\/\/www.power2max.com\/de\/produkt\/powermeter-spider-ng-sram\/","title":{"rendered":"Powermeter Spider NG SRAM | Praxis"},"content":{"rendered":"<p>BCD (Lochkreisdurchmesser) bestimmt die Art und die Gr\u00f6\u00dfe der Kettenbl\u00e4tter 110 = 5-Loch f\u00fcr (50\/34) und (52\/36). BCD 130 = 5-Loch (53\/39 oder gr\u00f6\u00dfer)<\/p>\n","protected":false},"excerpt":{"rendered":"<p>BCD (Lochkreisdurchmesser) bestimmt die Art und die Gr\u00f6\u00dfe der Kettenbl\u00e4tter 110 = 5-Loch f\u00fcr (50\/34) und (52\/36). BCD 130 = [&hellip;]<\/p>\n","protected":false},"featured_media":0,"comment_status":"open","ping_status":"closed","template":"","meta":[],"product_brand":[],"product_cat":[368],"product_tag":[],"model":[],"class_list":{"0":"post-6439","1":"product","2":"type-product","3":"status-publish","5":"product_cat-11-de","7":"first","8":"onbackorder","9":"taxable","10":"shipping-taxable","11":"purchasable","12":"product-type-variable"},"acf":[],"_links":{"self":[{"href":"https:\/\/www.power2max.com\/de\/wp-json\/wp\/v2\/product\/6439","targetHints":{"allow":["GET"]}}],"collection":[{"href":"https:\/\/www.power2max.com\/de\/wp-json\/wp\/v2\/product"}],"about":[{"href":"https:\/\/www.power2max.com\/de\/wp-json\/wp\/v2\/types\/product"}],"replies":[{"embeddable":true,"href":"https:\/\/www.power2max.com\/de\/wp-json\/wp\/v2\/comments?post=6439"}],"wp:attachment":[{"href":"https:\/\/www.power2max.com\/de\/wp-json\/wp\/v2\/media?parent=6439"}],"wp:term":[{"taxonomy":"product_brand","embeddable":true,"href":"https:\/\/www.power2max.com\/de\/wp-json\/wp\/v2\/product_brand?post=6439"},{"taxonomy":"product_cat","embeddable":true,"href":"https:\/\/www.power2max.com\/de\/wp-json\/wp\/v2\/product_cat?post=6439"},{"taxonomy":"product_tag","embeddable":true,"href":"https:\/\/www.power2max.com\/de\/wp-json\/wp\/v2\/product_tag?post=6439"},{"taxonomy":"model","embeddable":true,"href":"https:\/\/www.power2max.com\/de\/wp-json\/wp\/v2\/model?post=6439"}],"curies":[{"name":"wp","href":"https:\/\/api.w.org\/{rel}","templated":true}]}}