{"id":6424,"date":"2017-12-13T15:23:26","date_gmt":"2017-12-13T15:26:50","guid":{"rendered":"https:\/\/www.power2max.com\/product\/powermeter-spider-ngeco\/"},"modified":"2025-10-24T23:25:32","modified_gmt":"2025-10-24T23:25:32","slug":"powermeter-spider-ngeco-fsa-bb386evo","status":"publish","type":"product","link":"https:\/\/www.power2max.com\/de\/produkt\/powermeter-spider-ngeco-fsa-bb386evo\/","title":{"rendered":"Powermeter Spider NGeco FSA BB386EVO"},"content":{"rendered":"<p>BCD (Lochkreisdurchmesser) bestimmt die Art und die Gr\u00f6\u00dfe der Kettenbl\u00e4tter: 110 = 5-Loch f\u00fcr (50\/34) und (52\/36). BCD 130 = 5-Loch (53\/39 oder gr\u00f6\u00dfer); BCD 110-4S = f\u00fcr Shimano 4-Loch Kettenbl\u00e4tter.<\/p>\n","protected":false},"excerpt":{"rendered":"<p>BCD (Lochkreisdurchmesser) bestimmt die Art und die Gr\u00f6\u00dfe der Kettenbl\u00e4tter: 110 = 5-Loch f\u00fcr (50\/34) und (52\/36). BCD 130 = [&hellip;]<\/p>\n","protected":false},"featured_media":0,"comment_status":"open","ping_status":"closed","template":"","meta":[],"product_brand":[],"product_cat":[369],"product_tag":[],"model":[],"class_list":{"0":"post-6424","1":"product","2":"type-product","3":"status-publish","5":"product_cat-12-de","7":"first","8":"outofstock","9":"taxable","10":"shipping-taxable","11":"product-type-variable"},"acf":[],"_links":{"self":[{"href":"https:\/\/www.power2max.com\/de\/wp-json\/wp\/v2\/product\/6424","targetHints":{"allow":["GET"]}}],"collection":[{"href":"https:\/\/www.power2max.com\/de\/wp-json\/wp\/v2\/product"}],"about":[{"href":"https:\/\/www.power2max.com\/de\/wp-json\/wp\/v2\/types\/product"}],"replies":[{"embeddable":true,"href":"https:\/\/www.power2max.com\/de\/wp-json\/wp\/v2\/comments?post=6424"}],"wp:attachment":[{"href":"https:\/\/www.power2max.com\/de\/wp-json\/wp\/v2\/media?parent=6424"}],"wp:term":[{"taxonomy":"product_brand","embeddable":true,"href":"https:\/\/www.power2max.com\/de\/wp-json\/wp\/v2\/product_brand?post=6424"},{"taxonomy":"product_cat","embeddable":true,"href":"https:\/\/www.power2max.com\/de\/wp-json\/wp\/v2\/product_cat?post=6424"},{"taxonomy":"product_tag","embeddable":true,"href":"https:\/\/www.power2max.com\/de\/wp-json\/wp\/v2\/product_tag?post=6424"},{"taxonomy":"model","embeddable":true,"href":"https:\/\/www.power2max.com\/de\/wp-json\/wp\/v2\/model?post=6424"}],"curies":[{"name":"wp","href":"https:\/\/api.w.org\/{rel}","templated":true}]}}