{"id":6317,"date":"2017-12-13T15:23:21","date_gmt":"2017-12-13T15:25:52","guid":{"rendered":"https:\/\/www.power2max.com\/product\/fsa-powerbox-upgrade-torque\/"},"modified":"2025-10-24T23:32:24","modified_gmt":"2025-10-24T23:32:24","slug":"fsa-powerbox-upgrade-torque","status":"publish","type":"product","link":"https:\/\/www.power2max.com\/de\/produkt\/fsa-powerbox-upgrade-torque\/","title":{"rendered":"FSA powerbox Upgrade Torque"},"content":{"rendered":"<p> &#8222;Torque&#8220; bzw. das &#8222;Drehmoment ist ein interessanter Wert f\u00fcr alle diejenigen, die Sprints und Kriterien m\u00f6gen oder sich auf der Bahn austoben wollen. Torque ist die getretende Kraft unabh\u00e4ngig von der Trittfrequenz.<br \/>\nAnmerkung: Frag beim Hersteller deines Radcomputers nach, ob dieser Wert angezeigt werden kann, bevor du ihn freischaltest.<\/p>\n","protected":false},"excerpt":{"rendered":"<p>&#8222;Torque&#8220; bzw. das &#8222;Drehmoment ist ein interessanter Wert f\u00fcr alle diejenigen, die Sprints und Kriterien m\u00f6gen oder sich auf der [&hellip;]<\/p>\n","protected":false},"featured_media":0,"comment_status":"open","ping_status":"closed","template":"","meta":[],"product_brand":[],"product_cat":[363],"product_tag":[],"model":[],"class_list":{"0":"post-6317","1":"product","2":"type-product","3":"status-publish","5":"product_cat-6-de","7":"first","8":"instock","9":"virtual","10":"sold-individually","11":"taxable","12":"purchasable","13":"product-type-simple"},"acf":[],"_links":{"self":[{"href":"https:\/\/www.power2max.com\/de\/wp-json\/wp\/v2\/product\/6317","targetHints":{"allow":["GET"]}}],"collection":[{"href":"https:\/\/www.power2max.com\/de\/wp-json\/wp\/v2\/product"}],"about":[{"href":"https:\/\/www.power2max.com\/de\/wp-json\/wp\/v2\/types\/product"}],"replies":[{"embeddable":true,"href":"https:\/\/www.power2max.com\/de\/wp-json\/wp\/v2\/comments?post=6317"}],"wp:attachment":[{"href":"https:\/\/www.power2max.com\/de\/wp-json\/wp\/v2\/media?parent=6317"}],"wp:term":[{"taxonomy":"product_brand","embeddable":true,"href":"https:\/\/www.power2max.com\/de\/wp-json\/wp\/v2\/product_brand?post=6317"},{"taxonomy":"product_cat","embeddable":true,"href":"https:\/\/www.power2max.com\/de\/wp-json\/wp\/v2\/product_cat?post=6317"},{"taxonomy":"product_tag","embeddable":true,"href":"https:\/\/www.power2max.com\/de\/wp-json\/wp\/v2\/product_tag?post=6317"},{"taxonomy":"model","embeddable":true,"href":"https:\/\/www.power2max.com\/de\/wp-json\/wp\/v2\/model?post=6317"}],"curies":[{"name":"wp","href":"https:\/\/api.w.org\/{rel}","templated":true}]}}