{"id":62214,"date":"2023-11-03T14:04:14","date_gmt":"2023-11-03T14:04:14","guid":{"rendered":"https:\/\/www.power2max.com\/product\/ng-open-source-powermeter-mtb-2\/"},"modified":"2025-10-24T23:30:10","modified_gmt":"2025-10-24T23:30:10","slug":"ng-open-source-powermeter-mtb-2","status":"publish","type":"product","link":"https:\/\/www.power2max.com\/de\/produkt\/ng-open-source-powermeter-mtb-2\/","title":{"rendered":"NG Open Source Powermeter MTB"},"content":{"rendered":"<p>Die Open Source Versionen bieten allen Herstellern von Kurbeln die M\u00f6glichkeit, das Design so zu gestalten, dass sofort ein Leistungsmesser von power2max zur Verf\u00fcgung steht. Vorteil gegen\u00fcber vorhandenen L\u00f6sungen ist die v\u00f6llige Freiheit hinsichtlich der Gestaltung der Aufnahme f\u00fcr den Leistungsmesser, respektive f\u00fcr das Kettenblatt. F\u00fcr den Road-Bereich gibt es den Lochkreis 110 mm mit 4 L\u00f6chern und f\u00fcr den MTB-Bereich den Lochkreis 104 mm. Die CAD-Daten (powermeter body, adapter dummy) stehen im <a href=\"https:\/\/www.power2max.com\/wp-content\/uploads\/2023\/11\/open-source.zip\">Download-Bereich<\/a> zur Verf\u00fcgung.<\/p>\n","protected":false},"excerpt":{"rendered":"<p>Die Open Source Versionen bieten allen Herstellern von Kurbeln die M\u00f6glichkeit, das Design so zu gestalten, dass sofort ein Leistungsmesser [&hellip;]<\/p>\n","protected":false},"featured_media":0,"comment_status":"open","ping_status":"closed","template":"","meta":[],"product_cat":[372,389],"product_tag":[],"model":[855],"acf":[],"_links":{"self":[{"href":"https:\/\/www.power2max.com\/de\/wp-json\/wp\/v2\/product\/62214"}],"collection":[{"href":"https:\/\/www.power2max.com\/de\/wp-json\/wp\/v2\/product"}],"about":[{"href":"https:\/\/www.power2max.com\/de\/wp-json\/wp\/v2\/types\/product"}],"replies":[{"embeddable":true,"href":"https:\/\/www.power2max.com\/de\/wp-json\/wp\/v2\/comments?post=62214"}],"wp:attachment":[{"href":"https:\/\/www.power2max.com\/de\/wp-json\/wp\/v2\/media?parent=62214"}],"wp:term":[{"taxonomy":"product_cat","embeddable":true,"href":"https:\/\/www.power2max.com\/de\/wp-json\/wp\/v2\/product_cat?post=62214"},{"taxonomy":"product_tag","embeddable":true,"href":"https:\/\/www.power2max.com\/de\/wp-json\/wp\/v2\/product_tag?post=62214"},{"taxonomy":"model","embeddable":true,"href":"https:\/\/www.power2max.com\/de\/wp-json\/wp\/v2\/model?post=62214"}],"curies":[{"name":"wp","href":"https:\/\/api.w.org\/{rel}","templated":true}]}}