{"id":6153,"date":"2017-12-13T15:23:12","date_gmt":"2017-12-13T15:23:12","guid":{"rendered":"https:\/\/www.power2max.com\/product\/ng-road-rotor-3d-powermeter\/"},"modified":"2026-04-23T11:26:23","modified_gmt":"2026-04-23T11:26:23","slug":"ng-road-rotor-3d-powermeter","status":"publish","type":"product","link":"https:\/\/www.power2max.com\/de\/produkt\/ng-road-rotor-3d-powermeter\/","title":{"rendered":"NG Road Rotor 3D+ Powermeter"},"content":{"rendered":"<p>Der NG Road Rotor 3D+ Powermeter-Spider ist der Powermeter f\u00fcr alle diejenigen, die bereits im Besitz einer Rotor 3D30, 3DFlow oder 3D+-Kurbel sind.<\/p>\n<p><b>Lieferumfang:<\/b> Leistungsmesser, Silikonabdeckung, Ladekabel, 2D-Farbring, Quickstart-Guide<\/p>\n<p>Die Lieferzeit dieses Powermeters kann bis zu 4 Wochen betragen.<br \/>\nDer Powermeter ist nur noch in BCD 110 4-S f\u00fcr 4-Loch-Shimano-Kettenbl\u00e4tter erh\u00e4ltlich.<\/p>\n","protected":false},"excerpt":{"rendered":"<p>Der NG Road Rotor 3D+ Powermeter-Spider ist der Powermeter f\u00fcr alle diejenigen, die bereits im Besitz einer Rotor 3D30, 3DFlow [&hellip;]<\/p>\n","protected":false},"featured_media":0,"comment_status":"open","ping_status":"closed","template":"","meta":[],"product_brand":[],"product_cat":[368,389],"product_tag":[],"model":[],"class_list":{"0":"post-6153","1":"product","2":"type-product","3":"status-publish","5":"product_cat-11-de","6":"product_cat-power-meter-de","8":"first","9":"instock","10":"taxable","11":"shipping-taxable","12":"purchasable","13":"product-type-simple"},"acf":[],"_links":{"self":[{"href":"https:\/\/www.power2max.com\/de\/wp-json\/wp\/v2\/product\/6153","targetHints":{"allow":["GET"]}}],"collection":[{"href":"https:\/\/www.power2max.com\/de\/wp-json\/wp\/v2\/product"}],"about":[{"href":"https:\/\/www.power2max.com\/de\/wp-json\/wp\/v2\/types\/product"}],"replies":[{"embeddable":true,"href":"https:\/\/www.power2max.com\/de\/wp-json\/wp\/v2\/comments?post=6153"}],"wp:attachment":[{"href":"https:\/\/www.power2max.com\/de\/wp-json\/wp\/v2\/media?parent=6153"}],"wp:term":[{"taxonomy":"product_brand","embeddable":true,"href":"https:\/\/www.power2max.com\/de\/wp-json\/wp\/v2\/product_brand?post=6153"},{"taxonomy":"product_cat","embeddable":true,"href":"https:\/\/www.power2max.com\/de\/wp-json\/wp\/v2\/product_cat?post=6153"},{"taxonomy":"product_tag","embeddable":true,"href":"https:\/\/www.power2max.com\/de\/wp-json\/wp\/v2\/product_tag?post=6153"},{"taxonomy":"model","embeddable":true,"href":"https:\/\/www.power2max.com\/de\/wp-json\/wp\/v2\/model?post=6153"}],"curies":[{"name":"wp","href":"https:\/\/api.w.org\/{rel}","templated":true}]}}