{"id":59677,"date":"2023-05-09T19:03:20","date_gmt":"2023-05-10T10:21:48","guid":{"rendered":"https:\/\/www.power2max.com\/product\/aktivierung-pedal-smoothness\/"},"modified":"2026-04-19T11:44:02","modified_gmt":"2026-04-19T11:44:02","slug":"aktivierung-pedal-smoothness","status":"publish","type":"product","link":"https:\/\/www.power2max.com\/de\/produkt\/aktivierung-pedal-smoothness\/","title":{"rendered":"Aktivierung Pedal Smoothness"},"content":{"rendered":"<p>Die Pedal Smoothness steht f\u00fcr die Gleichm\u00e4\u00dfigkeit der Kraft\u00fcbertragung w\u00e4hrend einer Kubelumdrehung. Sie ist ein guter Indikator f\u00fcr den &#8222;Runden Tritt&#8220;. Mit dieser Option wird das Pedal Smoothness Feature ab Werk auf deinem Powermeter installiert.<\/p>\n","protected":false},"excerpt":{"rendered":"<p>Die Pedal Smoothness steht f\u00fcr die Gleichm\u00e4\u00dfigkeit der Kraft\u00fcbertragung w\u00e4hrend einer Kubelumdrehung. Sie ist ein guter Indikator f\u00fcr den &#8222;Runden [&hellip;]<\/p>\n","protected":false},"featured_media":0,"comment_status":"open","ping_status":"closed","template":"","meta":[],"product_brand":[],"product_cat":[363],"product_tag":[],"model":[],"class_list":{"0":"post-59677","1":"product","2":"type-product","3":"status-publish","5":"product_cat-6-de","7":"first","8":"instock","9":"taxable","10":"shipping-taxable","11":"purchasable","12":"product-type-variable"},"acf":[],"_links":{"self":[{"href":"https:\/\/www.power2max.com\/de\/wp-json\/wp\/v2\/product\/59677","targetHints":{"allow":["GET"]}}],"collection":[{"href":"https:\/\/www.power2max.com\/de\/wp-json\/wp\/v2\/product"}],"about":[{"href":"https:\/\/www.power2max.com\/de\/wp-json\/wp\/v2\/types\/product"}],"replies":[{"embeddable":true,"href":"https:\/\/www.power2max.com\/de\/wp-json\/wp\/v2\/comments?post=59677"}],"wp:attachment":[{"href":"https:\/\/www.power2max.com\/de\/wp-json\/wp\/v2\/media?parent=59677"}],"wp:term":[{"taxonomy":"product_brand","embeddable":true,"href":"https:\/\/www.power2max.com\/de\/wp-json\/wp\/v2\/product_brand?post=59677"},{"taxonomy":"product_cat","embeddable":true,"href":"https:\/\/www.power2max.com\/de\/wp-json\/wp\/v2\/product_cat?post=59677"},{"taxonomy":"product_tag","embeddable":true,"href":"https:\/\/www.power2max.com\/de\/wp-json\/wp\/v2\/product_tag?post=59677"},{"taxonomy":"model","embeddable":true,"href":"https:\/\/www.power2max.com\/de\/wp-json\/wp\/v2\/model?post=59677"}],"curies":[{"name":"wp","href":"https:\/\/api.w.org\/{rel}","templated":true}]}}