{"id":55944,"date":"2022-10-05T09:57:56","date_gmt":"2022-10-05T10:30:38","guid":{"rendered":"https:\/\/www.power2max.com\/product\/ng-powermeter-spider-fur-grx-kettenblatter\/"},"modified":"2026-05-11T16:18:48","modified_gmt":"2026-05-11T16:18:48","slug":"ng-powermeter-spider-fur-grx-kettenblatter","status":"publish","type":"product","link":"https:\/\/www.power2max.com\/de\/produkt\/ng-powermeter-spider-fur-grx-kettenblatter\/","title":{"rendered":"NG Powermeter Spider f\u00fcr GRX-Kettenbl\u00e4tter"},"content":{"rendered":"<p>NG Powermeter Spider f\u00fcr GRX-Kettenbl\u00e4tter<\/p>\n","protected":false},"excerpt":{"rendered":"<p>NG Powermeter Spider f\u00fcr GRX-Kettenbl\u00e4tter<\/p>\n","protected":false},"featured_media":0,"comment_status":"open","ping_status":"closed","template":"","meta":[],"product_brand":[],"product_cat":[581],"product_tag":[],"model":[],"class_list":{"0":"post-55944","1":"product","2":"type-product","3":"status-publish","5":"product_cat-201-de","7":"first","8":"onbackorder","9":"taxable","10":"shipping-taxable","11":"purchasable","12":"product-type-variable"},"acf":[],"_links":{"self":[{"href":"https:\/\/www.power2max.com\/de\/wp-json\/wp\/v2\/product\/55944","targetHints":{"allow":["GET"]}}],"collection":[{"href":"https:\/\/www.power2max.com\/de\/wp-json\/wp\/v2\/product"}],"about":[{"href":"https:\/\/www.power2max.com\/de\/wp-json\/wp\/v2\/types\/product"}],"replies":[{"embeddable":true,"href":"https:\/\/www.power2max.com\/de\/wp-json\/wp\/v2\/comments?post=55944"}],"wp:attachment":[{"href":"https:\/\/www.power2max.com\/de\/wp-json\/wp\/v2\/media?parent=55944"}],"wp:term":[{"taxonomy":"product_brand","embeddable":true,"href":"https:\/\/www.power2max.com\/de\/wp-json\/wp\/v2\/product_brand?post=55944"},{"taxonomy":"product_cat","embeddable":true,"href":"https:\/\/www.power2max.com\/de\/wp-json\/wp\/v2\/product_cat?post=55944"},{"taxonomy":"product_tag","embeddable":true,"href":"https:\/\/www.power2max.com\/de\/wp-json\/wp\/v2\/product_tag?post=55944"},{"taxonomy":"model","embeddable":true,"href":"https:\/\/www.power2max.com\/de\/wp-json\/wp\/v2\/model?post=55944"}],"curies":[{"name":"wp","href":"https:\/\/api.w.org\/{rel}","templated":true}]}}