{"id":55943,"date":"2022-10-05T09:54:01","date_gmt":"2022-10-05T09:54:01","guid":{"rendered":"https:\/\/www.power2max.com\/product\/ng-g-x-rotor-power2max-edition-powermeter-set-2\/"},"modified":"2026-04-23T11:24:58","modified_gmt":"2026-04-23T11:24:58","slug":"ng-g-x-rotor-power2max-edition-powermeter-set-2","status":"publish","type":"product","link":"https:\/\/www.power2max.com\/de\/produkt\/ng-g-x-rotor-power2max-edition-powermeter-set-2\/","title":{"rendered":"NG G-X Rotor power2max Edition Powermeter-Set"},"content":{"rendered":"<p>Das NG G-X Rotor power2max Edition Set besteht aus unserem NG Powermeter zur komplett beidseitigen Leistungsmessung und dem Rotor power2max Edition-Kurbelsatz.<\/p>\n<p>Der NG G-X Powermeter ist der beste Begleiter auf Schotter und Asphalt um die Gesamtleistung beider Beine zu messen. Unsere G-X Variante ist speziell f\u00fcr den Einsatz mit Shimano GRX-Kettenbl\u00e4ttern entwickelt und ist sowohl mit 1-fach als auch mit 2-fach Antrieben kompatibel. Der integrierte Akku hat eine Laufzeit von ca. 80 Betriebsstunden und kann bequem \u00fcber das mitgelieferte Ladekabel aufgeladen werden. Die dynamische Kalibrierung auf eine Genauigkeit von +\/-1% geh\u00f6rt eben so zur Serienausstattung wie die Trittfrequenzmessung und die \u00dcbertragung der Daten f\u00fcr die Links-Rechts-Verteilung und der Pedal Smootheness an deinen Radcomputer.<\/p>\n<p>Der Rotor power2max Edition Kurbelsatz ist speziell f\u00fcr Shimanos Hollowtech II-Innenlagerstandard entwickelt und kann daher eine GRX-Kurbel ohne Lagertausch ersetzen. Die Aluminiumkurbel ist geschmiedet und hohlgebohrt und ist vergleichbar mit Shimanos Ultegra-Kurbel.<\/p>\n","protected":false},"excerpt":{"rendered":"<p>Das NG G-X Rotor power2max Edition Set besteht aus unserem NG Powermeter zur komplett beidseitigen Leistungsmessung und dem Rotor power2max [&hellip;]<\/p>\n","protected":false},"featured_media":0,"comment_status":"open","ping_status":"closed","template":"","meta":[],"product_brand":[],"product_cat":[581,389],"product_tag":[],"model":[],"class_list":{"0":"post-55943","1":"product","2":"type-product","3":"status-publish","5":"product_cat-201-de","6":"product_cat-power-meter-de","8":"first","9":"instock","10":"taxable","11":"shipping-taxable","12":"purchasable","13":"product-type-simple"},"acf":[],"_links":{"self":[{"href":"https:\/\/www.power2max.com\/de\/wp-json\/wp\/v2\/product\/55943","targetHints":{"allow":["GET"]}}],"collection":[{"href":"https:\/\/www.power2max.com\/de\/wp-json\/wp\/v2\/product"}],"about":[{"href":"https:\/\/www.power2max.com\/de\/wp-json\/wp\/v2\/types\/product"}],"replies":[{"embeddable":true,"href":"https:\/\/www.power2max.com\/de\/wp-json\/wp\/v2\/comments?post=55943"}],"wp:attachment":[{"href":"https:\/\/www.power2max.com\/de\/wp-json\/wp\/v2\/media?parent=55943"}],"wp:term":[{"taxonomy":"product_brand","embeddable":true,"href":"https:\/\/www.power2max.com\/de\/wp-json\/wp\/v2\/product_brand?post=55943"},{"taxonomy":"product_cat","embeddable":true,"href":"https:\/\/www.power2max.com\/de\/wp-json\/wp\/v2\/product_cat?post=55943"},{"taxonomy":"product_tag","embeddable":true,"href":"https:\/\/www.power2max.com\/de\/wp-json\/wp\/v2\/product_tag?post=55943"},{"taxonomy":"model","embeddable":true,"href":"https:\/\/www.power2max.com\/de\/wp-json\/wp\/v2\/model?post=55943"}],"curies":[{"name":"wp","href":"https:\/\/api.w.org\/{rel}","templated":true}]}}