{"id":55942,"date":"2022-10-05T10:17:20","date_gmt":"2022-10-05T10:17:20","guid":{"rendered":"https:\/\/www.power2max.com\/product\/ng-g-x-rotor-aldhu-r-24-powermeter-set-2\/"},"modified":"2026-04-23T11:24:57","modified_gmt":"2026-04-23T11:24:57","slug":"ng-g-x-rotor-aldhu-r-24-powermeter-set-2","status":"publish","type":"product","link":"https:\/\/www.power2max.com\/de\/produkt\/ng-g-x-rotor-aldhu-r-24-powermeter-set-2\/","title":{"rendered":"NG G-X Rotor ALDHU-R 24 Powermeter-Set"},"content":{"rendered":"<p>Das NG G-X Rotor ALDHU-R 24 Set besteht aus unserem NG Powermeter zur komplett beidseitigen Leistungsmessung und dem Rotor ALDHU-R 24-Kurbelsatz.<\/p>\n<p>Der NG Gravel Powermeter garantiert dir die h\u00f6chste Qualit\u00e4t der Leistungsmessung f\u00fcr dein n\u00e4chstes Gravel-Abenteuer. Unsere G-X Variante ist speziell f\u00fcr den Einsatz mit Shimano GRX-Kettenbl\u00e4ttern entwickelt und ist sowohl mit der 1-fach als auch der 2-fach Variante kompatibel. Der integrierte Akku hat eine Laufzeit von ca. 80 Betriebsstunden und kann bequem \u00fcber das mitgelieferte Ladekabel aufgeladen werden. Die dynamische Kalibrierung auf eine Genauigkeit von +\/-1% geh\u00f6rt eben so zur Serienausstattung wie die Trittfrequenzmessung und die \u00dcbertragung der Daten f\u00fcr die Links-Rechts-Verteilung und der Pedal Smootheness an deinen Radcomputer.<\/p>\n<p>Der Rotor ALDHU-R 24 Kurbelsatz geht keine Kompromisse bei Gewicht und Steifigkeit ein. Die cnc-gefr\u00e4\u00dfte und hohlgebohrte Aluminiumkurbel ist robust und sowohl auf Schotter, als auch auf Asphalt zu Hause. Die 24mm-Achse des Kurbelsatzes ist kompatibel mit Shimano Hollowtech II-Innenlagern.<\/p>\n","protected":false},"excerpt":{"rendered":"<p>Das NG G-X Rotor ALDHU-R 24 Set besteht aus unserem NG Powermeter zur komplett beidseitigen Leistungsmessung und dem Rotor ALDHU-R [&hellip;]<\/p>\n","protected":false},"featured_media":0,"comment_status":"open","ping_status":"closed","template":"","meta":[],"product_brand":[],"product_cat":[581,389],"product_tag":[],"model":[],"class_list":{"0":"post-55942","1":"product","2":"type-product","3":"status-publish","5":"product_cat-201-de","6":"product_cat-power-meter-de","8":"first","9":"instock","10":"taxable","11":"shipping-taxable","12":"purchasable","13":"product-type-simple"},"acf":[],"_links":{"self":[{"href":"https:\/\/www.power2max.com\/de\/wp-json\/wp\/v2\/product\/55942","targetHints":{"allow":["GET"]}}],"collection":[{"href":"https:\/\/www.power2max.com\/de\/wp-json\/wp\/v2\/product"}],"about":[{"href":"https:\/\/www.power2max.com\/de\/wp-json\/wp\/v2\/types\/product"}],"replies":[{"embeddable":true,"href":"https:\/\/www.power2max.com\/de\/wp-json\/wp\/v2\/comments?post=55942"}],"wp:attachment":[{"href":"https:\/\/www.power2max.com\/de\/wp-json\/wp\/v2\/media?parent=55942"}],"wp:term":[{"taxonomy":"product_brand","embeddable":true,"href":"https:\/\/www.power2max.com\/de\/wp-json\/wp\/v2\/product_brand?post=55942"},{"taxonomy":"product_cat","embeddable":true,"href":"https:\/\/www.power2max.com\/de\/wp-json\/wp\/v2\/product_cat?post=55942"},{"taxonomy":"product_tag","embeddable":true,"href":"https:\/\/www.power2max.com\/de\/wp-json\/wp\/v2\/product_tag?post=55942"},{"taxonomy":"model","embeddable":true,"href":"https:\/\/www.power2max.com\/de\/wp-json\/wp\/v2\/model?post=55942"}],"curies":[{"name":"wp","href":"https:\/\/api.w.org\/{rel}","templated":true}]}}