{"id":52801,"date":"2022-06-01T07:06:44","date_gmt":"2022-06-01T10:40:13","guid":{"rendered":"https:\/\/www.power2max.com\/product\/campagnolo-kettenblattschrauben\/"},"modified":"2026-04-29T11:15:53","modified_gmt":"2026-04-29T11:15:53","slug":"campagnolo-kettenblattschrauben","status":"publish","type":"product","link":"https:\/\/www.power2max.com\/de\/produkt\/campagnolo-kettenblattschrauben\/","title":{"rendered":"Campagnolo Kettenblattschrauben"},"content":{"rendered":"<p>F\u00fcr Einsatz am Rennrad<br \/>\nMaterial: Aluminium<br \/>\nLieferumfang: 5 Schrauben<\/p>\n<p>Diese Kettenblattschrauben sind nur mit \u00e4lteren 5-Loch-Kettenbl\u00e4ttern verwendbar.<\/p>\n","protected":false},"excerpt":{"rendered":"<p>F\u00fcr Einsatz am Rennrad Material: Aluminium Lieferumfang: 5 Schrauben Diese Kettenblattschrauben sind nur mit \u00e4lteren 5-Loch-Kettenbl\u00e4ttern verwendbar.<\/p>\n","protected":false},"featured_media":0,"comment_status":"open","ping_status":"closed","template":"","meta":[],"product_brand":[],"product_cat":[381,542,361],"product_tag":[],"model":[],"class_list":{"0":"post-52801","1":"product","2":"type-product","3":"status-publish","5":"product_cat-43-de","6":"product_cat-offers","7":"product_cat-4-de","9":"first","10":"instock","11":"sale","12":"taxable","13":"shipping-taxable","14":"purchasable","15":"product-type-variable"},"acf":[],"_links":{"self":[{"href":"https:\/\/www.power2max.com\/de\/wp-json\/wp\/v2\/product\/52801","targetHints":{"allow":["GET"]}}],"collection":[{"href":"https:\/\/www.power2max.com\/de\/wp-json\/wp\/v2\/product"}],"about":[{"href":"https:\/\/www.power2max.com\/de\/wp-json\/wp\/v2\/types\/product"}],"replies":[{"embeddable":true,"href":"https:\/\/www.power2max.com\/de\/wp-json\/wp\/v2\/comments?post=52801"}],"wp:attachment":[{"href":"https:\/\/www.power2max.com\/de\/wp-json\/wp\/v2\/media?parent=52801"}],"wp:term":[{"taxonomy":"product_brand","embeddable":true,"href":"https:\/\/www.power2max.com\/de\/wp-json\/wp\/v2\/product_brand?post=52801"},{"taxonomy":"product_cat","embeddable":true,"href":"https:\/\/www.power2max.com\/de\/wp-json\/wp\/v2\/product_cat?post=52801"},{"taxonomy":"product_tag","embeddable":true,"href":"https:\/\/www.power2max.com\/de\/wp-json\/wp\/v2\/product_tag?post=52801"},{"taxonomy":"model","embeddable":true,"href":"https:\/\/www.power2max.com\/de\/wp-json\/wp\/v2\/model?post=52801"}],"curies":[{"name":"wp","href":"https:\/\/api.w.org\/{rel}","templated":true}]}}