{"id":43643,"date":"2021-03-10T09:44:13","date_gmt":"2021-03-10T09:44:13","guid":{"rendered":"https:\/\/www.power2max.com\/product\/ngeco-rotor-aldhu-r-24-powermeter-set-road\/"},"modified":"2026-04-23T11:25:05","modified_gmt":"2026-04-23T11:25:05","slug":"ngeco-rotor-aldhu-r-24-powermeter-set-road","status":"publish","type":"product","link":"https:\/\/www.power2max.com\/de\/produkt\/ngeco-rotor-aldhu-r-24-powermeter-set-road\/","title":{"rendered":"NGeco Rotor ALDHU-R 24 Powermeter-Set Road"},"content":{"rendered":"<p>Das NGeco Rotor ALDHU-R 24 Powermeter-Set Road ist unsere Empfehlung f\u00fcr diejenigen, die auf der Suche nach einer komplett beidseitigen Leistungsmessung sind. Wie alle power2max Powermeter misst der NGeco die Gesamtleistung beider Beine in einem Sensor. Das NGeco Rotor ALDHU-R 24 Powermeter-Set besteht aus dem Rotor ALDHU-R 24 Kurbelsatz mit 24mm Stahl-Achse und dem passenden NGeco Powermeter.<\/p>\n<p>Das Powermeter-Set ist der ideale Partner f\u00fcr alle die, die ihre Shimano-Ultegra oder DuraAce-Kurbel auf eine komplett beidseitige Leistungsmessung umr\u00fcsten wollen. Mit den 110 4-S und 110 4-SL Versionen des Powermeters besteht au\u00dferdem die M\u00f6glichkeit, vorhandene Shimano-Road-Kettenbl\u00e4tter weiter zu nutzen, damit der Schaltkomfort erhalten bleibt. Die 110 4-SL Version spart au\u00dferdem 30g gegen\u00fcber der regul\u00e4ren 110 4-S Version. Der Aufpreis f\u00fcr die 110 4-SL Version betr\u00e4gt 100\u20ac (incl. MwSt.).<\/p>\n<p>Die Rotor ALDHU-R 24-Kurbel ist kompatibel mit dem Shimano Hollowtech 2 Lagerstandard und macht einen Tausch des Innenlagers \u00fcberfl\u00fcssig. Sie ist das Flagschiff in Rotors in Sachen Steifigkeit, Gewicht und Qualit\u00e4t und kann sich damit mit Shimanos DuraAce-Kurbel messen.<\/p>\n<p><b>Lieferumfang:<\/b> Leistungsmesser, Batterie, Batteriekappe, 2D-Farbring, Kurbelsatz mit Kurbelachse, Quickstart-Guide<\/p>\n","protected":false},"excerpt":{"rendered":"<p>Das NGeco Rotor ALDHU-R 24 Powermeter-Set Road ist unsere Empfehlung f\u00fcr diejenigen, die auf der Suche nach einer komplett beidseitigen [&hellip;]<\/p>\n","protected":false},"featured_media":0,"comment_status":"open","ping_status":"closed","template":"","meta":[],"product_brand":[],"product_cat":[369,389],"product_tag":[],"model":[],"class_list":{"0":"post-43643","1":"product","2":"type-product","3":"status-publish","5":"product_cat-12-de","6":"product_cat-power-meter-de","8":"first","9":"instock","10":"taxable","11":"shipping-taxable","12":"purchasable","13":"product-type-simple"},"acf":[],"_links":{"self":[{"href":"https:\/\/www.power2max.com\/de\/wp-json\/wp\/v2\/product\/43643","targetHints":{"allow":["GET"]}}],"collection":[{"href":"https:\/\/www.power2max.com\/de\/wp-json\/wp\/v2\/product"}],"about":[{"href":"https:\/\/www.power2max.com\/de\/wp-json\/wp\/v2\/types\/product"}],"replies":[{"embeddable":true,"href":"https:\/\/www.power2max.com\/de\/wp-json\/wp\/v2\/comments?post=43643"}],"wp:attachment":[{"href":"https:\/\/www.power2max.com\/de\/wp-json\/wp\/v2\/media?parent=43643"}],"wp:term":[{"taxonomy":"product_brand","embeddable":true,"href":"https:\/\/www.power2max.com\/de\/wp-json\/wp\/v2\/product_brand?post=43643"},{"taxonomy":"product_cat","embeddable":true,"href":"https:\/\/www.power2max.com\/de\/wp-json\/wp\/v2\/product_cat?post=43643"},{"taxonomy":"product_tag","embeddable":true,"href":"https:\/\/www.power2max.com\/de\/wp-json\/wp\/v2\/product_tag?post=43643"},{"taxonomy":"model","embeddable":true,"href":"https:\/\/www.power2max.com\/de\/wp-json\/wp\/v2\/model?post=43643"}],"curies":[{"name":"wp","href":"https:\/\/api.w.org\/{rel}","templated":true}]}}