{"id":43642,"date":"2021-03-10T09:44:18","date_gmt":"2021-03-10T09:44:18","guid":{"rendered":"https:\/\/www.power2max.com\/product\/ng-gravel-rotor-aldhu-r-24-set\/"},"modified":"2025-10-24T23:30:02","modified_gmt":"2025-10-24T23:30:02","slug":"ng-gravel-rotor-aldhu-r-24-set","status":"publish","type":"product","link":"https:\/\/www.power2max.com\/de\/produkt\/ng-gravel-rotor-aldhu-r-24-set\/","title":{"rendered":"NG Gravel Rotor ALDHU-R 24 Set"},"content":{"rendered":"<p>Das NG Gravel Rotor ALDHU-R 24 Set besteht aus unserem NG Powermeter zur Leistungsmessung der Gesamtleistung beider Beine, dem hochwertigen Rotor ALDHU-R 24-Kurbelsatz und dem speziell f\u00fcr unseren Powermeter gefertigten power2max Gravel-Kettenblatt-Satz f\u00fcr 2-fach Antriebe.<\/p>\n<p>Die ALDHU-R 24-Kurbel mit ihrer 24mm-Achse ist f\u00fcr den Shimano Hollowtech 2 Lagerstandard entwickelt und erm\u00f6glicht ein einfaches Austauschen deiner Shimano GRX-Kurbel. Die Kurbel ist komplett CNC-gefr\u00e4st und hohlgebohrt und bewegt sich absolutem Top-Niveau was Verarbeitung, Steifigkeit und Gewicht angeht.<b>Lieferumfang:<\/b> Leistungsmesser, Silikonabdeckung, Ladekabel, 2D-Farbring, Kurbelsatz mit Kurbelachse, Quickstart-Guide, Kettenbl\u00e4tter, Kettenblattschrauben<\/p>\n","protected":false},"excerpt":{"rendered":"<p>Das NG Gravel Rotor ALDHU-R 24 Set besteht aus unserem NG Powermeter zur Leistungsmessung der Gesamtleistung beider Beine, dem hochwertigen [&hellip;]<\/p>\n","protected":false},"featured_media":0,"comment_status":"open","ping_status":"closed","template":"","meta":[],"product_brand":[],"product_cat":[581,389],"product_tag":[],"model":[552],"class_list":{"0":"post-43642","1":"product","2":"type-product","3":"status-publish","5":"product_cat-201-de","6":"product_cat-power-meter-de","7":"model-shimano","9":"first","10":"instock","11":"taxable","12":"shipping-taxable","13":"purchasable","14":"product-type-simple"},"acf":[],"_links":{"self":[{"href":"https:\/\/www.power2max.com\/de\/wp-json\/wp\/v2\/product\/43642","targetHints":{"allow":["GET"]}}],"collection":[{"href":"https:\/\/www.power2max.com\/de\/wp-json\/wp\/v2\/product"}],"about":[{"href":"https:\/\/www.power2max.com\/de\/wp-json\/wp\/v2\/types\/product"}],"replies":[{"embeddable":true,"href":"https:\/\/www.power2max.com\/de\/wp-json\/wp\/v2\/comments?post=43642"}],"wp:attachment":[{"href":"https:\/\/www.power2max.com\/de\/wp-json\/wp\/v2\/media?parent=43642"}],"wp:term":[{"taxonomy":"product_brand","embeddable":true,"href":"https:\/\/www.power2max.com\/de\/wp-json\/wp\/v2\/product_brand?post=43642"},{"taxonomy":"product_cat","embeddable":true,"href":"https:\/\/www.power2max.com\/de\/wp-json\/wp\/v2\/product_cat?post=43642"},{"taxonomy":"product_tag","embeddable":true,"href":"https:\/\/www.power2max.com\/de\/wp-json\/wp\/v2\/product_tag?post=43642"},{"taxonomy":"model","embeddable":true,"href":"https:\/\/www.power2max.com\/de\/wp-json\/wp\/v2\/model?post=43642"}],"curies":[{"name":"wp","href":"https:\/\/api.w.org\/{rel}","templated":true}]}}