{"id":43640,"date":"2021-03-10T09:44:40","date_gmt":"2021-03-10T09:44:40","guid":{"rendered":"https:\/\/www.power2max.com\/product\/ng-rotor-aldhu-r-24-powermeter-set-track\/"},"modified":"2026-04-23T11:25:02","modified_gmt":"2026-04-23T11:25:02","slug":"ng-rotor-aldhu-r-24-powermeter-set-track","status":"publish","type":"product","link":"https:\/\/www.power2max.com\/de\/produkt\/ng-rotor-aldhu-r-24-powermeter-set-track\/","title":{"rendered":"NG Rotor ALDHU-R 24 Powermeter-Set Track"},"content":{"rendered":"<p>Das NG Rotor ALDHU-R 24 Powermeter-Set Track besteht aus dem NG Track Powermeter-Spider und dem Rotor ALDHU-R 24 Kurbelsatz mit 24mm Stahl-Achse. Der NG Track Powermeter-Spider ist speziell f\u00fcr den Einsatz auf Bahnr\u00e4dern entwickelt und ist f\u00fcr Kettenbl\u00e4tter mit dem Lochkreis 144mm geeignet.<\/p>\n","protected":false},"excerpt":{"rendered":"<p>Das NG Rotor ALDHU-R 24 Powermeter-Set Track besteht aus dem NG Track Powermeter-Spider und dem Rotor ALDHU-R 24 Kurbelsatz mit [&hellip;]<\/p>\n","protected":false},"featured_media":0,"comment_status":"open","ping_status":"closed","template":"","meta":[],"product_brand":[],"product_cat":[376,389],"product_tag":[],"model":[],"class_list":{"0":"post-43640","1":"product","2":"type-product","3":"status-publish","5":"product_cat-31-de","6":"product_cat-power-meter-de","8":"first","9":"instock","10":"taxable","11":"shipping-taxable","12":"purchasable","13":"product-type-simple"},"acf":[],"_links":{"self":[{"href":"https:\/\/www.power2max.com\/de\/wp-json\/wp\/v2\/product\/43640","targetHints":{"allow":["GET"]}}],"collection":[{"href":"https:\/\/www.power2max.com\/de\/wp-json\/wp\/v2\/product"}],"about":[{"href":"https:\/\/www.power2max.com\/de\/wp-json\/wp\/v2\/types\/product"}],"replies":[{"embeddable":true,"href":"https:\/\/www.power2max.com\/de\/wp-json\/wp\/v2\/comments?post=43640"}],"wp:attachment":[{"href":"https:\/\/www.power2max.com\/de\/wp-json\/wp\/v2\/media?parent=43640"}],"wp:term":[{"taxonomy":"product_brand","embeddable":true,"href":"https:\/\/www.power2max.com\/de\/wp-json\/wp\/v2\/product_brand?post=43640"},{"taxonomy":"product_cat","embeddable":true,"href":"https:\/\/www.power2max.com\/de\/wp-json\/wp\/v2\/product_cat?post=43640"},{"taxonomy":"product_tag","embeddable":true,"href":"https:\/\/www.power2max.com\/de\/wp-json\/wp\/v2\/product_tag?post=43640"},{"taxonomy":"model","embeddable":true,"href":"https:\/\/www.power2max.com\/de\/wp-json\/wp\/v2\/model?post=43640"}],"curies":[{"name":"wp","href":"https:\/\/api.w.org\/{rel}","templated":true}]}}