{"id":38981,"date":"2020-09-21T15:53:14","date_gmt":"2020-09-21T15:56:23","guid":{"rendered":"https:\/\/www.power2max.com\/product\/power2max-granfondo-kurbelsatz\/"},"modified":"2026-04-29T17:24:12","modified_gmt":"2026-04-29T17:24:12","slug":"power2max-granfondo-kurbelsatz","status":"publish","type":"product","link":"https:\/\/www.power2max.com\/de\/produkt\/power2max-granfondo-kurbelsatz\/","title":{"rendered":"power2max GranFondo Kurbelsatz"},"content":{"rendered":"<p>Der power2max GranFondo Kurbelsatz ist geschmiedet und ideal f\u00fcr Einsteiger geeignet. Das Gewicht und die Verarbeitungsqualit\u00e4t liegen ungef\u00e4hr auf Shimano 105-Niveau. Die Aluminium-Kurbel ist in den L\u00e4ngen 165mm, 170mm, 172,5mm und 175mm verf\u00fcgbar.<\/p>\n","protected":false},"excerpt":{"rendered":"<p>Der power2max GranFondo Kurbelsatz ist geschmiedet und ideal f\u00fcr Einsteiger geeignet. Das Gewicht und die Verarbeitungsqualit\u00e4t liegen ungef\u00e4hr auf Shimano [&hellip;]<\/p>\n","protected":false},"featured_media":0,"comment_status":"open","ping_status":"closed","template":"","meta":[],"product_brand":[],"product_cat":[367],"product_tag":[],"model":[],"class_list":{"0":"post-38981","1":"product","2":"type-product","3":"status-publish","5":"product_cat-10-de","7":"first","8":"instock","9":"taxable","10":"shipping-taxable","11":"purchasable","12":"product-type-variable"},"acf":[],"_links":{"self":[{"href":"https:\/\/www.power2max.com\/de\/wp-json\/wp\/v2\/product\/38981","targetHints":{"allow":["GET"]}}],"collection":[{"href":"https:\/\/www.power2max.com\/de\/wp-json\/wp\/v2\/product"}],"about":[{"href":"https:\/\/www.power2max.com\/de\/wp-json\/wp\/v2\/types\/product"}],"replies":[{"embeddable":true,"href":"https:\/\/www.power2max.com\/de\/wp-json\/wp\/v2\/comments?post=38981"}],"wp:attachment":[{"href":"https:\/\/www.power2max.com\/de\/wp-json\/wp\/v2\/media?parent=38981"}],"wp:term":[{"taxonomy":"product_brand","embeddable":true,"href":"https:\/\/www.power2max.com\/de\/wp-json\/wp\/v2\/product_brand?post=38981"},{"taxonomy":"product_cat","embeddable":true,"href":"https:\/\/www.power2max.com\/de\/wp-json\/wp\/v2\/product_cat?post=38981"},{"taxonomy":"product_tag","embeddable":true,"href":"https:\/\/www.power2max.com\/de\/wp-json\/wp\/v2\/product_tag?post=38981"},{"taxonomy":"model","embeddable":true,"href":"https:\/\/www.power2max.com\/de\/wp-json\/wp\/v2\/model?post=38981"}],"curies":[{"name":"wp","href":"https:\/\/api.w.org\/{rel}","templated":true}]}}