{"id":38963,"date":"2020-09-21T15:09:21","date_gmt":"2020-09-21T15:09:21","guid":{"rendered":"https:\/\/www.power2max.com\/product\/ngeco-road-power2max-granfondo-set-2\/"},"modified":"2026-04-23T11:25:10","modified_gmt":"2026-04-23T11:25:10","slug":"ngeco-road-power2max-granfondo-set-2","status":"publish","type":"product","link":"https:\/\/www.power2max.com\/de\/produkt\/ngeco-road-power2max-granfondo-set-2\/","title":{"rendered":"NGeco Road power2max GranFondo Set"},"content":{"rendered":"<p>Der power2max NGeco Powermeter mit der power2max GranFondo-Kurbel ist der ideale Einstieg in die Leistungsmessung am Rennrad. Unser NGeco ist in der World Tour erprobt und hat viele Profis schon zu zahlreichen Siegen bei den wichtigsten Rennen der Welt gef\u00fchrt. Wie alle power2max Powermeter misst der NGeco die Gesamtleistung beider Beine und die Trittfrequenz ohne zus\u00e4tzlichen Trittfrequenzsensor.<\/p>\n<p>Die power2max GranFondo-Kurbel ist geschmiedet und wiegt zusammen mit dem Powermeter 724g. Dies macht sie zur ersten Wahl f\u00fcr alle die Wert auf ein ausgezeichnetes Preis-Leistungs-Verh\u00e4ltnis legen oder einen kosteng\u00fcnstigen Einstieg in die komplette Leistungsmessung beider Beine suchen. Die 24mm-Achse der GranFondo-Kurbel ist f\u00fcr den Shimano Hollowtech II-Innenlagerstandard entwickelt und erm\u00f6glicht damit einen einfachen und schnellen Austausch aller Shimano-Rennradkurbeln.<\/p>\n<p>Wenn du dich f\u00fcr die BCD 110 4-S Variante entscheidest, kannst du deine SHIMANO Dura Ace, Ultegra oder 105 &#8211; Kettenbl\u00e4tter (4-Arm) weiter nutzen.<\/p>\n<p><b>Lieferumfang:<\/b> Leistungsmesser, Batterie, Batteriekappe, 2D-Farbring, Kurbelsatz mit Kurbelachse, Quickstart-Guide<\/p>\n","protected":false},"excerpt":{"rendered":"<p>Der power2max NGeco Powermeter mit der power2max GranFondo-Kurbel ist der ideale Einstieg in die Leistungsmessung am Rennrad. Unser NGeco ist [&hellip;]<\/p>\n","protected":false},"featured_media":0,"comment_status":"open","ping_status":"closed","template":"","meta":[],"product_brand":[],"product_cat":[369,389],"product_tag":[],"model":[],"class_list":{"0":"post-38963","1":"product","2":"type-product","3":"status-publish","5":"product_cat-12-de","6":"product_cat-power-meter-de","8":"first","9":"instock","10":"taxable","11":"shipping-taxable","12":"purchasable","13":"product-type-simple"},"acf":[],"_links":{"self":[{"href":"https:\/\/www.power2max.com\/de\/wp-json\/wp\/v2\/product\/38963","targetHints":{"allow":["GET"]}}],"collection":[{"href":"https:\/\/www.power2max.com\/de\/wp-json\/wp\/v2\/product"}],"about":[{"href":"https:\/\/www.power2max.com\/de\/wp-json\/wp\/v2\/types\/product"}],"replies":[{"embeddable":true,"href":"https:\/\/www.power2max.com\/de\/wp-json\/wp\/v2\/comments?post=38963"}],"wp:attachment":[{"href":"https:\/\/www.power2max.com\/de\/wp-json\/wp\/v2\/media?parent=38963"}],"wp:term":[{"taxonomy":"product_brand","embeddable":true,"href":"https:\/\/www.power2max.com\/de\/wp-json\/wp\/v2\/product_brand?post=38963"},{"taxonomy":"product_cat","embeddable":true,"href":"https:\/\/www.power2max.com\/de\/wp-json\/wp\/v2\/product_cat?post=38963"},{"taxonomy":"product_tag","embeddable":true,"href":"https:\/\/www.power2max.com\/de\/wp-json\/wp\/v2\/product_tag?post=38963"},{"taxonomy":"model","embeddable":true,"href":"https:\/\/www.power2max.com\/de\/wp-json\/wp\/v2\/model?post=38963"}],"curies":[{"name":"wp","href":"https:\/\/api.w.org\/{rel}","templated":true}]}}