{"id":38960,"date":"2020-09-21T15:09:43","date_gmt":"2020-09-21T15:09:43","guid":{"rendered":"https:\/\/www.power2max.com\/product\/ng-road-power2max-granfondo-set-2\/"},"modified":"2025-10-24T23:30:32","modified_gmt":"2025-10-24T23:30:32","slug":"ng-road-power2max-granfondo-set-2","status":"publish","type":"product","link":"https:\/\/www.power2max.com\/de\/produkt\/ng-road-power2max-granfondo-set-2\/","title":{"rendered":"NG Road power2max GranFondo Set"},"content":{"rendered":"<p>Der power2max NG Powermeter mit der power2max GranFondo-Kurbel ist der ideale Einstieg in die Leistungsmessung am Rennrad. Unser NG ist in der World Tour erprobt und hat viele Profis schon zu zahlreichen Siegen bei den wichtigsten Rennen der Welt gef\u00fchrt. Der NG Powermeter misst nicht nur die Gesamtleistung beider Beine, sondern auch die Trittfrequenz ohne zus\u00e4tzlichen Trittfrequenzsensor.<\/p>\n<p>Die power2max GranFondo-Kurbel ist geschmiedet und wiegt zusammen mit dem Powermeter 724g. Dies macht sie zur ersten Wahl f\u00fcr alle die Wert auf ein ausgezeichnetes Preis-Leistungs-Verh\u00e4ltnis legen oder einen kosteng\u00fcnstigen Einstieg in die komplette Leistungsmessung beider Beine suchen und nicht auf einen der besten Leistungsmesser verzichten wollen. Die 24mm-Achse der GranFondo-Kurbel ist f\u00fcr den Shimano Hollowtech II-Innenlagerstandard entwickelt und erm\u00f6glicht damit einen einfachen und schnellen Austausch aller Shimano-Rennradkurbeln. Wenn du dich f\u00fcr die BCD 110 4-S Variante entscheidest, kannst du deine SHIMANO Dura Ace, Ultegra oder 105 &#8211; Kettenbl\u00e4tter (4-Arm) weiter nutzen.<\/p>\n<p><b>Lieferumfang:<\/b> Leistungsmesser, Silikonabdeckung, Ladekabel, 2D-Farbring, Kurbelsatz mit Kurbelachse, Quickstart-Guide<\/p>\n","protected":false},"excerpt":{"rendered":"<p>Der power2max NG Powermeter mit der power2max GranFondo-Kurbel ist der ideale Einstieg in die Leistungsmessung am Rennrad. Unser NG ist [&hellip;]<\/p>\n","protected":false},"featured_media":0,"comment_status":"open","ping_status":"closed","template":"","meta":[],"product_brand":[],"product_cat":[368,389],"product_tag":[],"model":[552],"class_list":{"0":"post-38960","1":"product","2":"type-product","3":"status-publish","5":"product_cat-11-de","6":"product_cat-power-meter-de","7":"model-shimano","9":"first","10":"instock","11":"taxable","12":"shipping-taxable","13":"purchasable","14":"product-type-simple"},"acf":[],"_links":{"self":[{"href":"https:\/\/www.power2max.com\/de\/wp-json\/wp\/v2\/product\/38960","targetHints":{"allow":["GET"]}}],"collection":[{"href":"https:\/\/www.power2max.com\/de\/wp-json\/wp\/v2\/product"}],"about":[{"href":"https:\/\/www.power2max.com\/de\/wp-json\/wp\/v2\/types\/product"}],"replies":[{"embeddable":true,"href":"https:\/\/www.power2max.com\/de\/wp-json\/wp\/v2\/comments?post=38960"}],"wp:attachment":[{"href":"https:\/\/www.power2max.com\/de\/wp-json\/wp\/v2\/media?parent=38960"}],"wp:term":[{"taxonomy":"product_brand","embeddable":true,"href":"https:\/\/www.power2max.com\/de\/wp-json\/wp\/v2\/product_brand?post=38960"},{"taxonomy":"product_cat","embeddable":true,"href":"https:\/\/www.power2max.com\/de\/wp-json\/wp\/v2\/product_cat?post=38960"},{"taxonomy":"product_tag","embeddable":true,"href":"https:\/\/www.power2max.com\/de\/wp-json\/wp\/v2\/product_tag?post=38960"},{"taxonomy":"model","embeddable":true,"href":"https:\/\/www.power2max.com\/de\/wp-json\/wp\/v2\/model?post=38960"}],"curies":[{"name":"wp","href":"https:\/\/api.w.org\/{rel}","templated":true}]}}