{"id":38411,"date":"2020-09-11T09:20:11","date_gmt":"2020-09-11T09:20:11","guid":{"rendered":"https:\/\/www.power2max.com\/product\/rotor-qx2-mtb-auseres-kettenblatt-mit-bcd-110mm\/"},"modified":"2025-10-27T07:19:27","modified_gmt":"2025-10-27T07:19:27","slug":"rotor-qx2-mtb-auseres-kettenblatt-mit-bcd-110mm","status":"publish","type":"product","link":"https:\/\/www.power2max.com\/de\/produkt\/rotor-qx2-mtb-auseres-kettenblatt-mit-bcd-110mm\/","title":{"rendered":"Rotor QX2 MTB \u00e4u\u00dferes Kettenblatt mit BCD 110mm"},"content":{"rendered":"<p>Das ovale \u00e4u\u00dfere Kettenblatt Rotor QX2 f\u00fcr MTB mit BCD 110mm ist mit 36, 38, 39 oder 40 Z\u00e4hnen erh\u00e4ltlich.<\/p>\n","protected":false},"excerpt":{"rendered":"<p>Das ovale \u00e4u\u00dfere Kettenblatt Rotor QX2 f\u00fcr MTB mit BCD 110mm ist mit 36, 38, 39 oder 40 Z\u00e4hnen erh\u00e4ltlich.<\/p>\n","protected":false},"featured_media":0,"comment_status":"open","ping_status":"closed","template":"","meta":[],"product_cat":[544,361,601],"product_tag":[],"model":[],"acf":[],"_links":{"self":[{"href":"https:\/\/www.power2max.com\/de\/wp-json\/wp\/v2\/product\/38411"}],"collection":[{"href":"https:\/\/www.power2max.com\/de\/wp-json\/wp\/v2\/product"}],"about":[{"href":"https:\/\/www.power2max.com\/de\/wp-json\/wp\/v2\/types\/product"}],"replies":[{"embeddable":true,"href":"https:\/\/www.power2max.com\/de\/wp-json\/wp\/v2\/comments?post=38411"}],"wp:attachment":[{"href":"https:\/\/www.power2max.com\/de\/wp-json\/wp\/v2\/media?parent=38411"}],"wp:term":[{"taxonomy":"product_cat","embeddable":true,"href":"https:\/\/www.power2max.com\/de\/wp-json\/wp\/v2\/product_cat?post=38411"},{"taxonomy":"product_tag","embeddable":true,"href":"https:\/\/www.power2max.com\/de\/wp-json\/wp\/v2\/product_tag?post=38411"},{"taxonomy":"model","embeddable":true,"href":"https:\/\/www.power2max.com\/de\/wp-json\/wp\/v2\/model?post=38411"}],"curies":[{"name":"wp","href":"https:\/\/api.w.org\/{rel}","templated":true}]}}