{"id":38410,"date":"2020-09-11T12:27:03","date_gmt":"2020-09-11T12:27:03","guid":{"rendered":"https:\/\/www.power2max.com\/product\/rotor-qx2-mtb-inneres-kettenblatt-mit-bcd-60mm\/"},"modified":"2026-04-23T11:29:23","modified_gmt":"2026-04-23T11:29:23","slug":"rotor-qx2-mtb-inneres-kettenblatt-mit-bcd-60mm","status":"publish","type":"product","link":"https:\/\/www.power2max.com\/de\/produkt\/rotor-qx2-mtb-inneres-kettenblatt-mit-bcd-60mm\/","title":{"rendered":"Rotor QX2 MTB inneres Kettenblatt mit BCD 60mm"},"content":{"rendered":"<p>Das ovale innere Kettenblatt Rotor QX2 f\u00fcr MTB mit BCD 60mm ist mit 22, 25, 26 oder 27 Z\u00e4hnen erh\u00e4ltlich.<\/p>\n","protected":false},"excerpt":{"rendered":"<p>Das ovale innere Kettenblatt Rotor QX2 f\u00fcr MTB mit BCD 60mm ist mit 22, 25, 26 oder 27 Z\u00e4hnen erh\u00e4ltlich.<\/p>\n","protected":false},"featured_media":0,"comment_status":"open","ping_status":"closed","template":"","meta":[],"product_brand":[],"product_cat":[546,361,601],"product_tag":[],"model":[],"class_list":{"0":"post-38410","1":"product","2":"type-product","3":"status-publish","5":"product_cat-ofertas","6":"product_cat-4-de","7":"product_cat-47-de","9":"first","10":"instock","11":"sale","12":"taxable","13":"shipping-taxable","14":"purchasable","15":"product-type-variable"},"acf":[],"_links":{"self":[{"href":"https:\/\/www.power2max.com\/de\/wp-json\/wp\/v2\/product\/38410","targetHints":{"allow":["GET"]}}],"collection":[{"href":"https:\/\/www.power2max.com\/de\/wp-json\/wp\/v2\/product"}],"about":[{"href":"https:\/\/www.power2max.com\/de\/wp-json\/wp\/v2\/types\/product"}],"replies":[{"embeddable":true,"href":"https:\/\/www.power2max.com\/de\/wp-json\/wp\/v2\/comments?post=38410"}],"wp:attachment":[{"href":"https:\/\/www.power2max.com\/de\/wp-json\/wp\/v2\/media?parent=38410"}],"wp:term":[{"taxonomy":"product_brand","embeddable":true,"href":"https:\/\/www.power2max.com\/de\/wp-json\/wp\/v2\/product_brand?post=38410"},{"taxonomy":"product_cat","embeddable":true,"href":"https:\/\/www.power2max.com\/de\/wp-json\/wp\/v2\/product_cat?post=38410"},{"taxonomy":"product_tag","embeddable":true,"href":"https:\/\/www.power2max.com\/de\/wp-json\/wp\/v2\/product_tag?post=38410"},{"taxonomy":"model","embeddable":true,"href":"https:\/\/www.power2max.com\/de\/wp-json\/wp\/v2\/model?post=38410"}],"curies":[{"name":"wp","href":"https:\/\/api.w.org\/{rel}","templated":true}]}}