{"id":32892,"date":"2020-03-25T11:16:45","date_gmt":"2020-03-25T11:16:45","guid":{"rendered":"https:\/\/www.power2max.com\/product\/powermeter-spider-ngeco\/"},"modified":"2026-04-05T10:59:26","modified_gmt":"2026-04-05T10:59:26","slug":"powermeter-spider-ngeco-6","status":"publish","type":"product","link":"https:\/\/www.power2max.com\/de\/produkt\/powermeter-spider-ngeco-6\/","title":{"rendered":"Powermeter Spider NGeco"},"content":{"rendered":"<p>Der BCD (Lochkreisdurchmesser) bestimmt die Art und die Gr\u00f6\u00dfe der Kettenbl\u00e4tter: 110 = 5-Loch f\u00fcr (50\/34) und (52\/36). BCD 130 = 5-Loch (53\/39 oder gr\u00f6\u00dfer); BCD 110 4-S = f\u00fcr Shimano 4-Loch Kettenbl\u00e4tter.<\/p>\n","protected":false},"excerpt":{"rendered":"<p>Der BCD (Lochkreisdurchmesser) bestimmt die Art und die Gr\u00f6\u00dfe der Kettenbl\u00e4tter: 110 = 5-Loch f\u00fcr (50\/34) und (52\/36). BCD 130 [&hellip;]<\/p>\n","protected":false},"featured_media":0,"comment_status":"open","ping_status":"closed","template":"","meta":[],"product_cat":[369],"product_tag":[],"model":[],"acf":[],"_links":{"self":[{"href":"https:\/\/www.power2max.com\/de\/wp-json\/wp\/v2\/product\/32892"}],"collection":[{"href":"https:\/\/www.power2max.com\/de\/wp-json\/wp\/v2\/product"}],"about":[{"href":"https:\/\/www.power2max.com\/de\/wp-json\/wp\/v2\/types\/product"}],"replies":[{"embeddable":true,"href":"https:\/\/www.power2max.com\/de\/wp-json\/wp\/v2\/comments?post=32892"}],"wp:attachment":[{"href":"https:\/\/www.power2max.com\/de\/wp-json\/wp\/v2\/media?parent=32892"}],"wp:term":[{"taxonomy":"product_cat","embeddable":true,"href":"https:\/\/www.power2max.com\/de\/wp-json\/wp\/v2\/product_cat?post=32892"},{"taxonomy":"product_tag","embeddable":true,"href":"https:\/\/www.power2max.com\/de\/wp-json\/wp\/v2\/product_tag?post=32892"},{"taxonomy":"model","embeddable":true,"href":"https:\/\/www.power2max.com\/de\/wp-json\/wp\/v2\/model?post=32892"}],"curies":[{"name":"wp","href":"https:\/\/api.w.org\/{rel}","templated":true}]}}