{"id":32891,"date":"2020-03-25T11:00:24","date_gmt":"2020-03-25T11:00:24","guid":{"rendered":"https:\/\/www.power2max.com\/product\/ngeco-road-fsa-modular-powermeter-2\/"},"modified":"2025-10-30T10:15:33","modified_gmt":"2025-10-30T10:15:33","slug":"ngeco-road-fsa-modular-powermeter-2","status":"publish","type":"product","link":"https:\/\/www.power2max.com\/de\/produkt\/ngeco-road-fsa-modular-powermeter-2\/","title":{"rendered":"NGeco Road FSA Modular Powermeter"},"content":{"rendered":"<p>Der NGeco Road FSA Modular Powermeter-Spider ist der Powermeter f\u00fcr alle diejenigen, die eine FSA Modular-Kurbel f\u00fcr das Rennrad oder Gravelbike besitzen. <strong>Kompatible Kurbeln sind die K-Force Modular BB386EVO, SL-K Modular BB386EVO, ENERGY Modular BB386EVO und die OMEGA Modular Megaexo.<\/strong> Der FSA Modular Powermeter ist in den Variaten BCD 130 f\u00fcr Kettenbl\u00e4tter der Gr\u00f6\u00dfe 53\/39, BCD 110 f\u00fcr Kettenbl\u00e4tter der Gr\u00f6\u00dfen 52\/36 (semi-kompakt), 50\/34 (kompakt) und 110 4-S (4-Loch-Lochkreis f\u00fcr Shimanokettenbl\u00e4tter) erh\u00e4ltlich.<\/p>\n<p><b>Die beiden Feature Balance (Rechts\/Links Verteilung) und Pedal Smoothness sind bereits aktiviert.<\/b><\/p>\n","protected":false},"excerpt":{"rendered":"<p>Der NGeco Road FSA Modular Powermeter-Spider ist der Powermeter f\u00fcr alle diejenigen, die eine FSA Modular-Kurbel f\u00fcr das Rennrad oder [&hellip;]<\/p>\n","protected":false},"featured_media":0,"comment_status":"open","ping_status":"closed","template":"","meta":[],"product_brand":[],"product_cat":[369,389],"product_tag":[],"model":[156],"class_list":{"0":"post-32891","1":"product","2":"type-product","3":"status-publish","5":"product_cat-12-de","6":"product_cat-power-meter-de","7":"model-fsa","9":"first","10":"instock","11":"taxable","12":"shipping-taxable","13":"purchasable","14":"product-type-simple"},"acf":[],"_links":{"self":[{"href":"https:\/\/www.power2max.com\/de\/wp-json\/wp\/v2\/product\/32891","targetHints":{"allow":["GET"]}}],"collection":[{"href":"https:\/\/www.power2max.com\/de\/wp-json\/wp\/v2\/product"}],"about":[{"href":"https:\/\/www.power2max.com\/de\/wp-json\/wp\/v2\/types\/product"}],"replies":[{"embeddable":true,"href":"https:\/\/www.power2max.com\/de\/wp-json\/wp\/v2\/comments?post=32891"}],"wp:attachment":[{"href":"https:\/\/www.power2max.com\/de\/wp-json\/wp\/v2\/media?parent=32891"}],"wp:term":[{"taxonomy":"product_brand","embeddable":true,"href":"https:\/\/www.power2max.com\/de\/wp-json\/wp\/v2\/product_brand?post=32891"},{"taxonomy":"product_cat","embeddable":true,"href":"https:\/\/www.power2max.com\/de\/wp-json\/wp\/v2\/product_cat?post=32891"},{"taxonomy":"product_tag","embeddable":true,"href":"https:\/\/www.power2max.com\/de\/wp-json\/wp\/v2\/product_tag?post=32891"},{"taxonomy":"model","embeddable":true,"href":"https:\/\/www.power2max.com\/de\/wp-json\/wp\/v2\/model?post=32891"}],"curies":[{"name":"wp","href":"https:\/\/api.w.org\/{rel}","templated":true}]}}