{"id":31659,"date":"2020-02-05T17:54:17","date_gmt":"2020-02-05T18:25:09","guid":{"rendered":"https:\/\/www.power2max.com\/product\/rotor-power2max-edition-kurbelsatz\/"},"modified":"2026-04-28T15:34:02","modified_gmt":"2026-04-28T15:34:02","slug":"rotor-power2max-edition-kurbelsatz","status":"publish","type":"product","link":"https:\/\/www.power2max.com\/de\/produkt\/rotor-power2max-edition-kurbelsatz\/","title":{"rendered":"Rotor power2max-Edition Kurbelsatz"},"content":{"rendered":"<p>Der Rotor power2max-Edition Kurbelsatz besticht neben der hochwertigen Verarbeitung durch eine tolle Optik im exklusiven power2max-Design, bei herausragenden Steifigkeitswerten. Die geschmiedete und hohlgefr\u00e4\u00dfte Aluminiumkurbel ist in den L\u00e4ngen 165, 170, 172,5 und 175cm erh\u00e4ltlich.<\/p>\n","protected":false},"excerpt":{"rendered":"<p>Der Rotor power2max-Edition Kurbelsatz besticht neben der hochwertigen Verarbeitung durch eine tolle Optik im exklusiven power2max-Design, bei herausragenden Steifigkeitswerten. Die [&hellip;]<\/p>\n","protected":false},"featured_media":0,"comment_status":"open","ping_status":"closed","template":"","meta":[],"product_brand":[],"product_cat":[367],"product_tag":[],"model":[],"class_list":{"0":"post-31659","1":"product","2":"type-product","3":"status-publish","5":"product_cat-10-de","7":"first","8":"instock","9":"taxable","10":"shipping-taxable","11":"purchasable","12":"product-type-variable"},"acf":[],"_links":{"self":[{"href":"https:\/\/www.power2max.com\/de\/wp-json\/wp\/v2\/product\/31659","targetHints":{"allow":["GET"]}}],"collection":[{"href":"https:\/\/www.power2max.com\/de\/wp-json\/wp\/v2\/product"}],"about":[{"href":"https:\/\/www.power2max.com\/de\/wp-json\/wp\/v2\/types\/product"}],"replies":[{"embeddable":true,"href":"https:\/\/www.power2max.com\/de\/wp-json\/wp\/v2\/comments?post=31659"}],"wp:attachment":[{"href":"https:\/\/www.power2max.com\/de\/wp-json\/wp\/v2\/media?parent=31659"}],"wp:term":[{"taxonomy":"product_brand","embeddable":true,"href":"https:\/\/www.power2max.com\/de\/wp-json\/wp\/v2\/product_brand?post=31659"},{"taxonomy":"product_cat","embeddable":true,"href":"https:\/\/www.power2max.com\/de\/wp-json\/wp\/v2\/product_cat?post=31659"},{"taxonomy":"product_tag","embeddable":true,"href":"https:\/\/www.power2max.com\/de\/wp-json\/wp\/v2\/product_tag?post=31659"},{"taxonomy":"model","embeddable":true,"href":"https:\/\/www.power2max.com\/de\/wp-json\/wp\/v2\/model?post=31659"}],"curies":[{"name":"wp","href":"https:\/\/api.w.org\/{rel}","templated":true}]}}