{"id":31651,"date":"2020-02-05T17:56:44","date_gmt":"2020-02-05T17:56:44","guid":{"rendered":"https:\/\/www.power2max.com\/product\/ngeco-road-rotor-power2max-edition-set-2\/"},"modified":"2026-04-23T11:25:22","modified_gmt":"2026-04-23T11:25:22","slug":"ngeco-road-rotor-power2max-edition-set-2","status":"publish","type":"product","link":"https:\/\/www.power2max.com\/de\/produkt\/ngeco-road-rotor-power2max-edition-set-2\/","title":{"rendered":"NGeco Road Rotor power2max-Edition Set"},"content":{"rendered":"<p>Das NGeco Road Rotor power2max-Edition Set besteht aus unserem NGeco Powermeter zur gleichzeitigen Messung der Leistung beider Beine und einer neuen Rotor DirectMount-Kurbel im exklusiven power2max-Design.<\/p>\n<p>Die geschmiedete und hohlgefr\u00e4\u00dfte Aluminium-Kurbelgarnitur wiegt zusammen mit dem Powermeter nur 693g und kann durch ihre 24mm Stahl-Achse gegen alle g\u00e4ngigen Shimano-Kurbeln ohne zus\u00e4tzliches Spezialwerkzeug ausgetauscht werden. Das Set wurde nach den W\u00fcnschen unserer Kunden passgenau f\u00fcr den Shimano Hollowtech II-Innenlagerstandard entwickelt und verbindet ein erstklassiges Preis-Leistungsverh\u00e4ltnis mit hoher Steifigkeit.<\/p>\n<p>Wenn du dich f\u00fcr die BCD 110 4-S oder 110 4-SL Variante entscheidest, kannst du deine SHIMANO Dura Ace, Ultegra oder 105 &#8211; Kettenbl\u00e4tter (4-Arm) weiter nutzen. Die 110 4-SL Variante ist au\u00dferdem 30g leichter als die 110 4-S Variante, der Aufpreis betr\u00e4gt 100\u20ac.<\/p>\n<p><b>Lieferumfang:<\/b> Leistungsmesser, Batterie, Batteriekappe, 2D-Farbring, Kurbelsatz mit Kurbelachse, Quickstart-Guide<\/p>\n","protected":false},"excerpt":{"rendered":"<p>Das NGeco Road Rotor power2max-Edition Set besteht aus unserem NGeco Powermeter zur gleichzeitigen Messung der Leistung beider Beine und einer [&hellip;]<\/p>\n","protected":false},"featured_media":0,"comment_status":"open","ping_status":"closed","template":"","meta":[],"product_brand":[],"product_cat":[369,389],"product_tag":[],"model":[],"class_list":{"0":"post-31651","1":"product","2":"type-product","3":"status-publish","5":"product_cat-12-de","6":"product_cat-power-meter-de","8":"first","9":"instock","10":"taxable","11":"shipping-taxable","12":"purchasable","13":"product-type-simple"},"acf":[],"_links":{"self":[{"href":"https:\/\/www.power2max.com\/de\/wp-json\/wp\/v2\/product\/31651","targetHints":{"allow":["GET"]}}],"collection":[{"href":"https:\/\/www.power2max.com\/de\/wp-json\/wp\/v2\/product"}],"about":[{"href":"https:\/\/www.power2max.com\/de\/wp-json\/wp\/v2\/types\/product"}],"replies":[{"embeddable":true,"href":"https:\/\/www.power2max.com\/de\/wp-json\/wp\/v2\/comments?post=31651"}],"wp:attachment":[{"href":"https:\/\/www.power2max.com\/de\/wp-json\/wp\/v2\/media?parent=31651"}],"wp:term":[{"taxonomy":"product_brand","embeddable":true,"href":"https:\/\/www.power2max.com\/de\/wp-json\/wp\/v2\/product_brand?post=31651"},{"taxonomy":"product_cat","embeddable":true,"href":"https:\/\/www.power2max.com\/de\/wp-json\/wp\/v2\/product_cat?post=31651"},{"taxonomy":"product_tag","embeddable":true,"href":"https:\/\/www.power2max.com\/de\/wp-json\/wp\/v2\/product_tag?post=31651"},{"taxonomy":"model","embeddable":true,"href":"https:\/\/www.power2max.com\/de\/wp-json\/wp\/v2\/model?post=31651"}],"curies":[{"name":"wp","href":"https:\/\/api.w.org\/{rel}","templated":true}]}}