{"id":29204,"date":"2019-10-18T08:50:28","date_gmt":"2019-10-18T08:50:28","guid":{"rendered":"https:\/\/www.power2max.com\/product\/ngeco-mtb-rotor-direct-mount-powermeter-2\/"},"modified":"2025-11-03T14:33:48","modified_gmt":"2025-11-03T14:33:48","slug":"ngeco-mtb-rotor-direct-mount-powermeter-2","status":"publish","type":"product","link":"https:\/\/www.power2max.com\/de\/produkt\/ngeco-mtb-rotor-direct-mount-powermeter-2\/","title":{"rendered":"NGeco MTB Rotor Direct Mount Powermeter"},"content":{"rendered":"<p>Der NGeco Rotor Direct Mount Powermeter ist der Powermeter f\u00fcr alle Rotor MTB Direct Mount 1-fach Antriebe. Er ist kompatibel mit den modularen <strong>Rotor Kapic, Kapic Carbon, R-Hawk und R-Raptor MTB-Kurbeln<\/strong> und ersetzt das Direct Mount Kettenblatt. Der Powermeter ist kompatibel mit allen g\u00e4ngigen runden und ovalen Kettenbl\u00e4ttern mit dem Lochkreisdurchmesser (BCD) 104mm ab einer Gr\u00f6\u00dfe von 32 Z\u00e4hnen.<\/p>\n<p><strong>Die beiden Feature Balance und Pedal Smoothness sind bereits aktiviert.<\/strong><\/p>\n","protected":false},"excerpt":{"rendered":"<p>Der NGeco Rotor Direct Mount Powermeter ist der Powermeter f\u00fcr alle Rotor MTB Direct Mount 1-fach Antriebe. Er ist kompatibel [&hellip;]<\/p>\n","protected":false},"featured_media":0,"comment_status":"open","ping_status":"closed","template":"","meta":[],"product_brand":[],"product_cat":[373,389],"product_tag":[],"model":[161],"class_list":{"0":"post-29204","1":"product","2":"type-product","3":"status-publish","5":"product_cat-22-de","6":"product_cat-power-meter-de","7":"model-rotor","9":"first","10":"instock","11":"taxable","12":"shipping-taxable","13":"purchasable","14":"product-type-simple"},"acf":[],"_links":{"self":[{"href":"https:\/\/www.power2max.com\/de\/wp-json\/wp\/v2\/product\/29204","targetHints":{"allow":["GET"]}}],"collection":[{"href":"https:\/\/www.power2max.com\/de\/wp-json\/wp\/v2\/product"}],"about":[{"href":"https:\/\/www.power2max.com\/de\/wp-json\/wp\/v2\/types\/product"}],"replies":[{"embeddable":true,"href":"https:\/\/www.power2max.com\/de\/wp-json\/wp\/v2\/comments?post=29204"}],"wp:attachment":[{"href":"https:\/\/www.power2max.com\/de\/wp-json\/wp\/v2\/media?parent=29204"}],"wp:term":[{"taxonomy":"product_brand","embeddable":true,"href":"https:\/\/www.power2max.com\/de\/wp-json\/wp\/v2\/product_brand?post=29204"},{"taxonomy":"product_cat","embeddable":true,"href":"https:\/\/www.power2max.com\/de\/wp-json\/wp\/v2\/product_cat?post=29204"},{"taxonomy":"product_tag","embeddable":true,"href":"https:\/\/www.power2max.com\/de\/wp-json\/wp\/v2\/product_tag?post=29204"},{"taxonomy":"model","embeddable":true,"href":"https:\/\/www.power2max.com\/de\/wp-json\/wp\/v2\/model?post=29204"}],"curies":[{"name":"wp","href":"https:\/\/api.w.org\/{rel}","templated":true}]}}