{"id":28795,"date":"2019-10-01T13:00:03","date_gmt":"2019-10-01T13:00:03","guid":{"rendered":"https:\/\/www.power2max.com\/product\/ng-mtb-powermeter-rotor-rex3-double-set\/"},"modified":"2025-01-02T23:25:25","modified_gmt":"2025-01-02T23:25:25","slug":"ng-mtb-powermeter-rotor-rex3-double-set","status":"publish","type":"product","link":"https:\/\/www.power2max.com\/de\/produkt\/ng-mtb-powermeter-rotor-rex3-double-set\/","title":{"rendered":"NG MTB Powermeter Rotor REX3 Double-Set"},"content":{"rendered":"<p>Das NG MTB Powermeter Rotor REX3 Double-Set besteht aus unserem NG Powermeter und dem Adapter f\u00fcr die Nutzung von 2fach-Kettenbl\u00e4ttern. Ohne den mitgelieferten Adapter kann das Set auch f\u00fcr 1-fach Antriebe mit der boost-Kettenlinie genutzt werden und ist damit extrem flexibel.<\/p>\n<p>F\u00fcr diesen Powermeter wird eine Rotor REX 3.3 Kurbel ben\u00f6tigt. Mit anderen Kurbeln ist dieser Powermeter nicht kompatibel.<b>Lieferumfang:<\/b> Leistungsmesser, Silikonabdeckung, Ladekabel, 2D-Farbring, Quickstart-Guide, Kettenlinienadapter<\/p>\n","protected":false},"excerpt":{"rendered":"<p>Das NG MTB Powermeter Rotor REX3 Double-Set besteht aus unserem NG Powermeter und dem Adapter f\u00fcr die Nutzung von 2fach-Kettenbl\u00e4ttern. [&hellip;]<\/p>\n","protected":false},"featured_media":0,"comment_status":"open","ping_status":"closed","template":"","meta":[],"product_brand":[],"product_cat":[372,389],"product_tag":[],"model":[],"class_list":{"0":"post-28795","1":"product","2":"type-product","3":"status-publish","5":"product_cat-21-de","6":"product_cat-power-meter-de","8":"first","9":"instock","10":"taxable","11":"shipping-taxable","12":"purchasable","13":"product-type-simple"},"acf":[],"_links":{"self":[{"href":"https:\/\/www.power2max.com\/de\/wp-json\/wp\/v2\/product\/28795","targetHints":{"allow":["GET"]}}],"collection":[{"href":"https:\/\/www.power2max.com\/de\/wp-json\/wp\/v2\/product"}],"about":[{"href":"https:\/\/www.power2max.com\/de\/wp-json\/wp\/v2\/types\/product"}],"replies":[{"embeddable":true,"href":"https:\/\/www.power2max.com\/de\/wp-json\/wp\/v2\/comments?post=28795"}],"wp:attachment":[{"href":"https:\/\/www.power2max.com\/de\/wp-json\/wp\/v2\/media?parent=28795"}],"wp:term":[{"taxonomy":"product_brand","embeddable":true,"href":"https:\/\/www.power2max.com\/de\/wp-json\/wp\/v2\/product_brand?post=28795"},{"taxonomy":"product_cat","embeddable":true,"href":"https:\/\/www.power2max.com\/de\/wp-json\/wp\/v2\/product_cat?post=28795"},{"taxonomy":"product_tag","embeddable":true,"href":"https:\/\/www.power2max.com\/de\/wp-json\/wp\/v2\/product_tag?post=28795"},{"taxonomy":"model","embeddable":true,"href":"https:\/\/www.power2max.com\/de\/wp-json\/wp\/v2\/model?post=28795"}],"curies":[{"name":"wp","href":"https:\/\/api.w.org\/{rel}","templated":true}]}}