{"id":28467,"date":"2019-09-17T11:48:58","date_gmt":"2019-09-17T11:48:58","guid":{"rendered":"https:\/\/www.power2max.com\/product\/ngeco-road-t-a-powermeter\/"},"modified":"2026-04-23T11:25:30","modified_gmt":"2026-04-23T11:25:30","slug":"ngeco-road-t-a-powermeter","status":"publish","type":"product","link":"https:\/\/www.power2max.com\/de\/produkt\/ngeco-road-t-a-powermeter\/","title":{"rendered":"NGeco Road T.A. Powermeter"},"content":{"rendered":"<p>Der NGeco Road T.A. Powermeter-Spider ist der Powermeter f\u00fcr den  <a href=\"https:\/\/specialites-ta.com\/paire-de-manivelles\/262-924-paire-de-manivelles-specialites-ta-horizon-noir-phantom-sans-etoile.html#\/93,longeur-de-manivelles,1725mm\">Sp\u00e9cialit\u00e9s TA Horizon Kurbelsatz<\/a>. Der leichte und steife Aluminiumkurbelsatz wurde speziell f\u00fcr den Einsatz eines power2max Powermeters entwickelt und ist sowohl mit dem 110mm als auch dem 130mm Lochkreis kompatibel.<\/p>\n<p><b>Lieferumfang:<\/b> Leistungsmesser, Batterie, Batteriekappe, 2D-Farbring, Quickstart-Guide<\/p>\n","protected":false},"excerpt":{"rendered":"<p>Der NGeco Road T.A. Powermeter-Spider ist der Powermeter f\u00fcr den Sp\u00e9cialit\u00e9s TA Horizon Kurbelsatz. Der leichte und steife Aluminiumkurbelsatz wurde [&hellip;]<\/p>\n","protected":false},"featured_media":0,"comment_status":"open","ping_status":"closed","template":"","meta":[],"product_brand":[],"product_cat":[369,389],"product_tag":[],"model":[],"class_list":{"0":"post-28467","1":"product","2":"type-product","3":"status-publish","5":"product_cat-12-de","6":"product_cat-power-meter-de","8":"first","9":"instock","10":"taxable","11":"shipping-taxable","12":"purchasable","13":"product-type-simple"},"acf":[],"_links":{"self":[{"href":"https:\/\/www.power2max.com\/de\/wp-json\/wp\/v2\/product\/28467","targetHints":{"allow":["GET"]}}],"collection":[{"href":"https:\/\/www.power2max.com\/de\/wp-json\/wp\/v2\/product"}],"about":[{"href":"https:\/\/www.power2max.com\/de\/wp-json\/wp\/v2\/types\/product"}],"replies":[{"embeddable":true,"href":"https:\/\/www.power2max.com\/de\/wp-json\/wp\/v2\/comments?post=28467"}],"wp:attachment":[{"href":"https:\/\/www.power2max.com\/de\/wp-json\/wp\/v2\/media?parent=28467"}],"wp:term":[{"taxonomy":"product_brand","embeddable":true,"href":"https:\/\/www.power2max.com\/de\/wp-json\/wp\/v2\/product_brand?post=28467"},{"taxonomy":"product_cat","embeddable":true,"href":"https:\/\/www.power2max.com\/de\/wp-json\/wp\/v2\/product_cat?post=28467"},{"taxonomy":"product_tag","embeddable":true,"href":"https:\/\/www.power2max.com\/de\/wp-json\/wp\/v2\/product_tag?post=28467"},{"taxonomy":"model","embeddable":true,"href":"https:\/\/www.power2max.com\/de\/wp-json\/wp\/v2\/model?post=28467"}],"curies":[{"name":"wp","href":"https:\/\/api.w.org\/{rel}","templated":true}]}}