{"id":26320,"date":"2019-06-21T12:56:26","date_gmt":"2019-06-21T12:56:26","guid":{"rendered":"https:\/\/www.power2max.com\/product\/ngeco-mtb-shimano-powermeter\/"},"modified":"2025-11-03T15:04:15","modified_gmt":"2025-11-03T15:04:15","slug":"ngeco-mtb-shimano-powermeter","status":"publish","type":"product","link":"https:\/\/www.power2max.com\/de\/produkt\/ngeco-mtb-shimano-powermeter\/","title":{"rendered":"NGeco MTB Shimano Powermeter"},"content":{"rendered":"<p>Der NGeco MTB Shimano Powermeter ist der Powermeter f\u00fcr alle diejenigen, die einen Shimano MTB Direct Mount Kurbelsatz (ab 2019) als 1-fach Variante nutzen. Kompatibel sind z.B. die <strong>M9100, Mt900, M8100, M7100, M6100<\/strong>-Serien. Dieser Powermeter ist sowohl mit der Boost- als auch mit der Standard-Kettenlinie kompatibel.\u00a0Wir empfehlen die Verwendung eines Shimano 12-fach kompatiblen Kettenblatts mit BCD 104, wie z.B. das WolfTooth Kettenblatt f\u00fcr Shimano, das bei vielen H\u00e4ndlern erh\u00e4ltlich ist. Au\u00dferdem werden neuen Kettenblattschrauben ben\u00f6tigt.<\/p>\n<p><strong>Die Funktionen \u201eBalance\u201c und \u201ePedal Smoothness\u201c sind bereits aktiviert.<\/strong><\/p>\n","protected":false},"excerpt":{"rendered":"<p>Der NGeco MTB Shimano Powermeter ist der Powermeter f\u00fcr alle diejenigen, die einen Shimano MTB Direct Mount Kurbelsatz (ab 2019) [&hellip;]<\/p>\n","protected":false},"featured_media":0,"comment_status":"open","ping_status":"closed","template":"","meta":[],"product_brand":[],"product_cat":[373,389],"product_tag":[],"model":[552],"class_list":{"0":"post-26320","1":"product","2":"type-product","3":"status-publish","5":"product_cat-22-de","6":"product_cat-power-meter-de","7":"model-shimano","9":"first","10":"instock","11":"taxable","12":"shipping-taxable","13":"purchasable","14":"product-type-simple"},"acf":[],"_links":{"self":[{"href":"https:\/\/www.power2max.com\/de\/wp-json\/wp\/v2\/product\/26320","targetHints":{"allow":["GET"]}}],"collection":[{"href":"https:\/\/www.power2max.com\/de\/wp-json\/wp\/v2\/product"}],"about":[{"href":"https:\/\/www.power2max.com\/de\/wp-json\/wp\/v2\/types\/product"}],"replies":[{"embeddable":true,"href":"https:\/\/www.power2max.com\/de\/wp-json\/wp\/v2\/comments?post=26320"}],"wp:attachment":[{"href":"https:\/\/www.power2max.com\/de\/wp-json\/wp\/v2\/media?parent=26320"}],"wp:term":[{"taxonomy":"product_brand","embeddable":true,"href":"https:\/\/www.power2max.com\/de\/wp-json\/wp\/v2\/product_brand?post=26320"},{"taxonomy":"product_cat","embeddable":true,"href":"https:\/\/www.power2max.com\/de\/wp-json\/wp\/v2\/product_cat?post=26320"},{"taxonomy":"product_tag","embeddable":true,"href":"https:\/\/www.power2max.com\/de\/wp-json\/wp\/v2\/product_tag?post=26320"},{"taxonomy":"model","embeddable":true,"href":"https:\/\/www.power2max.com\/de\/wp-json\/wp\/v2\/model?post=26320"}],"curies":[{"name":"wp","href":"https:\/\/api.w.org\/{rel}","templated":true}]}}