{"id":23113,"date":"2019-03-11T14:18:38","date_gmt":"2019-03-11T14:18:38","guid":{"rendered":"https:\/\/www.power2max.com\/product\/ngeco-road-campagnolo-mit-kurbelsatz\/"},"modified":"2026-04-23T11:25:36","modified_gmt":"2026-04-23T11:25:36","slug":"ngeco-road-campagnolo-mit-kurbelsatz-2","status":"publish","type":"product","link":"https:\/\/www.power2max.com\/de\/produkt\/ngeco-road-campagnolo-mit-kurbelsatz-2\/","title":{"rendered":"NGeco Road Campagnolo 12 Speed mit Kurbelsatz"},"content":{"rendered":"<p>Du f\u00e4hrst eine Campagnolo 2&#215;12 oder 2&#215;11 Gruppe an deinem Rad und m\u00f6chtest dein Training mit Watt steuern? Dann ist der NGeco Campagnolo Powermeter mit der Campagnolo Powermeter-Carbonkurbel die richtige Wahl f\u00fcr dich.<br \/>\nKannst du deine herk\u00f6mmliche Campagnolo Kurbel nicht einfach mit dem NGeco Powermeter kombinieren? Nein, das geht nicht. Du brauchst die speziellen Powermeter-Kurbelarme ohne integrierten Kurbelspider.<br \/>\nW\u00e4hle hier deine Kurbell\u00e4nge (170mm oder 172,5mm oder 175mm) und das NGeco Farbdekor aus und bringe dein Training mit dem NGeco Campagnolo auf ein neues Level.<\/p>\n<p>Bitte beachten: 2&#215;11 und 2&#215;12 nutzen jeweils spezifische Kettenbl\u00e4tter. Stelle sicher, dass du die korrekten Kettenbl\u00e4tter f\u00fcr deine Schaltung nutzt.<\/p>\n<p><b>Lieferumfang:<\/b> Leistungsmesser, Batterie, Batteriekappe, 2D-Farbring, Kurbelsatz mit Kurbelachse, Quickstart-Guide<\/p>\n","protected":false},"excerpt":{"rendered":"<p>Du f\u00e4hrst eine Campagnolo 2&#215;12 oder 2&#215;11 Gruppe an deinem Rad und m\u00f6chtest dein Training mit Watt steuern? Dann ist [&hellip;]<\/p>\n","protected":false},"featured_media":0,"comment_status":"open","ping_status":"closed","template":"","meta":[],"product_brand":[],"product_cat":[369,389],"product_tag":[],"model":[],"class_list":{"0":"post-23113","1":"product","2":"type-product","3":"status-publish","5":"product_cat-12-de","6":"product_cat-power-meter-de","8":"first","9":"instock","10":"taxable","11":"shipping-taxable","12":"purchasable","13":"product-type-simple"},"acf":[],"_links":{"self":[{"href":"https:\/\/www.power2max.com\/de\/wp-json\/wp\/v2\/product\/23113","targetHints":{"allow":["GET"]}}],"collection":[{"href":"https:\/\/www.power2max.com\/de\/wp-json\/wp\/v2\/product"}],"about":[{"href":"https:\/\/www.power2max.com\/de\/wp-json\/wp\/v2\/types\/product"}],"replies":[{"embeddable":true,"href":"https:\/\/www.power2max.com\/de\/wp-json\/wp\/v2\/comments?post=23113"}],"wp:attachment":[{"href":"https:\/\/www.power2max.com\/de\/wp-json\/wp\/v2\/media?parent=23113"}],"wp:term":[{"taxonomy":"product_brand","embeddable":true,"href":"https:\/\/www.power2max.com\/de\/wp-json\/wp\/v2\/product_brand?post=23113"},{"taxonomy":"product_cat","embeddable":true,"href":"https:\/\/www.power2max.com\/de\/wp-json\/wp\/v2\/product_cat?post=23113"},{"taxonomy":"product_tag","embeddable":true,"href":"https:\/\/www.power2max.com\/de\/wp-json\/wp\/v2\/product_tag?post=23113"},{"taxonomy":"model","embeddable":true,"href":"https:\/\/www.power2max.com\/de\/wp-json\/wp\/v2\/model?post=23113"}],"curies":[{"name":"wp","href":"https:\/\/api.w.org\/{rel}","templated":true}]}}